{"id":1243,"date":"2025-11-09T22:43:35","date_gmt":"2025-11-09T22:43:35","guid":{"rendered":"https:\/\/www.tamtu.com.pl\/?page_id=1243"},"modified":"2026-01-14T11:41:24","modified_gmt":"2026-01-14T11:41:24","slug":"tamtu-edu-szkoly-i-edukacja-nowoczesne-lekcje-i-integracja-integracja-klas-nauka-przez-zabawe-nowoczesne-technologie-w-edukacji","status":"publish","type":"page","link":"https:\/\/www.tamtu.com.pl\/index.php\/tamtu-edu-szkoly-i-edukacja-nowoczesne-lekcje-i-integracja-integracja-klas-nauka-przez-zabawe-nowoczesne-technologie-w-edukacji\/","title":{"rendered":"TamTu EDU Szko\u0142y i edukacja"},"content":{"rendered":"<style>.kb-row-layout-id1243_ada376-ff > .kt-row-column-wrap{align-content:start;}:where(.kb-row-layout-id1243_ada376-ff > .kt-row-column-wrap) > .wp-block-kadence-column{justify-content:start;}.kb-row-layout-id1243_ada376-ff > .kt-row-column-wrap{column-gap:var(--global-kb-gap-md, 2rem);row-gap:var(--global-kb-gap-md, 2rem);padding-top:var(--global-kb-spacing-sm, 1.5rem);padding-bottom:var(--global-kb-spacing-sm, 1.5rem);grid-template-columns:minmax(0, 1fr);}.kb-row-layout-id1243_ada376-ff > .kt-row-layout-overlay{opacity:0.30;}@media all and (max-width: 1024px){.kb-row-layout-id1243_ada376-ff > .kt-row-column-wrap{grid-template-columns:minmax(0, 1fr);}}@media all and (max-width: 767px){.kb-row-layout-id1243_ada376-ff > .kt-row-column-wrap{grid-template-columns:minmax(0, 1fr);}}<\/style><div class=\"kb-row-layout-wrap kb-row-layout-id1243_ada376-ff alignfull wp-block-kadence-rowlayout\"><div class=\"kt-row-column-wrap kt-has-1-columns kt-row-layout-equal kt-tab-layout-inherit kt-mobile-layout-row kt-row-valign-top\">\n<style>.kadence-column1243_e9a7e8-b2 > .kt-inside-inner-col,.kadence-column1243_e9a7e8-b2 > .kt-inside-inner-col:before{border-top-left-radius:0px;border-top-right-radius:0px;border-bottom-right-radius:0px;border-bottom-left-radius:0px;}.kadence-column1243_e9a7e8-b2 > .kt-inside-inner-col{column-gap:var(--global-kb-gap-sm, 1rem);}.kadence-column1243_e9a7e8-b2 > .kt-inside-inner-col{flex-direction:column;}.kadence-column1243_e9a7e8-b2 > .kt-inside-inner-col > .aligncenter{width:100%;}.kadence-column1243_e9a7e8-b2 > .kt-inside-inner-col{background-image:linear-gradient(0deg,rgb(0,85,121) 0%,rgb(9,180,172) 100%);}.kadence-column1243_e9a7e8-b2 > .kt-inside-inner-col:before{opacity:0.3;}.kadence-column1243_e9a7e8-b2{position:relative;}@media all and (max-width: 1024px){.kadence-column1243_e9a7e8-b2 > .kt-inside-inner-col{flex-direction:column;justify-content:center;}}@media all and (max-width: 767px){.kadence-column1243_e9a7e8-b2 > .kt-inside-inner-col{flex-direction:column;justify-content:center;}}<\/style>\n<div class=\"wp-block-kadence-column kadence-column1243_e9a7e8-b2\"><div class=\"kt-inside-inner-col\">\n<div class=\"wp-block-group is-content-justification-center is-nowrap is-layout-flex wp-container-core-group-is-layout-94bc23d7 wp-block-group-is-layout-flex\">\n<figure class=\"wp-block-image size-full\"><img loading=\"lazy\" decoding=\"async\" width=\"500\" height=\"500\" src=\"https:\/\/www.tamtu.com.pl\/wp-content\/uploads\/2025\/11\/szkoly-i-placowki-edukacyjne-2.png\" alt=\"\" class=\"wp-image-1302\" srcset=\"https:\/\/www.tamtu.com.pl\/wp-content\/uploads\/2025\/11\/szkoly-i-placowki-edukacyjne-2.png 500w, https:\/\/www.tamtu.com.pl\/wp-content\/uploads\/2025\/11\/szkoly-i-placowki-edukacyjne-2-300x300.png 300w, https:\/\/www.tamtu.com.pl\/wp-content\/uploads\/2025\/11\/szkoly-i-placowki-edukacyjne-2-150x150.png 150w\" sizes=\"auto, (max-width: 500px) 100vw, 500px\" \/><\/figure>\n\n\n\n<p class=\"has-theme-palette-8-color has-text-color has-link-color has-larger-font-size wp-elements-0e2c055c886c5813aa93c63be16e016d\"><strong>Szko\u0142y i edukacja \u2013 nowoczesne lekcje i integracja<\/strong><\/p>\n<\/div>\n<\/div><\/div>\n\n<\/div><\/div>\n\n<style>.wp-block-kadence-advancedheading.kt-adv-heading1243_211ba9-04, .wp-block-kadence-advancedheading.kt-adv-heading1243_211ba9-04[data-kb-block=\"kb-adv-heading1243_211ba9-04\"]{font-size:var(--global-kb-font-size-md, 1.25rem);font-style:normal;}.wp-block-kadence-advancedheading.kt-adv-heading1243_211ba9-04 mark.kt-highlight, .wp-block-kadence-advancedheading.kt-adv-heading1243_211ba9-04[data-kb-block=\"kb-adv-heading1243_211ba9-04\"] mark.kt-highlight{font-style:normal;color:#f76a0c;-webkit-box-decoration-break:clone;box-decoration-break:clone;padding-top:0px;padding-right:0px;padding-bottom:0px;padding-left:0px;}.wp-block-kadence-advancedheading.kt-adv-heading1243_211ba9-04 img.kb-inline-image, .wp-block-kadence-advancedheading.kt-adv-heading1243_211ba9-04[data-kb-block=\"kb-adv-heading1243_211ba9-04\"] img.kb-inline-image{width:150px;vertical-align:baseline;}<\/style>\n<p class=\"kt-adv-heading1243_211ba9-04 wp-block-kadence-advancedheading has-theme-palette-3-color has-text-color has-theme-palette-7-background-color has-background\" data-kb-block=\"kb-adv-heading1243_211ba9-04\">Masz wra\u017cenie, \u017ce uczniowie coraz trudniej si\u0119 skupiaj\u0105?<br>Szukasz sposobu, by lekcje by\u0142y bardziej interaktywne i ciekawe?<br>Masz do\u015b\u0107 powtarzalnych zaj\u0119\u0107 i chcesz zaskoczy\u0107 klas\u0119 czym\u015b nowym?<br>Zastanawiasz si\u0119, jak wykorzysta\u0107 technologi\u0119 w edukacji, \u017ceby naprawd\u0119 uczy\u0142a?<br>Chcesz integrowa\u0107 uczni\u00f3w poza klas\u0105, ale brakuje Ci narz\u0119dzi i czasu na planowanie?<\/p>\n\n\n\n<h2 class=\"wp-block-heading\">TamTu pomo\u017ce Ci:<\/h2>\n\n\n<style>.wp-block-kadence-iconlist.kt-svg-icon-list-items1243_15533a-5f:not(.this-stops-third-party-issues){margin-top:0px;margin-bottom:0px;}.wp-block-kadence-iconlist.kt-svg-icon-list-items1243_15533a-5f ul.kt-svg-icon-list:not(.this-prevents-issues):not(.this-stops-third-party-issues):not(.tijsloc){margin-top:0px;margin-right:0px;margin-bottom:var(--global-kb-spacing-sm, 1.5rem);margin-left:0px;}.wp-block-kadence-iconlist.kt-svg-icon-list-items1243_15533a-5f ul.kt-svg-icon-list{grid-row-gap:5px;}.wp-block-kadence-iconlist.kt-svg-icon-list-items1243_15533a-5f ul.kt-svg-icon-list .kt-svg-icon-list-item-wrap .kt-svg-icon-list-single{margin-right:10px;}.kt-svg-icon-list-items1243_15533a-5f ul.kt-svg-icon-list .kt-svg-icon-list-level-0 .kt-svg-icon-list-single svg{font-size:20px;}<\/style>\n<div class=\"wp-block-kadence-iconlist kt-svg-icon-list-items kt-svg-icon-list-items1243_15533a-5f kt-svg-icon-list-columns-1 alignnone\"><ul class=\"kt-svg-icon-list\"><style>.kt-svg-icon-list-item-1243_aef851-7f .kt-svg-icon-list-text mark.kt-highlight{background-color:unset;font-style:normal;color:#f76a0c;-webkit-box-decoration-break:clone;box-decoration-break:clone;padding-top:0px;padding-right:0px;padding-bottom:0px;padding-left:0px;}<\/style>\n<li class=\"wp-block-kadence-listitem kt-svg-icon-list-item-wrap kt-svg-icon-list-item-1243_aef851-7f\"><span class=\"kb-svg-icon-wrap kb-svg-icon-fe_checkCircle kt-svg-icon-list-single\"><svg viewBox=\"0 0 24 24\"  fill=\"none\" stroke=\"currentColor\" stroke-width=\"2\" stroke-linecap=\"round\" stroke-linejoin=\"round\" xmlns=\"http:\/\/www.w3.org\/2000\/svg\"  aria-hidden=\"true\"><path d=\"M22 11.08V12a10 10 0 1 1-5.93-9.14\"\/><polyline points=\"22 4 12 14.01 9 11.01\"\/><\/svg><\/span><span class=\"kt-svg-icon-list-text\"><mark style=\"background-color:rgba(0, 0, 0, 0)\" class=\"has-inline-color has-theme-palette-3-color\"><strong>przenie\u015b\u0107 lekcje na \u015bwie\u017ce powietrze<\/strong><br>\u2013 lekcje w terenie + gra + rywalizacja + zgodno\u015b\u0107 z podstaw\u0105 programow\u0105<\/mark><\/span><\/li>\n\n\n<style>.kt-svg-icon-list-item-1243_856d21-93 .kt-svg-icon-list-text mark.kt-highlight{background-color:unset;font-style:normal;color:#f76a0c;-webkit-box-decoration-break:clone;box-decoration-break:clone;padding-top:0px;padding-right:0px;padding-bottom:0px;padding-left:0px;}<\/style>\n<li class=\"wp-block-kadence-listitem kt-svg-icon-list-item-wrap kt-svg-icon-list-item-1243_856d21-93\"><span class=\"kb-svg-icon-wrap kb-svg-icon-fe_checkCircle kt-svg-icon-list-single\"><svg viewBox=\"0 0 24 24\"  fill=\"none\" stroke=\"currentColor\" stroke-width=\"2\" stroke-linecap=\"round\" stroke-linejoin=\"round\" xmlns=\"http:\/\/www.w3.org\/2000\/svg\"  aria-hidden=\"true\"><path d=\"M22 11.08V12a10 10 0 1 1-5.93-9.14\"\/><polyline points=\"22 4 12 14.01 9 11.01\"\/><\/svg><\/span><span class=\"kt-svg-icon-list-text\"><mark style=\"background-color:rgba(0, 0, 0, 0)\" class=\"has-inline-color has-theme-palette-3-color\"><strong>\u0142\u0105czy\u0107 wiedz\u0119 z zabaw\u0105, praktyk\u0105 i rywalizacj\u0105<\/strong><br>\u2013 nauka przez zabaw\u0119, zwi\u0119kszenie motywacji do nauki<\/mark><\/span><\/li>\n\n\n<style>.kt-svg-icon-list-item-1243_25af54-48 .kt-svg-icon-list-text mark.kt-highlight{background-color:unset;font-style:normal;color:#f76a0c;-webkit-box-decoration-break:clone;box-decoration-break:clone;padding-top:0px;padding-right:0px;padding-bottom:0px;padding-left:0px;}<\/style>\n<li class=\"wp-block-kadence-listitem kt-svg-icon-list-item-wrap kt-svg-icon-list-item-1243_25af54-48\"><span class=\"kb-svg-icon-wrap kb-svg-icon-fe_checkCircle kt-svg-icon-list-single\"><svg viewBox=\"0 0 24 24\"  fill=\"none\" stroke=\"currentColor\" stroke-width=\"2\" stroke-linecap=\"round\" stroke-linejoin=\"round\" xmlns=\"http:\/\/www.w3.org\/2000\/svg\"  aria-hidden=\"true\"><path d=\"M22 11.08V12a10 10 0 1 1-5.93-9.14\"\/><polyline points=\"22 4 12 14.01 9 11.01\"\/><\/svg><\/span><span class=\"kt-svg-icon-list-text\"><mark style=\"background-color:rgba(0, 0, 0, 0)\" class=\"has-inline-color has-theme-palette-3-color\"><strong>integrowa\u0107 klasy i grupy<\/strong><br>\u2013 wsp\u00f3\u0142praca, komunikacja, my\u015blenie strategiczne, nowe relacje<\/mark><\/span><\/li>\n\n\n<style>.kt-svg-icon-list-item-1243_a8647d-0b .kt-svg-icon-list-text mark.kt-highlight{background-color:unset;font-style:normal;color:#f76a0c;-webkit-box-decoration-break:clone;box-decoration-break:clone;padding-top:0px;padding-right:0px;padding-bottom:0px;padding-left:0px;}<\/style>\n<li class=\"wp-block-kadence-listitem kt-svg-icon-list-item-wrap kt-svg-icon-list-item-1243_a8647d-0b\"><span class=\"kb-svg-icon-wrap kb-svg-icon-fe_checkCircle kt-svg-icon-list-single\"><svg viewBox=\"0 0 24 24\"  fill=\"none\" stroke=\"currentColor\" stroke-width=\"2\" stroke-linecap=\"round\" stroke-linejoin=\"round\" xmlns=\"http:\/\/www.w3.org\/2000\/svg\"  aria-hidden=\"true\"><path d=\"M22 11.08V12a10 10 0 1 1-5.93-9.14\"\/><polyline points=\"22 4 12 14.01 9 11.01\"\/><\/svg><\/span><span class=\"kt-svg-icon-list-text\"><mark style=\"background-color:rgba(0, 0, 0, 0)\" class=\"has-inline-color has-theme-palette-3-color\"><strong>wprowadza\u0107 grywalizacj\u0119<\/strong><br>\u2013 mo\u017cliwo\u015b\u0107 rozgrywek klasowych oraz mi\u0119dzyszkolnych<\/mark><\/span><\/li>\n\n\n<style>.kt-svg-icon-list-item-1243_aea6f8-9e .kt-svg-icon-list-text mark.kt-highlight{background-color:unset;font-style:normal;color:#f76a0c;-webkit-box-decoration-break:clone;box-decoration-break:clone;padding-top:0px;padding-right:0px;padding-bottom:0px;padding-left:0px;}<\/style>\n<li class=\"wp-block-kadence-listitem kt-svg-icon-list-item-wrap kt-svg-icon-list-item-1243_aea6f8-9e\"><span class=\"kb-svg-icon-wrap kb-svg-icon-fe_checkCircle kt-svg-icon-list-single\"><svg viewBox=\"0 0 24 24\"  fill=\"none\" stroke=\"currentColor\" stroke-width=\"2\" stroke-linecap=\"round\" stroke-linejoin=\"round\" xmlns=\"http:\/\/www.w3.org\/2000\/svg\"  aria-hidden=\"true\"><path d=\"M22 11.08V12a10 10 0 1 1-5.93-9.14\"\/><polyline points=\"22 4 12 14.01 9 11.01\"\/><\/svg><\/span><span class=\"kt-svg-icon-list-text\"><mark style=\"background-color:rgba(0, 0, 0, 0)\" class=\"has-inline-color has-theme-palette-3-color\"><strong>wykorzystywa\u0107 m\u0105drze nowoczesne technologie w edukacji<\/strong><br>\u2013 aplikacja, interaktywne scenariusze, wysoki poziom zaanga\u017cowania<\/mark><\/span><\/li>\n\n\n<style>.kt-svg-icon-list-item-1243_e6a2a5-b8 .kt-svg-icon-list-text mark.kt-highlight{background-color:unset;font-style:normal;color:#f76a0c;-webkit-box-decoration-break:clone;box-decoration-break:clone;padding-top:0px;padding-right:0px;padding-bottom:0px;padding-left:0px;}<\/style>\n<li class=\"wp-block-kadence-listitem kt-svg-icon-list-item-wrap kt-svg-icon-list-item-1243_e6a2a5-b8\"><span class=\"kb-svg-icon-wrap kb-svg-icon-fe_checkCircle kt-svg-icon-list-single\"><svg viewBox=\"0 0 24 24\"  fill=\"none\" stroke=\"currentColor\" stroke-width=\"2\" stroke-linecap=\"round\" stroke-linejoin=\"round\" xmlns=\"http:\/\/www.w3.org\/2000\/svg\"  aria-hidden=\"true\"><path d=\"M22 11.08V12a10 10 0 1 1-5.93-9.14\"\/><polyline points=\"22 4 12 14.01 9 11.01\"\/><\/svg><\/span><span class=\"kt-svg-icon-list-text\"><mark style=\"background-color:rgba(0, 0, 0, 0)\" class=\"has-inline-color has-theme-palette-3-color\"><strong>wspiera\u0107 neurodydaktyk\u0119<\/strong><br>\u2013 nauka przez dzia\u0142anie, emocje i do\u015bwiadczenie, pe\u0142na kontrola nad grup\u0105<\/mark><\/span><\/li>\n<\/ul><\/div>\n\n\n\n<h2 class=\"wp-block-heading\">A Ty?<\/h2>\n\n\n<style>.wp-block-kadence-iconlist.kt-svg-icon-list-items1243_d75c09-83:not(.this-stops-third-party-issues){margin-top:0px;margin-bottom:0px;}.wp-block-kadence-iconlist.kt-svg-icon-list-items1243_d75c09-83 ul.kt-svg-icon-list:not(.this-prevents-issues):not(.this-stops-third-party-issues):not(.tijsloc){margin-top:0px;margin-right:0px;margin-bottom:var(--global-kb-spacing-sm, 1.5rem);margin-left:0px;}.wp-block-kadence-iconlist.kt-svg-icon-list-items1243_d75c09-83 ul.kt-svg-icon-list{grid-row-gap:5px;}.wp-block-kadence-iconlist.kt-svg-icon-list-items1243_d75c09-83 ul.kt-svg-icon-list .kt-svg-icon-list-item-wrap .kt-svg-icon-list-single{margin-right:10px;}.kt-svg-icon-list-items1243_d75c09-83 ul.kt-svg-icon-list .kt-svg-icon-list-level-0 .kt-svg-icon-list-single svg{font-size:20px;}<\/style>\n<div class=\"wp-block-kadence-iconlist kt-svg-icon-list-items kt-svg-icon-list-items1243_d75c09-83 kt-svg-icon-list-columns-1 alignnone\"><ul class=\"kt-svg-icon-list\"><style>.kt-svg-icon-list-item-1243_499b6c-1b .kt-svg-icon-list-text mark.kt-highlight{background-color:unset;font-style:normal;color:#f76a0c;-webkit-box-decoration-break:clone;box-decoration-break:clone;padding-top:0px;padding-right:0px;padding-bottom:0px;padding-left:0px;}<\/style>\n<li class=\"wp-block-kadence-listitem kt-svg-icon-list-item-wrap kt-svg-icon-list-item-1243_499b6c-1b\"><span class=\"kb-svg-icon-wrap kb-svg-icon-fe_checkCircle kt-svg-icon-list-single\"><svg viewBox=\"0 0 24 24\"  fill=\"none\" stroke=\"currentColor\" stroke-width=\"2\" stroke-linecap=\"round\" stroke-linejoin=\"round\" xmlns=\"http:\/\/www.w3.org\/2000\/svg\"  aria-hidden=\"true\"><path d=\"M22 11.08V12a10 10 0 1 1-5.93-9.14\"\/><polyline points=\"22 4 12 14.01 9 11.01\"\/><\/svg><\/span><span class=\"kt-svg-icon-list-text\"><mark style=\"background-color:rgba(0, 0, 0, 0)\" class=\"has-inline-color has-theme-palette-3-color\"><strong>zyskasz wygodne narz\u0119dzie pracy i oszcz\u0119dzisz sw\u00f3j cenny czas<\/strong><\/mark><br><mark style=\"background-color:rgba(0, 0, 0, 0)\" class=\"has-inline-color has-theme-palette-3-color\">\u2013 prosta do obs\u0142ugi aplikacja oraz gotowe do u\u017cycia scenariusze, bez konieczno\u015bci d\u0142ugiego planowania i analizowania. Mo\u017cesz te\u017c tworzy\u0107 samodzielnie lub z uczniami w\u0142asne, niepowtarzalne gry edukacyjne.<\/mark><\/span><\/li>\n\n\n<style>.kt-svg-icon-list-item-1243_feebeb-b7 .kt-svg-icon-list-text mark.kt-highlight{background-color:unset;font-style:normal;color:#f76a0c;-webkit-box-decoration-break:clone;box-decoration-break:clone;padding-top:0px;padding-right:0px;padding-bottom:0px;padding-left:0px;}<\/style>\n<li class=\"wp-block-kadence-listitem kt-svg-icon-list-item-wrap kt-svg-icon-list-item-1243_feebeb-b7\"><span class=\"kb-svg-icon-wrap kb-svg-icon-fe_checkCircle kt-svg-icon-list-single\"><svg viewBox=\"0 0 24 24\"  fill=\"none\" stroke=\"currentColor\" stroke-width=\"2\" stroke-linecap=\"round\" stroke-linejoin=\"round\" xmlns=\"http:\/\/www.w3.org\/2000\/svg\"  aria-hidden=\"true\"><path d=\"M22 11.08V12a10 10 0 1 1-5.93-9.14\"\/><polyline points=\"22 4 12 14.01 9 11.01\"\/><\/svg><\/span><span class=\"kt-svg-icon-list-text\"><mark style=\"background-color:rgba(0, 0, 0, 0)\" class=\"has-inline-color has-theme-palette-3-color\"><strong>TamTu to nowoczesna edukacja, kt\u00f3ra nie nudzi a inspiruje.<\/strong><\/mark><\/span><\/li>\n<\/ul><\/div>\n\n\n\n<p class=\"has-text-align-center\"><mark style=\"background-color:rgba(0, 0, 0, 0)\" class=\"has-inline-color has-theme-palette-3-color\"><strong>Chcesz dowiedzie\u0107 si\u0119, jak mo\u017cemy wsp\u00f3\u0142pracowa\u0107 z Twoj\u0105 plac\u00f3wk\u0105 edukacyjn\u0105?<\/strong><\/mark><\/p>\n\n\n<style>.wp-block-kadence-advancedbtn.kb-btns1243_429989-2e{gap:var(--global-kb-gap-xs, 0.5rem );justify-content:center;align-items:center;}.kt-btns1243_429989-2e .kt-button{font-weight:normal;font-style:normal;}.kt-btns1243_429989-2e .kt-btn-wrap-0{margin-right:5px;}.wp-block-kadence-advancedbtn.kt-btns1243_429989-2e .kt-btn-wrap-0 .kt-button{color:#555555;border-color:#555555;}.wp-block-kadence-advancedbtn.kt-btns1243_429989-2e .kt-btn-wrap-0 .kt-button:hover, .wp-block-kadence-advancedbtn.kt-btns1243_429989-2e .kt-btn-wrap-0 .kt-button:focus{color:#ffffff;border-color:#444444;}.wp-block-kadence-advancedbtn.kt-btns1243_429989-2e .kt-btn-wrap-0 .kt-button::before{display:none;}.wp-block-kadence-advancedbtn.kt-btns1243_429989-2e .kt-btn-wrap-0 .kt-button:hover, .wp-block-kadence-advancedbtn.kt-btns1243_429989-2e .kt-btn-wrap-0 .kt-button:focus{background:#444444;}<\/style>\n<div class=\"wp-block-kadence-advancedbtn kb-buttons-wrap kb-btns1243_429989-2e\"><style>ul.menu .wp-block-kadence-advancedbtn .kb-btn1243_98a5d9-a8.kb-button{width:initial;}.wp-block-kadence-advancedbtn .kb-btn1243_98a5d9-a8.kb-button{color:var(--global-palette8, #F7FAFC);background:linear-gradient(0deg,rgb(0,85,121) 0%,rgb(9,180,172) 100%) !important;}.kb-btn1243_98a5d9-a8.kb-button::before{background:#09b4ac;-webkit-transition:opacity .3s ease-in-out;-moz-transition:opacity .3s ease-in-out;transition:opacity .3s ease-in-out;}<\/style><a class=\"kb-button kt-button button kb-btn1243_98a5d9-a8 kt-btn-size-xlarge kt-btn-width-type-auto kb-btn-global-fill  kt-btn-has-text-true kt-btn-has-svg-false  wp-block-kadence-singlebtn\" href=\"https:\/\/www.tamtu.com.pl\/index.php\/kontakt\/\"><span class=\"kt-btn-inner-text\"><strong>Skontaktuj si\u0119 z nami \u2013 ch\u0119tnie opowiemy i pomo\u017cemy zacz\u0105\u0107!<\/strong><\/span><\/a><\/div>\n","protected":false},"excerpt":{"rendered":"<p>Szko\u0142y i edukacja \u2013 nowoczesne lekcje i integracja Masz wra\u017cenie, \u017ce uczniowie coraz trudniej si\u0119 skupiaj\u0105?Szukasz sposobu, by lekcje by\u0142y bardziej interaktywne i ciekawe?Masz do\u015b\u0107 powtarzalnych zaj\u0119\u0107 i chcesz zaskoczy\u0107 klas\u0119 czym\u015b nowym?Zastanawiasz si\u0119, jak wykorzysta\u0107 technologi\u0119 w edukacji, \u017ceby naprawd\u0119 uczy\u0142a?Chcesz integrowa\u0107 uczni\u00f3w poza klas\u0105, ale brakuje Ci narz\u0119dzi i czasu na planowanie? TamTu&#8230;<\/p>\n","protected":false},"author":1,"featured_media":0,"parent":0,"menu_order":0,"comment_status":"closed","ping_status":"closed","template":"","meta":{"_eb_attr":"","_kb_optimizer_status":0,"_kadence_starter_templates_imported_post":false,"_kad_post_transparent":"","_kad_post_title":"","_kad_post_layout":"","_kad_post_sidebar_id":"","_kad_post_content_style":"","_kad_post_vertical_padding":"","_kad_post_feature":"","_kad_post_feature_position":"","_kad_post_header":false,"_kad_post_footer":false,"_kad_post_classname":"","footnotes":""},"class_list":["post-1243","page","type-page","status-publish","hentry"],"_links":{"self":[{"href":"https:\/\/www.tamtu.com.pl\/index.php\/wp-json\/wp\/v2\/pages\/1243","targetHints":{"allow":["GET"]}}],"collection":[{"href":"https:\/\/www.tamtu.com.pl\/index.php\/wp-json\/wp\/v2\/pages"}],"about":[{"href":"https:\/\/www.tamtu.com.pl\/index.php\/wp-json\/wp\/v2\/types\/page"}],"author":[{"embeddable":true,"href":"https:\/\/www.tamtu.com.pl\/index.php\/wp-json\/wp\/v2\/users\/1"}],"replies":[{"embeddable":true,"href":"https:\/\/www.tamtu.com.pl\/index.php\/wp-json\/wp\/v2\/comments?post=1243"}],"version-history":[{"count":5,"href":"https:\/\/www.tamtu.com.pl\/index.php\/wp-json\/wp\/v2\/pages\/1243\/revisions"}],"predecessor-version":[{"id":1611,"href":"https:\/\/www.tamtu.com.pl\/index.php\/wp-json\/wp\/v2\/pages\/1243\/revisions\/1611"}],"wp:attachment":[{"href":"https:\/\/www.tamtu.com.pl\/index.php\/wp-json\/wp\/v2\/media?parent=1243"}],"curies":[{"name":"wp","href":"https:\/\/api.w.org\/{rel}","templated":true}]}}