{"id":1252,"date":"2025-11-10T08:25:23","date_gmt":"2025-11-10T08:25:23","guid":{"rendered":"https:\/\/www.tamtu.com.pl\/?page_id=1252"},"modified":"2026-01-14T11:38:36","modified_gmt":"2026-01-14T11:38:36","slug":"tamtu-biz-firmy-dzialy-hr-integracja-i-motywacja-zespolu-integracja-zespolu-team-building-eventy-firmowe","status":"publish","type":"page","link":"https:\/\/www.tamtu.com.pl\/index.php\/tamtu-biz-firmy-dzialy-hr-integracja-i-motywacja-zespolu-integracja-zespolu-team-building-eventy-firmowe\/","title":{"rendered":"TamTu BIZ Firmy, dzia\u0142y HR"},"content":{"rendered":"<style>.kb-row-layout-wrap.wp-block-kadence-rowlayout.kb-row-layout-id1252_0f47d0-9a{margin-bottom:var(--global-kb-spacing-sm, 1.5rem);}.kb-row-layout-id1252_0f47d0-9a > .kt-row-column-wrap{align-content:start;}:where(.kb-row-layout-id1252_0f47d0-9a > .kt-row-column-wrap) > .wp-block-kadence-column{justify-content:start;}.kb-row-layout-id1252_0f47d0-9a > .kt-row-column-wrap{column-gap:var(--global-kb-gap-md, 2rem);row-gap:var(--global-kb-gap-md, 2rem);padding-top:var(--global-kb-spacing-sm, 1.5rem);padding-bottom:var(--global-kb-spacing-sm, 1.5rem);grid-template-columns:minmax(0, 1fr);}.kb-row-layout-id1252_0f47d0-9a{background-image:linear-gradient(0deg,rgb(64,171,8) 0%,rgb(249,191,7) 100%);}.kb-row-layout-id1252_0f47d0-9a > .kt-row-layout-overlay{opacity:0.30;}@media all and (max-width: 1024px){.kb-row-layout-id1252_0f47d0-9a > .kt-row-column-wrap{grid-template-columns:minmax(0, 1fr);}}@media all and (max-width: 767px){.kb-row-layout-id1252_0f47d0-9a > .kt-row-column-wrap{grid-template-columns:minmax(0, 1fr);}}<\/style><div class=\"kb-row-layout-wrap kb-row-layout-id1252_0f47d0-9a alignfull kt-row-has-bg wp-block-kadence-rowlayout\"><div class=\"kt-row-column-wrap kt-has-1-columns kt-row-layout-equal kt-tab-layout-inherit kt-mobile-layout-row kt-row-valign-top\">\n<style>.kadence-column1252_1d5cbe-c3 > .kt-inside-inner-col,.kadence-column1252_1d5cbe-c3 > .kt-inside-inner-col:before{border-top-left-radius:0px;border-top-right-radius:0px;border-bottom-right-radius:0px;border-bottom-left-radius:0px;}.kadence-column1252_1d5cbe-c3 > .kt-inside-inner-col{column-gap:var(--global-kb-gap-sm, 1rem);}.kadence-column1252_1d5cbe-c3 > .kt-inside-inner-col{flex-direction:column;}.kadence-column1252_1d5cbe-c3 > .kt-inside-inner-col > .aligncenter{width:100%;}.kadence-column1252_1d5cbe-c3 > .kt-inside-inner-col:before{opacity:0.3;}.kadence-column1252_1d5cbe-c3{position:relative;}@media all and (max-width: 1024px){.kadence-column1252_1d5cbe-c3 > .kt-inside-inner-col{flex-direction:column;justify-content:center;}}@media all and (max-width: 767px){.kadence-column1252_1d5cbe-c3 > .kt-inside-inner-col{flex-direction:column;justify-content:center;}}<\/style>\n<div class=\"wp-block-kadence-column kadence-column1252_1d5cbe-c3\"><div class=\"kt-inside-inner-col\">\n<div class=\"wp-block-group is-content-justification-center is-nowrap is-layout-flex wp-container-core-group-is-layout-94bc23d7 wp-block-group-is-layout-flex\">\n<figure class=\"wp-block-image size-full\"><img loading=\"lazy\" decoding=\"async\" width=\"500\" height=\"500\" src=\"https:\/\/www.tamtu.com.pl\/wp-content\/uploads\/2025\/11\/b.-firmy-dzialy-HR-1.png\" alt=\"\" class=\"wp-image-1349\" srcset=\"https:\/\/www.tamtu.com.pl\/wp-content\/uploads\/2025\/11\/b.-firmy-dzialy-HR-1.png 500w, https:\/\/www.tamtu.com.pl\/wp-content\/uploads\/2025\/11\/b.-firmy-dzialy-HR-1-300x300.png 300w, https:\/\/www.tamtu.com.pl\/wp-content\/uploads\/2025\/11\/b.-firmy-dzialy-HR-1-150x150.png 150w\" sizes=\"auto, (max-width: 500px) 100vw, 500px\" \/><\/figure>\n\n\n\n<p class=\"has-larger-font-size\"><mark style=\"background-color:rgba(0, 0, 0, 0)\" class=\"has-inline-color has-theme-palette-8-color\"><strong>Firmy, dzia\u0142y HR \u2013 integracja i motywacja zespo\u0142u<\/strong><\/mark><\/p>\n<\/div>\n<\/div><\/div>\n\n<\/div><\/div>\n\n<style>.kadence-column1252_795d98-1a > .kt-inside-inner-col,.kadence-column1252_795d98-1a > .kt-inside-inner-col:before{border-top-left-radius:0px;border-top-right-radius:0px;border-bottom-right-radius:0px;border-bottom-left-radius:0px;}.kadence-column1252_795d98-1a > .kt-inside-inner-col{column-gap:var(--global-kb-gap-sm, 1rem);}.kadence-column1252_795d98-1a > .kt-inside-inner-col{flex-direction:column;}.kadence-column1252_795d98-1a > .kt-inside-inner-col > .aligncenter{width:100%;}.kadence-column1252_795d98-1a > .kt-inside-inner-col{background-color:var(--global-palette7, #EDF2F7);}.kadence-column1252_795d98-1a > .kt-inside-inner-col:before{opacity:0.3;}.kadence-column1252_795d98-1a{position:relative;}@media all and (max-width: 1024px){.kadence-column1252_795d98-1a > .kt-inside-inner-col{flex-direction:column;justify-content:center;}}@media all and (max-width: 767px){.kadence-column1252_795d98-1a > .kt-inside-inner-col{flex-direction:column;justify-content:center;}}<\/style>\n<div class=\"wp-block-kadence-column kadence-column1252_795d98-1a\"><div class=\"kt-inside-inner-col\">\n<p class=\"has-theme-palette-3-color has-text-color has-link-color wp-elements-cbd06474348c39c8d2227ca32ff939d8\" style=\"margin-right:0;margin-left:0;padding-right:0;padding-left:0\">Twoje eventy firmowe staj\u0105 si\u0119 powtarzalne i brakuje im energii?<\/p>\n\n\n\n<p class=\"has-theme-palette-3-color has-text-color has-link-color wp-elements-ab90802913ccae9b0285ccfac9802ba3\" style=\"margin-right:0;margin-left:0;padding-right:0;padding-left:0\">Zespo\u0142y pracuj\u0105 zdalnie i coraz trudniej je zintegrowa\u0107?<\/p>\n\n\n\n<p class=\"has-theme-palette-3-color has-text-color has-link-color wp-elements-2b35605952ae40c56bb8db8af20e06c6\" style=\"margin-right:0;margin-left:0;padding-right:0;padding-left:0\">Chcesz zbudowa\u0107 relacje mi\u0119dzy dzia\u0142ami, ale brakuje Ci narz\u0119dzi, kt\u00f3re naprawd\u0119 zadzia\u0142aj\u0105?<\/p>\n\n\n\n<p class=\"has-theme-palette-3-color has-text-color has-link-color wp-elements-c308e9482e58c3f89870ff6a65fedce9\" style=\"margin-right:0;margin-left:0;padding-right:0;padding-left:0\">Szukasz sposobu, by firmowe spotkanie nie by\u0142o kolejnym \u201cobowi\u0105zkowym wyj\u015bciem\u201d, tylko prawdziw\u0105 przygod\u0105, prze\u017cyciem, szkoleniem przez zabaw\u0119?<\/p>\n<\/div><\/div>\n\n\n\n<h2 class=\"wp-block-heading\">TamTu pomo\u017ce Ci:<\/h2>\n\n\n<style>.wp-block-kadence-iconlist.kt-svg-icon-list-items1252_931dee-4f:not(.this-stops-third-party-issues){margin-top:0px;margin-bottom:0px;}.wp-block-kadence-iconlist.kt-svg-icon-list-items1252_931dee-4f ul.kt-svg-icon-list:not(.this-prevents-issues):not(.this-stops-third-party-issues):not(.tijsloc){margin-top:0px;margin-right:0px;margin-bottom:var(--global-kb-spacing-sm, 1.5rem);margin-left:0px;}.wp-block-kadence-iconlist.kt-svg-icon-list-items1252_931dee-4f ul.kt-svg-icon-list{grid-row-gap:5px;}.wp-block-kadence-iconlist.kt-svg-icon-list-items1252_931dee-4f ul.kt-svg-icon-list .kt-svg-icon-list-item-wrap .kt-svg-icon-list-single{margin-right:10px;}.kt-svg-icon-list-items1252_931dee-4f ul.kt-svg-icon-list .kt-svg-icon-list-level-0 .kt-svg-icon-list-single svg{font-size:20px;}<\/style>\n<div class=\"wp-block-kadence-iconlist kt-svg-icon-list-items kt-svg-icon-list-items1252_931dee-4f kt-svg-icon-list-columns-1 alignnone\"><ul class=\"kt-svg-icon-list\"><style>.kt-svg-icon-list-item-1252_6b9442-53 .kt-svg-icon-list-text mark.kt-highlight{background-color:unset;font-style:normal;color:#f76a0c;-webkit-box-decoration-break:clone;box-decoration-break:clone;padding-top:0px;padding-right:0px;padding-bottom:0px;padding-left:0px;}<\/style>\n<li class=\"wp-block-kadence-listitem kt-svg-icon-list-item-wrap kt-svg-icon-list-item-1252_6b9442-53\"><span class=\"kb-svg-icon-wrap kb-svg-icon-fe_checkCircle kt-svg-icon-list-single\"><svg viewBox=\"0 0 24 24\"  fill=\"none\" stroke=\"currentColor\" stroke-width=\"2\" stroke-linecap=\"round\" stroke-linejoin=\"round\" xmlns=\"http:\/\/www.w3.org\/2000\/svg\"  aria-hidden=\"true\"><path d=\"M22 11.08V12a10 10 0 1 1-5.93-9.14\"\/><polyline points=\"22 4 12 14.01 9 11.01\"\/><\/svg><\/span><span class=\"kt-svg-icon-list-text\"><mark style=\"background-color:rgba(0, 0, 0, 0)\" class=\"has-inline-color has-theme-palette-3-color\"><strong>budowa\u0107 zesp\u00f3\u0142 w praktyce poprzez team building, kt\u00f3ry dzia\u0142a faktycznie<br><\/strong>\u2013 wsp\u00f3\u0142praca + rywalizacja + emocje<\/mark><\/span><\/li>\n\n\n<style>.kt-svg-icon-list-item-1252_7f6e96-5f .kt-svg-icon-list-text mark.kt-highlight{background-color:unset;font-style:normal;color:#f76a0c;-webkit-box-decoration-break:clone;box-decoration-break:clone;padding-top:0px;padding-right:0px;padding-bottom:0px;padding-left:0px;}<\/style>\n<li class=\"wp-block-kadence-listitem kt-svg-icon-list-item-wrap kt-svg-icon-list-item-1252_7f6e96-5f\"><span class=\"kb-svg-icon-wrap kb-svg-icon-fe_checkCircle kt-svg-icon-list-single\"><svg viewBox=\"0 0 24 24\"  fill=\"none\" stroke=\"currentColor\" stroke-width=\"2\" stroke-linecap=\"round\" stroke-linejoin=\"round\" xmlns=\"http:\/\/www.w3.org\/2000\/svg\"  aria-hidden=\"true\"><path d=\"M22 11.08V12a10 10 0 1 1-5.93-9.14\"\/><polyline points=\"22 4 12 14.01 9 11.01\"\/><\/svg><\/span><span class=\"kt-svg-icon-list-text\"><mark style=\"background-color:rgba(0, 0, 0, 0)\" class=\"has-inline-color has-theme-palette-3-color\"><strong>organizowa\u0107 wydarzenia uwzgl\u0119dniaj\u0105ce employer branding dopasowany do firmy<br><\/strong>\u2013 personalizacja scenariuszy pod potrzeby zespo\u0142u i cel\u00f3w eventu<\/mark><\/span><\/li>\n\n\n<style>.kt-svg-icon-list-item-1252_2707a5-6a .kt-svg-icon-list-text mark.kt-highlight{background-color:unset;font-style:normal;color:#f76a0c;-webkit-box-decoration-break:clone;box-decoration-break:clone;padding-top:0px;padding-right:0px;padding-bottom:0px;padding-left:0px;}<\/style>\n<li class=\"wp-block-kadence-listitem kt-svg-icon-list-item-wrap kt-svg-icon-list-item-1252_2707a5-6a\"><span class=\"kb-svg-icon-wrap kb-svg-icon-fe_checkCircle kt-svg-icon-list-single\"><svg viewBox=\"0 0 24 24\"  fill=\"none\" stroke=\"currentColor\" stroke-width=\"2\" stroke-linecap=\"round\" stroke-linejoin=\"round\" xmlns=\"http:\/\/www.w3.org\/2000\/svg\"  aria-hidden=\"true\"><path d=\"M22 11.08V12a10 10 0 1 1-5.93-9.14\"\/><polyline points=\"22 4 12 14.01 9 11.01\"\/><\/svg><\/span><span class=\"kt-svg-icon-list-text\"><mark style=\"background-color:rgba(0, 0, 0, 0)\" class=\"has-inline-color has-theme-palette-3-color\"><strong>aktywizowa\u0107 pracownik\u00f3w fizycznie i intelektualnie<br><\/strong>\u2013 ruch + logika + komunikacja + kreatywno\u015b\u0107<\/mark><\/span><\/li>\n\n\n<style>.kt-svg-icon-list-item-1252_d396c3-c7 .kt-svg-icon-list-text mark.kt-highlight{background-color:unset;font-style:normal;color:#f76a0c;-webkit-box-decoration-break:clone;box-decoration-break:clone;padding-top:0px;padding-right:0px;padding-bottom:0px;padding-left:0px;}<\/style>\n<li class=\"wp-block-kadence-listitem kt-svg-icon-list-item-wrap kt-svg-icon-list-item-1252_d396c3-c7\"><span class=\"kb-svg-icon-wrap kb-svg-icon-fe_checkCircle kt-svg-icon-list-single\"><svg viewBox=\"0 0 24 24\"  fill=\"none\" stroke=\"currentColor\" stroke-width=\"2\" stroke-linecap=\"round\" stroke-linejoin=\"round\" xmlns=\"http:\/\/www.w3.org\/2000\/svg\"  aria-hidden=\"true\"><path d=\"M22 11.08V12a10 10 0 1 1-5.93-9.14\"\/><polyline points=\"22 4 12 14.01 9 11.01\"\/><\/svg><\/span><span class=\"kt-svg-icon-list-text\"><mark style=\"background-color:rgba(0, 0, 0, 0)\" class=\"has-inline-color has-theme-palette-3-color\"><strong>kreowa\u0107 innowacyjny wizerunek pracodawcy wzmacniaj\u0105cy mark\u0119<br><\/strong>\u2013 nowoczesne formy integracji, przyjazne ESG<\/mark><\/span><\/li>\n<\/ul><\/div>\n\n\n\n<h2 class=\"wp-block-heading\">A Ty?<\/h2>\n\n\n<style>.wp-block-kadence-iconlist.kt-svg-icon-list-items1252_71a332-f4:not(.this-stops-third-party-issues){margin-top:0px;margin-bottom:0px;}.wp-block-kadence-iconlist.kt-svg-icon-list-items1252_71a332-f4 ul.kt-svg-icon-list:not(.this-prevents-issues):not(.this-stops-third-party-issues):not(.tijsloc){margin-top:0px;margin-right:0px;margin-bottom:var(--global-kb-spacing-sm, 1.5rem);margin-left:0px;}.wp-block-kadence-iconlist.kt-svg-icon-list-items1252_71a332-f4 ul.kt-svg-icon-list{grid-row-gap:5px;}.wp-block-kadence-iconlist.kt-svg-icon-list-items1252_71a332-f4 ul.kt-svg-icon-list .kt-svg-icon-list-item-wrap .kt-svg-icon-list-single{margin-right:10px;}.kt-svg-icon-list-items1252_71a332-f4 ul.kt-svg-icon-list .kt-svg-icon-list-level-0 .kt-svg-icon-list-single svg{font-size:20px;}<\/style>\n<div class=\"wp-block-kadence-iconlist kt-svg-icon-list-items kt-svg-icon-list-items1252_71a332-f4 kt-svg-icon-list-columns-1 alignnone\"><ul class=\"kt-svg-icon-list\"><style>.kt-svg-icon-list-item-1252_acb6ec-33 .kt-svg-icon-list-text mark.kt-highlight{background-color:unset;font-style:normal;color:#f76a0c;-webkit-box-decoration-break:clone;box-decoration-break:clone;padding-top:0px;padding-right:0px;padding-bottom:0px;padding-left:0px;}<\/style>\n<li class=\"wp-block-kadence-listitem kt-svg-icon-list-item-wrap kt-svg-icon-list-item-1252_acb6ec-33\"><span class=\"kb-svg-icon-wrap kb-svg-icon-fe_checkCircle kt-svg-icon-list-single\"><svg viewBox=\"0 0 24 24\"  fill=\"none\" stroke=\"currentColor\" stroke-width=\"2\" stroke-linecap=\"round\" stroke-linejoin=\"round\" xmlns=\"http:\/\/www.w3.org\/2000\/svg\"  aria-hidden=\"true\"><path d=\"M22 11.08V12a10 10 0 1 1-5.93-9.14\"\/><polyline points=\"22 4 12 14.01 9 11.01\"\/><\/svg><\/span><span class=\"kt-svg-icon-list-text\"><mark style=\"background-color:rgba(0, 0, 0, 0)\" class=\"has-inline-color has-theme-palette-3-color\"><strong>z \u0142atwo\u015bci\u0105 zorganizujesz anga\u017cuj\u0105ce wydarzenie firmowe bez du\u017cych zasob\u00f3w<\/strong><br>&nbsp;\u2013 gry proste do wdro\u017cenia z gotowymi scenariuszami, opieraj\u0105ce si\u0119 na g\u0142\u00f3wnych zasadach team buildingu i uwzgl\u0119dniaj\u0105ce potrzeb\u0119 employer brandingu<\/mark><br><mark style=\"background-color:rgba(0, 0, 0, 0)\" class=\"has-inline-color has-theme-palette-3-color\">Mo\u017cesz zagwarantowa\u0107 swojemu zespo\u0142owi wydarzenie oparte na prawdziwej przygodzie, wsp\u00f3\u0142pracy i do\u015bwiadczaniu.&nbsp;<\/mark><\/span><\/li>\n\n\n<style>.kt-svg-icon-list-item-1252_e3ae8a-83 .kt-svg-icon-list-text mark.kt-highlight{background-color:unset;font-style:normal;color:#f76a0c;-webkit-box-decoration-break:clone;box-decoration-break:clone;padding-top:0px;padding-right:0px;padding-bottom:0px;padding-left:0px;}<\/style>\n<li class=\"wp-block-kadence-listitem kt-svg-icon-list-item-wrap kt-svg-icon-list-item-1252_e3ae8a-83\"><span class=\"kb-svg-icon-wrap kb-svg-icon-fe_checkCircle kt-svg-icon-list-single\"><svg viewBox=\"0 0 24 24\"  fill=\"none\" stroke=\"currentColor\" stroke-width=\"2\" stroke-linecap=\"round\" stroke-linejoin=\"round\" xmlns=\"http:\/\/www.w3.org\/2000\/svg\"  aria-hidden=\"true\"><path d=\"M22 11.08V12a10 10 0 1 1-5.93-9.14\"\/><polyline points=\"22 4 12 14.01 9 11.01\"\/><\/svg><\/span><span class=\"kt-svg-icon-list-text\"><mark style=\"background-color:rgba(0, 0, 0, 0)\" class=\"has-inline-color has-theme-palette-3-color\"><strong>TamTu buduje kultur\u0119 organizacyjn\u0105 przez do\u015bwiadczenie.<\/strong><\/mark><\/span><\/li>\n<\/ul><\/div>\n\n\n\n<p class=\"has-text-align-center\"><strong><mark style=\"background-color:rgba(0, 0, 0, 0)\" class=\"has-inline-color has-theme-palette-3-color\">Chcesz dowiedzie\u0107 si\u0119, jak w prosty spos\u00f3b zorganizowa\u0107 realn\u0105 integracj\u0119 zespo\u0142u?<\/mark><\/strong><\/p>\n\n\n<style>.wp-block-kadence-advancedbtn.kb-btns1252_631e74-3d{gap:var(--global-kb-gap-xs, 0.5rem );justify-content:center;align-items:center;}.kt-btns1252_631e74-3d .kt-button{font-weight:normal;font-style:normal;}.kt-btns1252_631e74-3d .kt-btn-wrap-0{margin-right:5px;}.wp-block-kadence-advancedbtn.kt-btns1252_631e74-3d .kt-btn-wrap-0 .kt-button{color:#555555;border-color:#555555;}.wp-block-kadence-advancedbtn.kt-btns1252_631e74-3d .kt-btn-wrap-0 .kt-button:hover, .wp-block-kadence-advancedbtn.kt-btns1252_631e74-3d .kt-btn-wrap-0 .kt-button:focus{color:#ffffff;border-color:#444444;}.wp-block-kadence-advancedbtn.kt-btns1252_631e74-3d .kt-btn-wrap-0 .kt-button::before{display:none;}.wp-block-kadence-advancedbtn.kt-btns1252_631e74-3d .kt-btn-wrap-0 .kt-button:hover, .wp-block-kadence-advancedbtn.kt-btns1252_631e74-3d .kt-btn-wrap-0 .kt-button:focus{background:#444444;}<\/style>\n<div class=\"wp-block-kadence-advancedbtn kb-buttons-wrap kb-btns1252_631e74-3d\"><style>ul.menu .wp-block-kadence-advancedbtn .kb-btn1252_1f7942-61.kb-button{width:initial;}.wp-block-kadence-advancedbtn .kb-btn1252_1f7942-61.kb-button{background:linear-gradient(0deg,rgb(64,171,8) 0%,rgb(249,191,7) 100%) !important;}.kb-btn1252_1f7942-61.kb-button::before{background:#f9bf07;-webkit-transition:opacity .3s ease-in-out;-moz-transition:opacity .3s ease-in-out;transition:opacity .3s ease-in-out;}<\/style><a class=\"kb-button kt-button button kb-btn1252_1f7942-61 kt-btn-size-standard kt-btn-width-type-auto kb-btn-global-fill  kt-btn-has-text-true kt-btn-has-svg-false  wp-block-kadence-singlebtn\" href=\"https:\/\/www.tamtu.com.pl\/index.php\/kontakt\/\"><span class=\"kt-btn-inner-text\"><strong>Skontaktuj si\u0119 z nami \u2013 ch\u0119tnie Ci\u0119 w tym wesprzemy!<\/strong><\/span><\/a><\/div>\n","protected":false},"excerpt":{"rendered":"<p>Firmy, dzia\u0142y HR \u2013 integracja i motywacja zespo\u0142u Twoje eventy firmowe staj\u0105 si\u0119 powtarzalne i brakuje im energii? Zespo\u0142y pracuj\u0105 zdalnie i coraz trudniej je zintegrowa\u0107? Chcesz zbudowa\u0107 relacje mi\u0119dzy dzia\u0142ami, ale brakuje Ci narz\u0119dzi, kt\u00f3re naprawd\u0119 zadzia\u0142aj\u0105? Szukasz sposobu, by firmowe spotkanie nie by\u0142o kolejnym \u201cobowi\u0105zkowym wyj\u015bciem\u201d, tylko prawdziw\u0105 przygod\u0105, prze\u017cyciem, szkoleniem przez zabaw\u0119?&#8230;<\/p>\n","protected":false},"author":1,"featured_media":0,"parent":0,"menu_order":0,"comment_status":"closed","ping_status":"closed","template":"","meta":{"_eb_attr":"","_kb_optimizer_status":0,"_kadence_starter_templates_imported_post":false,"_kad_post_transparent":"","_kad_post_title":"","_kad_post_layout":"","_kad_post_sidebar_id":"","_kad_post_content_style":"","_kad_post_vertical_padding":"","_kad_post_feature":"","_kad_post_feature_position":"","_kad_post_header":false,"_kad_post_footer":false,"_kad_post_classname":"","footnotes":""},"class_list":["post-1252","page","type-page","status-publish","hentry"],"_links":{"self":[{"href":"https:\/\/www.tamtu.com.pl\/index.php\/wp-json\/wp\/v2\/pages\/1252","targetHints":{"allow":["GET"]}}],"collection":[{"href":"https:\/\/www.tamtu.com.pl\/index.php\/wp-json\/wp\/v2\/pages"}],"about":[{"href":"https:\/\/www.tamtu.com.pl\/index.php\/wp-json\/wp\/v2\/types\/page"}],"author":[{"embeddable":true,"href":"https:\/\/www.tamtu.com.pl\/index.php\/wp-json\/wp\/v2\/users\/1"}],"replies":[{"embeddable":true,"href":"https:\/\/www.tamtu.com.pl\/index.php\/wp-json\/wp\/v2\/comments?post=1252"}],"version-history":[{"count":7,"href":"https:\/\/www.tamtu.com.pl\/index.php\/wp-json\/wp\/v2\/pages\/1252\/revisions"}],"predecessor-version":[{"id":1608,"href":"https:\/\/www.tamtu.com.pl\/index.php\/wp-json\/wp\/v2\/pages\/1252\/revisions\/1608"}],"wp:attachment":[{"href":"https:\/\/www.tamtu.com.pl\/index.php\/wp-json\/wp\/v2\/media?parent=1252"}],"curies":[{"name":"wp","href":"https:\/\/api.w.org\/{rel}","templated":true}]}}