{"id":1255,"date":"2025-11-10T08:33:12","date_gmt":"2025-11-10T08:33:12","guid":{"rendered":"https:\/\/www.tamtu.com.pl\/?page_id=1255"},"modified":"2026-01-14T11:39:37","modified_gmt":"2026-01-14T11:39:37","slug":"tamtu-promo-marki-i-firmy-potrzebujace-narzedzia-marketingowego-oraz-sprzedazowego-kampanie-promocyjne-w-terenie-brand-experience-gamifikacja-sprzedazy","status":"publish","type":"page","link":"https:\/\/www.tamtu.com.pl\/index.php\/tamtu-promo-marki-i-firmy-potrzebujace-narzedzia-marketingowego-oraz-sprzedazowego-kampanie-promocyjne-w-terenie-brand-experience-gamifikacja-sprzedazy\/","title":{"rendered":"TamTu PROMO Marki i firmy"},"content":{"rendered":"<style>.kb-row-layout-wrap.wp-block-kadence-rowlayout.kb-row-layout-id1255_f14346-7a{margin-bottom:var(--global-kb-spacing-sm, 1.5rem);}.kb-row-layout-id1255_f14346-7a > .kt-row-column-wrap{align-content:start;}:where(.kb-row-layout-id1255_f14346-7a > .kt-row-column-wrap) > .wp-block-kadence-column{justify-content:start;}.kb-row-layout-id1255_f14346-7a > .kt-row-column-wrap{column-gap:var(--global-kb-gap-md, 2rem);row-gap:var(--global-kb-gap-md, 2rem);padding-top:var(--global-kb-spacing-sm, 1.5rem);padding-bottom:var(--global-kb-spacing-sm, 1.5rem);grid-template-columns:minmax(0, 1fr);}.kb-row-layout-id1255_f14346-7a{background-image:linear-gradient(0deg,rgb(54,3,75) 0%,rgb(233,30,98) 100%);}.kb-row-layout-id1255_f14346-7a > .kt-row-layout-overlay{opacity:0.30;}@media all and (max-width: 1024px){.kb-row-layout-id1255_f14346-7a > .kt-row-column-wrap{grid-template-columns:minmax(0, 1fr);}}@media all and (max-width: 767px){.kb-row-layout-id1255_f14346-7a > .kt-row-column-wrap{grid-template-columns:minmax(0, 1fr);}}<\/style><div class=\"kb-row-layout-wrap kb-row-layout-id1255_f14346-7a alignfull kt-row-has-bg wp-block-kadence-rowlayout\"><div class=\"kt-row-column-wrap kt-has-1-columns kt-row-layout-equal kt-tab-layout-inherit kt-mobile-layout-row kt-row-valign-top\">\n<style>.kadence-column1255_53f4bf-74 > .kt-inside-inner-col,.kadence-column1255_53f4bf-74 > .kt-inside-inner-col:before{border-top-left-radius:0px;border-top-right-radius:0px;border-bottom-right-radius:0px;border-bottom-left-radius:0px;}.kadence-column1255_53f4bf-74 > .kt-inside-inner-col{column-gap:var(--global-kb-gap-sm, 1rem);}.kadence-column1255_53f4bf-74 > .kt-inside-inner-col{flex-direction:column;}.kadence-column1255_53f4bf-74 > .kt-inside-inner-col > .aligncenter{width:100%;}.kadence-column1255_53f4bf-74 > .kt-inside-inner-col:before{opacity:0.3;}.kadence-column1255_53f4bf-74{position:relative;}@media all and (max-width: 1024px){.kadence-column1255_53f4bf-74 > .kt-inside-inner-col{flex-direction:column;justify-content:center;}}@media all and (max-width: 767px){.kadence-column1255_53f4bf-74 > .kt-inside-inner-col{flex-direction:column;justify-content:center;}}<\/style>\n<div class=\"wp-block-kadence-column kadence-column1255_53f4bf-74\"><div class=\"kt-inside-inner-col\">\n<div class=\"wp-block-group is-content-justification-center is-nowrap is-layout-flex wp-container-core-group-is-layout-94bc23d7 wp-block-group-is-layout-flex\">\n<figure class=\"wp-block-image size-full\"><img loading=\"lazy\" decoding=\"async\" width=\"500\" height=\"500\" src=\"https:\/\/www.tamtu.com.pl\/wp-content\/uploads\/2025\/11\/marki-sprzedaz-2.png\" alt=\"\" class=\"wp-image-1297\" srcset=\"https:\/\/www.tamtu.com.pl\/wp-content\/uploads\/2025\/11\/marki-sprzedaz-2.png 500w, https:\/\/www.tamtu.com.pl\/wp-content\/uploads\/2025\/11\/marki-sprzedaz-2-300x300.png 300w, https:\/\/www.tamtu.com.pl\/wp-content\/uploads\/2025\/11\/marki-sprzedaz-2-150x150.png 150w\" sizes=\"auto, (max-width: 500px) 100vw, 500px\" \/><\/figure>\n\n\n\n<p class=\"has-large-font-size\"><mark style=\"background-color:rgba(0, 0, 0, 0)\" class=\"has-inline-color has-theme-palette-8-color\"><strong>Marki i firmy potrzebuj\u0105ce narz\u0119dzia marketingowego oraz sprzeda\u017cowego<\/strong><\/mark><\/p>\n<\/div>\n<\/div><\/div>\n\n<\/div><\/div>\n\n<style>.kadence-column1255_a3e18b-37 > .kt-inside-inner-col,.kadence-column1255_a3e18b-37 > .kt-inside-inner-col:before{border-top-left-radius:0px;border-top-right-radius:0px;border-bottom-right-radius:0px;border-bottom-left-radius:0px;}.kadence-column1255_a3e18b-37 > .kt-inside-inner-col{column-gap:var(--global-kb-gap-sm, 1rem);}.kadence-column1255_a3e18b-37 > .kt-inside-inner-col{flex-direction:column;}.kadence-column1255_a3e18b-37 > .kt-inside-inner-col > .aligncenter{width:100%;}.kadence-column1255_a3e18b-37 > .kt-inside-inner-col{background-color:var(--global-palette7, #EDF2F7);}.kadence-column1255_a3e18b-37 > .kt-inside-inner-col:before{opacity:0.3;}.kadence-column1255_a3e18b-37{position:relative;}.kadence-column1255_a3e18b-37, .kt-inside-inner-col > .kadence-column1255_a3e18b-37:not(.specificity){margin-left:0px;}@media all and (max-width: 1024px){.kadence-column1255_a3e18b-37 > .kt-inside-inner-col{flex-direction:column;justify-content:center;}}@media all and (max-width: 767px){.kadence-column1255_a3e18b-37 > .kt-inside-inner-col{flex-direction:column;justify-content:center;}}<\/style>\n<div class=\"wp-block-kadence-column kadence-column1255_a3e18b-37\"><div class=\"kt-inside-inner-col\">\n<p class=\"has-theme-palette-3-color has-text-color has-link-color wp-elements-98d5b450366c2d02ec9a0a3ebe4dade0\" style=\"margin-right:0;margin-left:0;padding-right:0;padding-left:0\">Szukasz sposobu, by kampania marki naprawd\u0119 wyr\u00f3\u017cni\u0142a si\u0119 z t\u0142umu?<\/p>\n\n\n\n<p class=\"has-theme-palette-3-color has-text-color has-link-color wp-elements-405e42e4539705fa5731eed1f61c1ea3\" style=\"margin-right:0;margin-left:0;padding-right:0;padding-left:0\">Twoje dzia\u0142ania online nie wystarczaj\u0105 \u2013 potrzebujesz czego\u015b, co anga\u017cuje w realu?<\/p>\n\n\n\n<p class=\"has-theme-palette-3-color has-text-color has-link-color wp-elements-02672a3c61fa1641e49d253fdb1a8503\" style=\"margin-right:0;margin-left:0;padding-right:0;padding-left:0\">Zastanawiasz si\u0119, jak po\u0142\u0105czy\u0107 sprzeda\u017c, emocje i zabaw\u0119 w jednym dzia\u0142aniu?<\/p>\n\n\n\n<p class=\"has-theme-palette-3-color has-text-color has-link-color wp-elements-a91d1063493e5e2a9ddeb4af226c39fc\" style=\"margin-right:0;margin-left:0;padding-right:0;padding-left:0\">Masz ambasadora marki lub sie\u0107 punkt\u00f3w sprzeda\u017cy, ale nie wiesz, jak ich po\u0142\u0105czy\u0107 w sp\u00f3jn\u0105 akcj\u0119?<\/p>\n\n\n\n<p class=\"has-theme-palette-3-color has-text-color has-link-color wp-elements-7206e527acb33a5afe824c315cc8f41e\" style=\"margin-right:0;margin-left:0;padding-right:0;padding-left:0\">Chcesz, \u017ceby klienci nie tylko widzieli Twoj\u0105 mark\u0119 \u2013 ale r\u00f3wnie\u017c jej do\u015bwiadczyli?<\/p>\n<\/div><\/div>\n\n\n\n<h2 class=\"wp-block-heading\">TamTu pomo\u017ce Ci:<\/h2>\n\n\n<style>.wp-block-kadence-iconlist.kt-svg-icon-list-items1255_083969-71:not(.this-stops-third-party-issues){margin-top:0px;margin-bottom:0px;}.wp-block-kadence-iconlist.kt-svg-icon-list-items1255_083969-71 ul.kt-svg-icon-list:not(.this-prevents-issues):not(.this-stops-third-party-issues):not(.tijsloc){margin-top:0px;margin-right:0px;margin-bottom:var(--global-kb-spacing-sm, 1.5rem);margin-left:0px;}.wp-block-kadence-iconlist.kt-svg-icon-list-items1255_083969-71 ul.kt-svg-icon-list{grid-row-gap:5px;}.wp-block-kadence-iconlist.kt-svg-icon-list-items1255_083969-71 ul.kt-svg-icon-list .kt-svg-icon-list-item-wrap .kt-svg-icon-list-single{margin-right:10px;}.kt-svg-icon-list-items1255_083969-71 ul.kt-svg-icon-list .kt-svg-icon-list-level-0 .kt-svg-icon-list-single svg{font-size:20px;}<\/style>\n<div class=\"wp-block-kadence-iconlist kt-svg-icon-list-items kt-svg-icon-list-items1255_083969-71 kt-svg-icon-list-columns-1 alignnone\"><ul class=\"kt-svg-icon-list\"><style>.kt-svg-icon-list-item-1255_afa130-17 .kt-svg-icon-list-text mark.kt-highlight{background-color:unset;font-style:normal;color:#f76a0c;-webkit-box-decoration-break:clone;box-decoration-break:clone;padding-top:0px;padding-right:0px;padding-bottom:0px;padding-left:0px;}<\/style>\n<li class=\"wp-block-kadence-listitem kt-svg-icon-list-item-wrap kt-svg-icon-list-item-1255_afa130-17\"><span class=\"kb-svg-icon-wrap kb-svg-icon-fe_checkCircle kt-svg-icon-list-single\"><svg viewBox=\"0 0 24 24\"  fill=\"none\" stroke=\"currentColor\" stroke-width=\"2\" stroke-linecap=\"round\" stroke-linejoin=\"round\" xmlns=\"http:\/\/www.w3.org\/2000\/svg\"  aria-hidden=\"true\"><path d=\"M22 11.08V12a10 10 0 1 1-5.93-9.14\"\/><polyline points=\"22 4 12 14.01 9 11.01\"\/><\/svg><\/span><span class=\"kt-svg-icon-list-text\"><mark style=\"background-color:rgba(0, 0, 0, 0)\" class=\"has-inline-color has-theme-palette-3-color\"><strong>realizowa\u0107 kampanie sprzeda\u017cowe i promocyjne w terenie wywo\u0142uj\u0105c realne interakcje<\/strong><br>\u2013 gry miejskie dla marek mog\u0105 prowadzi\u0107 klient\u00f3w przez konkretne punkty lub wywo\u0142ywa\u0107 interakcje w kluczowych momentach kampanii (np. otwieranie skrytek w okre\u015blonych lokalizacjach). Mog\u0105 by\u0107 te\u017c realizowane r\u00f3wnolegle w r\u00f3\u017cnych lokalizacjach.<\/mark><\/span><\/li>\n\n\n<style>.kt-svg-icon-list-item-1255_fc5395-59 .kt-svg-icon-list-text mark.kt-highlight{background-color:unset;font-style:normal;color:#f76a0c;-webkit-box-decoration-break:clone;box-decoration-break:clone;padding-top:0px;padding-right:0px;padding-bottom:0px;padding-left:0px;}<\/style>\n<li class=\"wp-block-kadence-listitem kt-svg-icon-list-item-wrap kt-svg-icon-list-item-1255_fc5395-59\"><span class=\"kb-svg-icon-wrap kb-svg-icon-fe_checkCircle kt-svg-icon-list-single\"><svg viewBox=\"0 0 24 24\"  fill=\"none\" stroke=\"currentColor\" stroke-width=\"2\" stroke-linecap=\"round\" stroke-linejoin=\"round\" xmlns=\"http:\/\/www.w3.org\/2000\/svg\"  aria-hidden=\"true\"><path d=\"M22 11.08V12a10 10 0 1 1-5.93-9.14\"\/><polyline points=\"22 4 12 14.01 9 11.01\"\/><\/svg><\/span><span class=\"kt-svg-icon-list-text\"><strong>&nbsp;<\/strong><mark style=\"background-color:rgba(0, 0, 0, 0)\" class=\"has-inline-color has-theme-palette-3-color\"><strong>budowa\u0107 \u015bwiadomo\u015b\u0107 marki, wykorzystuj\u0105c brand experience, kt\u00f3ry zostaje w pami\u0119ci<\/strong><br>\u2013 uczestnicy wchodz\u0105 w interakcj\u0119 z produktem w atrakcyjnej formie, co wywo\u0142uje emocje, pozytywne skojarzenia z mark\u0105 i zwi\u0119ksza zapami\u0119tywalno\u015b\u0107 tzw. marketing terenowy.<\/mark><\/span><\/li>\n\n\n<style>.kt-svg-icon-list-item-1255_a3702b-54 .kt-svg-icon-list-text mark.kt-highlight{background-color:unset;font-style:normal;color:#f76a0c;-webkit-box-decoration-break:clone;box-decoration-break:clone;padding-top:0px;padding-right:0px;padding-bottom:0px;padding-left:0px;}<\/style>\n<li class=\"wp-block-kadence-listitem kt-svg-icon-list-item-wrap kt-svg-icon-list-item-1255_a3702b-54\"><span class=\"kb-svg-icon-wrap kb-svg-icon-fe_checkCircle kt-svg-icon-list-single\"><svg viewBox=\"0 0 24 24\"  fill=\"none\" stroke=\"currentColor\" stroke-width=\"2\" stroke-linecap=\"round\" stroke-linejoin=\"round\" xmlns=\"http:\/\/www.w3.org\/2000\/svg\"  aria-hidden=\"true\"><path d=\"M22 11.08V12a10 10 0 1 1-5.93-9.14\"\/><polyline points=\"22 4 12 14.01 9 11.01\"\/><\/svg><\/span><span class=\"kt-svg-icon-list-text\"><mark style=\"background-color:rgba(0, 0, 0, 0)\" class=\"has-inline-color has-theme-palette-3-color\"><strong>personalizowa\u0107 kampanie sprzeda\u017cowe lub promocyjne pod mark\u0119 oraz produkt<br><\/strong>\u2013 scenariusze dopasowane do charakteru kampanii promocyjnej w terenie, z ambasadorami marki lub elementami gamifikacji, anga\u017cuj\u0105 klient\u00f3w i zwi\u0119kszaj\u0105 konwersj\u0119.<\/mark><\/span><\/li>\n\n\n<style>.kt-svg-icon-list-item-1255_8940a7-6e .kt-svg-icon-list-text mark.kt-highlight{background-color:unset;font-style:normal;color:#f76a0c;-webkit-box-decoration-break:clone;box-decoration-break:clone;padding-top:0px;padding-right:0px;padding-bottom:0px;padding-left:0px;}<\/style>\n<li class=\"wp-block-kadence-listitem kt-svg-icon-list-item-wrap kt-svg-icon-list-item-1255_8940a7-6e\"><span class=\"kb-svg-icon-wrap kb-svg-icon-fe_checkCircle kt-svg-icon-list-single\"><svg viewBox=\"0 0 24 24\"  fill=\"none\" stroke=\"currentColor\" stroke-width=\"2\" stroke-linecap=\"round\" stroke-linejoin=\"round\" xmlns=\"http:\/\/www.w3.org\/2000\/svg\"  aria-hidden=\"true\"><path d=\"M22 11.08V12a10 10 0 1 1-5.93-9.14\"\/><polyline points=\"22 4 12 14.01 9 11.01\"\/><\/svg><\/span><span class=\"kt-svg-icon-list-text\"><mark style=\"background-color:rgba(0, 0, 0, 0)\" class=\"has-inline-color has-theme-palette-3-color\"><strong>integrowa\u0107 dzia\u0142ania offline z online<br><\/strong>\u2013 gry miejskie \u0142\u0105cz\u0105 fizyczn\u0105 aktywno\u015b\u0107 z aplikacj\u0105, social media i digital marketingiem, co pozwala mierzy\u0107 efekty i analizowa\u0107 zachowania uczestnik\u00f3w.<\/mark><\/span><\/li>\n<\/ul><\/div>\n\n\n\n<h2 class=\"wp-block-heading\">A Ty?<\/h2>\n\n\n<style>.wp-block-kadence-iconlist.kt-svg-icon-list-items1255_0015a8-34:not(.this-stops-third-party-issues){margin-top:0px;margin-bottom:0px;}.wp-block-kadence-iconlist.kt-svg-icon-list-items1255_0015a8-34 ul.kt-svg-icon-list:not(.this-prevents-issues):not(.this-stops-third-party-issues):not(.tijsloc){margin-top:0px;margin-right:0px;margin-bottom:var(--global-kb-spacing-sm, 1.5rem);margin-left:0px;}.wp-block-kadence-iconlist.kt-svg-icon-list-items1255_0015a8-34 ul.kt-svg-icon-list{grid-row-gap:5px;}.wp-block-kadence-iconlist.kt-svg-icon-list-items1255_0015a8-34 ul.kt-svg-icon-list .kt-svg-icon-list-item-wrap .kt-svg-icon-list-single{margin-right:10px;}.kt-svg-icon-list-items1255_0015a8-34 ul.kt-svg-icon-list .kt-svg-icon-list-level-0 .kt-svg-icon-list-single svg{font-size:20px;}<\/style>\n<div class=\"wp-block-kadence-iconlist kt-svg-icon-list-items kt-svg-icon-list-items1255_0015a8-34 kt-svg-icon-list-columns-1 alignnone\"><ul class=\"kt-svg-icon-list\"><style>.kt-svg-icon-list-item-1255_a4f996-bd .kt-svg-icon-list-text mark.kt-highlight{background-color:unset;font-style:normal;color:#f76a0c;-webkit-box-decoration-break:clone;box-decoration-break:clone;padding-top:0px;padding-right:0px;padding-bottom:0px;padding-left:0px;}<\/style>\n<li class=\"wp-block-kadence-listitem kt-svg-icon-list-item-wrap kt-svg-icon-list-item-1255_a4f996-bd\"><span class=\"kb-svg-icon-wrap kb-svg-icon-fe_checkCircle kt-svg-icon-list-single\"><svg viewBox=\"0 0 24 24\"  fill=\"none\" stroke=\"currentColor\" stroke-width=\"2\" stroke-linecap=\"round\" stroke-linejoin=\"round\" xmlns=\"http:\/\/www.w3.org\/2000\/svg\"  aria-hidden=\"true\"><path d=\"M22 11.08V12a10 10 0 1 1-5.93-9.14\"\/><polyline points=\"22 4 12 14.01 9 11.01\"\/><\/svg><\/span><span class=\"kt-svg-icon-list-text\"><mark style=\"background-color:rgba(0, 0, 0, 0)\" class=\"has-inline-color has-theme-palette-3-color\"><strong>zyskasz nowoczesne narz\u0119dzie marketingowe wzmacniaj\u0105ce innowacyjny wizerunek<\/strong><\/mark><br><mark style=\"background-color:rgba(0, 0, 0, 0)\" class=\"has-inline-color has-theme-palette-3-color\">\u2013 TamTu pokazuje, \u017ce marka korzysta z nowoczesnych narz\u0119dzi, wyr\u00f3\u017cnia si\u0119 na tle konkurencji i przyci\u0105ga uwag\u0119 klient\u00f3w, szczeg\u00f3lnie m\u0142odszych pokole\u0144.<\/mark><\/span><\/li>\n\n\n<style>.kt-svg-icon-list-item-1255_45b6f7-a1 .kt-svg-icon-list-text mark.kt-highlight{background-color:unset;font-style:normal;color:#f76a0c;-webkit-box-decoration-break:clone;box-decoration-break:clone;padding-top:0px;padding-right:0px;padding-bottom:0px;padding-left:0px;}<\/style>\n<li class=\"wp-block-kadence-listitem kt-svg-icon-list-item-wrap kt-svg-icon-list-item-1255_45b6f7-a1\"><span class=\"kb-svg-icon-wrap kb-svg-icon-fe_checkCircle kt-svg-icon-list-single\"><svg viewBox=\"0 0 24 24\"  fill=\"none\" stroke=\"currentColor\" stroke-width=\"2\" stroke-linecap=\"round\" stroke-linejoin=\"round\" xmlns=\"http:\/\/www.w3.org\/2000\/svg\"  aria-hidden=\"true\"><path d=\"M22 11.08V12a10 10 0 1 1-5.93-9.14\"\/><polyline points=\"22 4 12 14.01 9 11.01\"\/><\/svg><\/span><span class=\"kt-svg-icon-list-text\"><mark style=\"background-color:rgba(0, 0, 0, 0)\" class=\"has-inline-color has-theme-palette-3-color\">Mo\u017cesz szybko w spos\u00f3b znacz\u0105cy zwi\u0119kszy\u0107 sprzeda\u017c i wypromowa\u0107 mark\u0119.&nbsp;<br><strong>TamTu rozwija marki \u2014 w ruchu, emocjach i realnym \u015bwiecie.<\/strong><\/mark><\/span><\/li>\n<\/ul><\/div>\n\n\n\n<p class=\"has-text-align-center\"><mark style=\"background-color:rgba(0, 0, 0, 0)\" class=\"has-inline-color has-theme-palette-3-color\"><strong>Chcesz dowiedzie\u0107 si\u0119, jak w prosty spos\u00f3b zorganizowa\u0107 z nami pierwsz\u0105 kampani\u0119?<\/strong><\/mark><\/p>\n\n\n<style>.wp-block-kadence-advancedbtn.kb-btns1255_816e7a-fd{gap:var(--global-kb-gap-xs, 0.5rem );justify-content:center;align-items:center;}.kt-btns1255_816e7a-fd .kt-button{font-weight:normal;font-style:normal;}.kt-btns1255_816e7a-fd .kt-btn-wrap-0{margin-right:5px;}.wp-block-kadence-advancedbtn.kt-btns1255_816e7a-fd .kt-btn-wrap-0 .kt-button{color:#555555;border-color:#555555;}.wp-block-kadence-advancedbtn.kt-btns1255_816e7a-fd .kt-btn-wrap-0 .kt-button:hover, .wp-block-kadence-advancedbtn.kt-btns1255_816e7a-fd .kt-btn-wrap-0 .kt-button:focus{color:#ffffff;border-color:#444444;}.wp-block-kadence-advancedbtn.kt-btns1255_816e7a-fd .kt-btn-wrap-0 .kt-button::before{display:none;}.wp-block-kadence-advancedbtn.kt-btns1255_816e7a-fd .kt-btn-wrap-0 .kt-button:hover, .wp-block-kadence-advancedbtn.kt-btns1255_816e7a-fd .kt-btn-wrap-0 .kt-button:focus{background:#444444;}<\/style>\n<div class=\"wp-block-kadence-advancedbtn kb-buttons-wrap kb-btns1255_816e7a-fd\"><style>ul.menu .wp-block-kadence-advancedbtn .kb-btn1255_90e3be-df.kb-button{width:initial;}.wp-block-kadence-advancedbtn .kb-btn1255_90e3be-df.kb-button{background:linear-gradient(0deg,rgb(54,3,75) 0%,rgb(233,30,98) 100%) !important;}.kb-btn1255_90e3be-df.kb-button::before{background:#e91e62;-webkit-transition:opacity .3s ease-in-out;-moz-transition:opacity .3s ease-in-out;transition:opacity .3s ease-in-out;}<\/style><a class=\"kb-button kt-button button kb-btn1255_90e3be-df kt-btn-size-standard kt-btn-width-type-auto kb-btn-global-fill  kt-btn-has-text-true kt-btn-has-svg-false  wp-block-kadence-singlebtn\" href=\"https:\/\/www.tamtu.com.pl\/index.php\/kontakt\/\"><span class=\"kt-btn-inner-text\"><strong>Skontaktuj si\u0119 z nami \u2013 ch\u0119tnie wyja\u015bnimy Ci wszystko krok po kroku i wsp\u00f3lnie stworzymy idealny scenariusz eventu!<\/strong><\/span><\/a><\/div>\n","protected":false},"excerpt":{"rendered":"<p>Marki i firmy potrzebuj\u0105ce narz\u0119dzia marketingowego oraz sprzeda\u017cowego Szukasz sposobu, by kampania marki naprawd\u0119 wyr\u00f3\u017cni\u0142a si\u0119 z t\u0142umu? Twoje dzia\u0142ania online nie wystarczaj\u0105 \u2013 potrzebujesz czego\u015b, co anga\u017cuje w realu? Zastanawiasz si\u0119, jak po\u0142\u0105czy\u0107 sprzeda\u017c, emocje i zabaw\u0119 w jednym dzia\u0142aniu? Masz ambasadora marki lub sie\u0107 punkt\u00f3w sprzeda\u017cy, ale nie wiesz, jak ich po\u0142\u0105czy\u0107 w&#8230;<\/p>\n","protected":false},"author":1,"featured_media":0,"parent":0,"menu_order":0,"comment_status":"closed","ping_status":"closed","template":"","meta":{"_eb_attr":"","_kb_optimizer_status":0,"_kadence_starter_templates_imported_post":false,"_kad_post_transparent":"","_kad_post_title":"","_kad_post_layout":"","_kad_post_sidebar_id":"","_kad_post_content_style":"","_kad_post_vertical_padding":"","_kad_post_feature":"","_kad_post_feature_position":"","_kad_post_header":false,"_kad_post_footer":false,"_kad_post_classname":"","footnotes":""},"class_list":["post-1255","page","type-page","status-publish","hentry"],"_links":{"self":[{"href":"https:\/\/www.tamtu.com.pl\/index.php\/wp-json\/wp\/v2\/pages\/1255","targetHints":{"allow":["GET"]}}],"collection":[{"href":"https:\/\/www.tamtu.com.pl\/index.php\/wp-json\/wp\/v2\/pages"}],"about":[{"href":"https:\/\/www.tamtu.com.pl\/index.php\/wp-json\/wp\/v2\/types\/page"}],"author":[{"embeddable":true,"href":"https:\/\/www.tamtu.com.pl\/index.php\/wp-json\/wp\/v2\/users\/1"}],"replies":[{"embeddable":true,"href":"https:\/\/www.tamtu.com.pl\/index.php\/wp-json\/wp\/v2\/comments?post=1255"}],"version-history":[{"count":6,"href":"https:\/\/www.tamtu.com.pl\/index.php\/wp-json\/wp\/v2\/pages\/1255\/revisions"}],"predecessor-version":[{"id":1609,"href":"https:\/\/www.tamtu.com.pl\/index.php\/wp-json\/wp\/v2\/pages\/1255\/revisions\/1609"}],"wp:attachment":[{"href":"https:\/\/www.tamtu.com.pl\/index.php\/wp-json\/wp\/v2\/media?parent=1255"}],"curies":[{"name":"wp","href":"https:\/\/api.w.org\/{rel}","templated":true}]}}