{"id":1366,"date":"2025-11-23T19:54:20","date_gmt":"2025-11-23T19:54:20","guid":{"rendered":"https:\/\/www.tamtu.com.pl\/?page_id=1366"},"modified":"2025-11-30T18:44:10","modified_gmt":"2025-11-30T18:44:10","slug":"miedzyrzecz","status":"publish","type":"page","link":"https:\/\/www.tamtu.com.pl\/index.php\/gdzie-gramy\/miedzyrzecz\/","title":{"rendered":"Mi\u0119dzyrzecz"},"content":{"rendered":"<style>.kadence-column1366_334a14-97 > .kt-inside-inner-col,.kadence-column1366_334a14-97 > .kt-inside-inner-col:before{border-top-left-radius:0px;border-top-right-radius:0px;border-bottom-right-radius:0px;border-bottom-left-radius:0px;}.kadence-column1366_334a14-97 > .kt-inside-inner-col{column-gap:var(--global-kb-gap-sm, 1rem);}.kadence-column1366_334a14-97 > .kt-inside-inner-col{flex-direction:column;}.kadence-column1366_334a14-97 > .kt-inside-inner-col > .aligncenter{width:100%;}.kadence-column1366_334a14-97 > .kt-inside-inner-col{background-image:url('https:\/\/www.tamtu.com.pl\/wp-content\/uploads\/2025\/11\/IMG_0404.jpg');background-size:cover;background-position:center center;background-attachment:scroll;background-repeat:no-repeat;}.kadence-column1366_334a14-97 > .kt-inside-inner-col:before{opacity:0.31;background-color:var(--global-palette3, #1A202C);}.kadence-column1366_334a14-97{position:relative;}.kadence-column1366_334a14-97, .kt-inside-inner-col > .kadence-column1366_334a14-97:not(.specificity){margin-bottom:var(--global-kb-spacing-xl, 4rem);}@media all and (max-width: 1024px){.kadence-column1366_334a14-97 > .kt-inside-inner-col{flex-direction:column;justify-content:center;}}@media all and (max-width: 767px){.kadence-column1366_334a14-97 > .kt-inside-inner-col{flex-direction:column;justify-content:center;}}<\/style>\n<div class=\"wp-block-kadence-column kadence-column1366_334a14-97 kb-section-has-overlay alignfull\"><div class=\"kt-inside-inner-col\">\n<p class=\"has-text-align-center\" style=\"margin-top:0;margin-right:0;margin-bottom:0;margin-left:0;padding-top:var(--wp--preset--spacing--70);padding-right:0;padding-bottom:var(--wp--preset--spacing--70);padding-left:0\"><strong><mark style=\"background-color:rgba(0, 0, 0, 0)\" class=\"has-inline-color has-theme-palette-9-color\">Mi\u0119dzyrzecz to miasto, kt\u00f3re z pozoru wygl\u0105da spokojnie\u2026 ale daje si\u0119 szybko pozna\u0107 jako jedno z najbardziej zaskakuj\u0105cych miejsc w Polsce.<\/mark><\/strong><\/p>\n<\/div><\/div>\n\n\n\n<figure class=\"wp-block-gallery has-nested-images columns-default is-cropped wp-block-gallery-1 is-layout-flex wp-block-gallery-is-layout-flex\">\n<figure class=\"wp-block-image size-large\"><img loading=\"lazy\" decoding=\"async\" width=\"1024\" height=\"683\" data-id=\"1369\" src=\"https:\/\/www.tamtu.com.pl\/wp-content\/uploads\/2025\/11\/IMG_0402-1024x683.jpg\" alt=\"\" class=\"wp-image-1369\" srcset=\"https:\/\/www.tamtu.com.pl\/wp-content\/uploads\/2025\/11\/IMG_0402-1024x683.jpg 1024w, https:\/\/www.tamtu.com.pl\/wp-content\/uploads\/2025\/11\/IMG_0402-300x200.jpg 300w, https:\/\/www.tamtu.com.pl\/wp-content\/uploads\/2025\/11\/IMG_0402-768x512.jpg 768w, https:\/\/www.tamtu.com.pl\/wp-content\/uploads\/2025\/11\/IMG_0402-1536x1024.jpg 1536w, https:\/\/www.tamtu.com.pl\/wp-content\/uploads\/2025\/11\/IMG_0402.jpg 2048w\" sizes=\"auto, (max-width: 1024px) 100vw, 1024px\" \/><\/figure>\n\n\n\n<figure class=\"wp-block-image size-large\"><img loading=\"lazy\" decoding=\"async\" width=\"1024\" height=\"683\" data-id=\"1370\" src=\"https:\/\/www.tamtu.com.pl\/wp-content\/uploads\/2025\/11\/IMG_0406-1024x683.jpg\" alt=\"\" class=\"wp-image-1370\" srcset=\"https:\/\/www.tamtu.com.pl\/wp-content\/uploads\/2025\/11\/IMG_0406-1024x683.jpg 1024w, https:\/\/www.tamtu.com.pl\/wp-content\/uploads\/2025\/11\/IMG_0406-300x200.jpg 300w, https:\/\/www.tamtu.com.pl\/wp-content\/uploads\/2025\/11\/IMG_0406-768x512.jpg 768w, https:\/\/www.tamtu.com.pl\/wp-content\/uploads\/2025\/11\/IMG_0406-1536x1024.jpg 1536w, https:\/\/www.tamtu.com.pl\/wp-content\/uploads\/2025\/11\/IMG_0406.jpg 2048w\" sizes=\"auto, (max-width: 1024px) 100vw, 1024px\" \/><\/figure>\n\n\n\n<figure class=\"wp-block-image size-large\"><img loading=\"lazy\" decoding=\"async\" width=\"1024\" height=\"683\" data-id=\"1368\" src=\"https:\/\/www.tamtu.com.pl\/wp-content\/uploads\/2025\/11\/IMG_0405-1024x683.jpg\" alt=\"\" class=\"wp-image-1368\" srcset=\"https:\/\/www.tamtu.com.pl\/wp-content\/uploads\/2025\/11\/IMG_0405-1024x683.jpg 1024w, https:\/\/www.tamtu.com.pl\/wp-content\/uploads\/2025\/11\/IMG_0405-300x200.jpg 300w, https:\/\/www.tamtu.com.pl\/wp-content\/uploads\/2025\/11\/IMG_0405-768x512.jpg 768w, https:\/\/www.tamtu.com.pl\/wp-content\/uploads\/2025\/11\/IMG_0405-1536x1024.jpg 1536w, https:\/\/www.tamtu.com.pl\/wp-content\/uploads\/2025\/11\/IMG_0405.jpg 2048w\" sizes=\"auto, (max-width: 1024px) 100vw, 1024px\" \/><\/figure>\n<\/figure>\n\n\n\n<div class=\"wp-block-columns is-layout-flex wp-container-core-columns-is-layout-9d6595d7 wp-block-columns-is-layout-flex\">\n<div class=\"wp-block-column is-layout-flow wp-block-column-is-layout-flow\" style=\"flex-basis:50%\"><style>.kadence-column1366_3a4ced-30 > .kt-inside-inner-col,.kadence-column1366_3a4ced-30 > .kt-inside-inner-col:before{border-top-left-radius:0px;border-top-right-radius:0px;border-bottom-right-radius:0px;border-bottom-left-radius:0px;}.kadence-column1366_3a4ced-30 > .kt-inside-inner-col{column-gap:var(--global-kb-gap-sm, 1rem);}.kadence-column1366_3a4ced-30 > .kt-inside-inner-col{flex-direction:column;}.kadence-column1366_3a4ced-30 > .kt-inside-inner-col > .aligncenter{width:100%;}.kadence-column1366_3a4ced-30 > .kt-inside-inner-col:before{opacity:0.3;}.kadence-column1366_3a4ced-30{position:relative;}@media all and (max-width: 1024px){.kadence-column1366_3a4ced-30 > .kt-inside-inner-col{flex-direction:column;justify-content:center;}}@media all and (max-width: 767px){.kadence-column1366_3a4ced-30 > .kt-inside-inner-col{flex-direction:column;justify-content:center;}}<\/style>\n<div class=\"wp-block-kadence-column kadence-column1366_3a4ced-30\"><div class=\"kt-inside-inner-col\">\n<p class=\"has-theme-palette-3-color has-theme-palette-7-background-color has-text-color has-background has-link-color wp-elements-68730168dc3331fb3a045ff807c0b45e\" style=\"margin-top:var(--wp--preset--spacing--40);margin-bottom:var(--wp--preset--spacing--40)\">To tutaj znajduje si\u0119 Mi\u0119dzyrzecki Rejon Umocniony \u2014 jeden z najwi\u0119kszych podziemnych system\u00f3w fortyfikacji w Europie. Labirynt tuneli, schron\u00f3w i tajemniczych korytarzy ci\u0105gnie si\u0119 przez dziesi\u0105tki kilometr\u00f3w, kryj\u0105c historie, kt\u00f3rych nie znajdziesz w szkolnym podr\u0119czniku.<br>Ale Mi\u0119dzyrzecz to nie tylko podziemia. To tak\u017ce miejsce, w kt\u00f3rym natur\u0119 masz na wyci\u0105gni\u0119cie r\u0119ki. Jeziora, rzeka Obra i zielone tereny wok\u00f3\u0142 miasta sprawiaj\u0105, \u017ce mo\u017cna tu z\u0142apa\u0107 oddech\u2026.<br>Podczas rozgrywki dowiesz si\u0119 m.in., co \u0142\u0105czy Mi\u0119dzyrzecz z wielk\u0105 europejsk\u0105 histori\u0105 i dlaczego tutejsze nietoperze maj\u0105 status prawdziwych gwiazd.<br>Gotowy odkry\u0107 miasto, kt\u00f3re \u0142\u0105czy wojskowe sekrety, przyrodnicze pere\u0142ki i nutk\u0119 tajemnicy? Mi\u0119dzyrzecz czeka \u2014 a z nim kolejna niezapomniana przygoda z TamTu.<\/p>\n<\/div><\/div>\n<\/div>\n\n\n\n<div class=\"wp-block-column is-layout-flow wp-block-column-is-layout-flow\" style=\"flex-basis:50%\">\n<figure class=\"wp-block-image size-large\"><img loading=\"lazy\" decoding=\"async\" width=\"1024\" height=\"768\" src=\"https:\/\/www.tamtu.com.pl\/wp-content\/uploads\/2025\/11\/IMG_0383-1-1024x768.jpg\" alt=\"\" class=\"wp-image-1372\" srcset=\"https:\/\/www.tamtu.com.pl\/wp-content\/uploads\/2025\/11\/IMG_0383-1-1024x768.jpg 1024w, https:\/\/www.tamtu.com.pl\/wp-content\/uploads\/2025\/11\/IMG_0383-1-300x225.jpg 300w, https:\/\/www.tamtu.com.pl\/wp-content\/uploads\/2025\/11\/IMG_0383-1-768x576.jpg 768w, https:\/\/www.tamtu.com.pl\/wp-content\/uploads\/2025\/11\/IMG_0383-1-1536x1152.jpg 1536w, https:\/\/www.tamtu.com.pl\/wp-content\/uploads\/2025\/11\/IMG_0383-1.jpg 2048w\" sizes=\"auto, (max-width: 1024px) 100vw, 1024px\" \/><\/figure>\n\n\n<style>.wp-block-kadence-advancedbtn.kb-btns1366_7aad7d-a2{gap:var(--global-kb-gap-xs, 0.5rem );justify-content:center;align-items:center;}.kt-btns1366_7aad7d-a2 .kt-button{font-weight:normal;font-style:normal;}.kt-btns1366_7aad7d-a2 .kt-btn-wrap-0{margin-right:5px;}.wp-block-kadence-advancedbtn.kt-btns1366_7aad7d-a2 .kt-btn-wrap-0 .kt-button{color:#555555;border-color:#555555;}.wp-block-kadence-advancedbtn.kt-btns1366_7aad7d-a2 .kt-btn-wrap-0 .kt-button:hover, .wp-block-kadence-advancedbtn.kt-btns1366_7aad7d-a2 .kt-btn-wrap-0 .kt-button:focus{color:#ffffff;border-color:#444444;}.wp-block-kadence-advancedbtn.kt-btns1366_7aad7d-a2 .kt-btn-wrap-0 .kt-button::before{display:none;}.wp-block-kadence-advancedbtn.kt-btns1366_7aad7d-a2 .kt-btn-wrap-0 .kt-button:hover, .wp-block-kadence-advancedbtn.kt-btns1366_7aad7d-a2 .kt-btn-wrap-0 .kt-button:focus{background:#444444;}<\/style>\n<div class=\"wp-block-kadence-advancedbtn kb-buttons-wrap kb-btns1366_7aad7d-a2\"><style>ul.menu .wp-block-kadence-advancedbtn .kb-btn1366_4657ff-1f.kb-button{width:initial;}<\/style><a class=\"kb-button kt-button button kb-btn1366_4657ff-1f kt-btn-size-standard kt-btn-width-type-auto kb-btn-global-inherit  kt-btn-has-text-true kt-btn-has-svg-false  wp-block-button__link wp-block-kadence-singlebtn\" href=\"https:\/\/www.tamtu.com.pl\/index.php\/kontakt\/\"><span class=\"kt-btn-inner-text\">Zam\u00f3w u nas gr\u0119!<\/span><\/a><\/div>\n<\/div>\n<\/div>\n\n\n\n<p><\/p>\n","protected":false},"excerpt":{"rendered":"<p>Mi\u0119dzyrzecz to miasto, kt\u00f3re z pozoru wygl\u0105da spokojnie\u2026 ale daje si\u0119 szybko pozna\u0107 jako jedno z najbardziej zaskakuj\u0105cych miejsc w Polsce. To tutaj znajduje si\u0119 Mi\u0119dzyrzecki Rejon Umocniony \u2014 jeden z najwi\u0119kszych podziemnych system\u00f3w fortyfikacji w Europie. Labirynt tuneli, schron\u00f3w i tajemniczych korytarzy ci\u0105gnie si\u0119 przez dziesi\u0105tki kilometr\u00f3w, kryj\u0105c historie, kt\u00f3rych nie znajdziesz w szkolnym&#8230;<\/p>\n","protected":false},"author":1,"featured_media":0,"parent":864,"menu_order":0,"comment_status":"closed","ping_status":"closed","template":"","meta":{"_eb_attr":"","_kb_optimizer_status":0,"_kadence_starter_templates_imported_post":false,"_kad_post_transparent":"","_kad_post_title":"","_kad_post_layout":"","_kad_post_sidebar_id":"","_kad_post_content_style":"","_kad_post_vertical_padding":"","_kad_post_feature":"","_kad_post_feature_position":"","_kad_post_header":false,"_kad_post_footer":false,"_kad_post_classname":"","footnotes":""},"class_list":["post-1366","page","type-page","status-publish","hentry"],"_links":{"self":[{"href":"https:\/\/www.tamtu.com.pl\/index.php\/wp-json\/wp\/v2\/pages\/1366","targetHints":{"allow":["GET"]}}],"collection":[{"href":"https:\/\/www.tamtu.com.pl\/index.php\/wp-json\/wp\/v2\/pages"}],"about":[{"href":"https:\/\/www.tamtu.com.pl\/index.php\/wp-json\/wp\/v2\/types\/page"}],"author":[{"embeddable":true,"href":"https:\/\/www.tamtu.com.pl\/index.php\/wp-json\/wp\/v2\/users\/1"}],"replies":[{"embeddable":true,"href":"https:\/\/www.tamtu.com.pl\/index.php\/wp-json\/wp\/v2\/comments?post=1366"}],"version-history":[{"count":3,"href":"https:\/\/www.tamtu.com.pl\/index.php\/wp-json\/wp\/v2\/pages\/1366\/revisions"}],"predecessor-version":[{"id":1381,"href":"https:\/\/www.tamtu.com.pl\/index.php\/wp-json\/wp\/v2\/pages\/1366\/revisions\/1381"}],"up":[{"embeddable":true,"href":"https:\/\/www.tamtu.com.pl\/index.php\/wp-json\/wp\/v2\/pages\/864"}],"wp:attachment":[{"href":"https:\/\/www.tamtu.com.pl\/index.php\/wp-json\/wp\/v2\/media?parent=1366"}],"curies":[{"name":"wp","href":"https:\/\/api.w.org\/{rel}","templated":true}]}}