{"id":770,"date":"2025-06-23T12:39:52","date_gmt":"2025-06-23T12:39:52","guid":{"rendered":"https:\/\/www.tamtu.com.pl\/?page_id=770"},"modified":"2025-07-06T14:16:07","modified_gmt":"2025-07-06T14:16:07","slug":"gdansk","status":"publish","type":"page","link":"https:\/\/www.tamtu.com.pl\/index.php\/gdzie-gramy\/gdansk\/","title":{"rendered":"Gda\u0144sk"},"content":{"rendered":"<style>.kb-row-layout-id770_09ae29-87 > .kt-row-column-wrap{align-content:start;}:where(.kb-row-layout-id770_09ae29-87 > .kt-row-column-wrap) > .wp-block-kadence-column{justify-content:start;}.kb-row-layout-id770_09ae29-87 > .kt-row-column-wrap{column-gap:var(--global-kb-gap-md, 2rem);row-gap:var(--global-kb-gap-md, 2rem);max-width:600px;margin-left:auto;margin-right:auto;padding-top:var(--global-kb-spacing-xxl, 5rem);padding-right:var(--global-kb-spacing-xs, 1rem);padding-bottom:var(--global-kb-spacing-lg, 3rem);padding-left:var(--global-kb-spacing-xs, 1rem);grid-template-columns:minmax(0, 1fr);}.kb-row-layout-id770_09ae29-87{background-image:url('https:\/\/www.tamtu.com.pl\/wp-content\/uploads\/2025\/07\/pexels-julia-volk-5273639.jpg');background-size:cover;background-position:center center;background-attachment:scroll;background-repeat:no-repeat;}.kb-row-layout-id770_09ae29-87 > .kt-row-layout-overlay{opacity:0.30;background-color:var(--global-palette3, #1A202C);}@media all and (max-width: 1024px){.kb-row-layout-id770_09ae29-87 > .kt-row-column-wrap{grid-template-columns:minmax(0, 1fr);}}@media all and (max-width: 767px){.kb-row-layout-id770_09ae29-87 > .kt-row-column-wrap{grid-template-columns:minmax(0, 1fr);}}<\/style><div class=\"kb-row-layout-wrap kb-row-layout-id770_09ae29-87 alignfull has-theme-palette9-background-color kt-row-has-bg wp-block-kadence-rowlayout\"><div class=\"kt-row-layout-overlay kt-row-overlay-normal\"><\/div><div class=\"kt-row-column-wrap kt-has-1-columns kt-row-layout-equal kt-tab-layout-inherit kt-mobile-layout-row kt-row-valign-top\">\n<style>.kadence-column770_1da018-f8 > .kt-inside-inner-col,.kadence-column770_1da018-f8 > .kt-inside-inner-col:before{border-top-left-radius:0px;border-top-right-radius:0px;border-bottom-right-radius:0px;border-bottom-left-radius:0px;}.kadence-column770_1da018-f8 > .kt-inside-inner-col{column-gap:var(--global-kb-gap-sm, 1rem);}.kadence-column770_1da018-f8 > .kt-inside-inner-col{flex-direction:column;}.kadence-column770_1da018-f8 > .kt-inside-inner-col > .aligncenter{width:100%;}.kadence-column770_1da018-f8 > .kt-inside-inner-col:before{opacity:0.3;}.kadence-column770_1da018-f8{position:relative;}.kadence-column770_1da018-f8, .kt-inside-inner-col > .kadence-column770_1da018-f8:not(.specificity){margin-top:0px;margin-right:0px;margin-bottom:0px;margin-left:0px;}@media all and (max-width: 1024px){.kadence-column770_1da018-f8 > .kt-inside-inner-col{flex-direction:column;justify-content:center;}}@media all and (max-width: 767px){.kadence-column770_1da018-f8 > .kt-inside-inner-col{flex-direction:column;justify-content:center;}}<\/style>\n<div class=\"wp-block-kadence-column kadence-column770_1da018-f8 inner-column-1\"><div class=\"kt-inside-inner-col\"><style>.wp-block-kadence-advancedheading.kt-adv-heading770_05e1a7-b4, .wp-block-kadence-advancedheading.kt-adv-heading770_05e1a7-b4[data-kb-block=\"kb-adv-heading770_05e1a7-b4\"]{margin-bottom:var(--global-kb-spacing-lg, 3rem);text-align:center;font-size:var(--global-kb-font-size-lg, 2rem);font-weight:normal;font-style:normal;}.wp-block-kadence-advancedheading.kt-adv-heading770_05e1a7-b4 mark.kt-highlight, .wp-block-kadence-advancedheading.kt-adv-heading770_05e1a7-b4[data-kb-block=\"kb-adv-heading770_05e1a7-b4\"] mark.kt-highlight{font-weight:normal;font-style:normal;color:#f76a0c;-webkit-box-decoration-break:clone;box-decoration-break:clone;padding-top:0px;padding-right:0px;padding-bottom:0px;padding-left:0px;}.wp-block-kadence-advancedheading.kt-adv-heading770_05e1a7-b4 img.kb-inline-image, .wp-block-kadence-advancedheading.kt-adv-heading770_05e1a7-b4[data-kb-block=\"kb-adv-heading770_05e1a7-b4\"] img.kb-inline-image{width:150px;vertical-align:baseline;}<\/style>\n<h2 class=\"kt-adv-heading770_05e1a7-b4 wp-block-kadence-advancedheading has-theme-palette-8-color has-text-color\" data-kb-block=\"kb-adv-heading770_05e1a7-b4\">Gda\u0144sk<\/h2>\n\n\n<style>.wp-block-kadence-advancedheading.kt-adv-heading770_4dd777-a9, .wp-block-kadence-advancedheading.kt-adv-heading770_4dd777-a9[data-kb-block=\"kb-adv-heading770_4dd777-a9\"]{text-align:center;font-weight:normal;font-style:normal;}.wp-block-kadence-advancedheading.kt-adv-heading770_4dd777-a9 mark.kt-highlight, .wp-block-kadence-advancedheading.kt-adv-heading770_4dd777-a9[data-kb-block=\"kb-adv-heading770_4dd777-a9\"] mark.kt-highlight{font-weight:normal;font-style:normal;color:#f76a0c;-webkit-box-decoration-break:clone;box-decoration-break:clone;padding-top:0px;padding-right:0px;padding-bottom:0px;padding-left:0px;}.wp-block-kadence-advancedheading.kt-adv-heading770_4dd777-a9 img.kb-inline-image, .wp-block-kadence-advancedheading.kt-adv-heading770_4dd777-a9[data-kb-block=\"kb-adv-heading770_4dd777-a9\"] img.kb-inline-image{width:150px;vertical-align:baseline;}<\/style>\n<p class=\"kt-adv-heading770_4dd777-a9 wp-block-kadence-advancedheading has-theme-palette-8-color has-text-color\" data-kb-block=\"kb-adv-heading770_4dd777-a9\">Gda\u0144sk to miasto wolno\u015bci, bursztynu i wielkich odkry\u0107.<\/p>\n<\/div><\/div>\n\n<\/div><\/div>\n\n<style>.kb-row-layout-id770_258382-87 > .kt-row-column-wrap{align-content:start;}:where(.kb-row-layout-id770_258382-87 > .kt-row-column-wrap) > .wp-block-kadence-column{justify-content:start;}.kb-row-layout-id770_258382-87 > .kt-row-column-wrap{column-gap:var(--global-kb-gap-md, 2rem);row-gap:var(--global-kb-gap-md, 2rem);max-width:var( --global-content-width, 1290px );padding-left:var(--global-content-edge-padding);padding-right:var(--global-content-edge-padding);padding-top:var(--global-kb-spacing-xxl, 5rem);padding-bottom:var(--global-kb-spacing-xxl, 5rem);grid-template-columns:minmax(0, 1fr);}.kb-row-layout-id770_258382-87 > .kt-row-layout-overlay{opacity:0.30;}@media all and (max-width: 1024px){.kb-row-layout-id770_258382-87 > .kt-row-column-wrap{grid-template-columns:minmax(0, 1fr);}}@media all and (max-width: 767px){.kb-row-layout-id770_258382-87 > .kt-row-column-wrap{grid-template-columns:minmax(0, 1fr);}}<\/style><div class=\"kb-row-layout-wrap kb-row-layout-id770_258382-87 alignfull has-theme-palette9-background-color kt-row-has-bg wp-block-kadence-rowlayout\"><div class=\"kt-row-column-wrap kt-has-2-columns kt-row-layout-row kt-tab-layout-inherit kt-mobile-layout-row kt-row-valign-top kb-theme-content-width\">\n<style>.kadence-column770_839868-d2 > .kt-inside-inner-col{padding-top:0px;padding-bottom:0px;}.kadence-column770_839868-d2 > .kt-inside-inner-col,.kadence-column770_839868-d2 > .kt-inside-inner-col:before{border-top-left-radius:0px;border-top-right-radius:0px;border-bottom-right-radius:0px;border-bottom-left-radius:0px;}.kadence-column770_839868-d2 > .kt-inside-inner-col{column-gap:var(--global-kb-gap-sm, 1rem);}.kadence-column770_839868-d2 > .kt-inside-inner-col{flex-direction:column;}.kadence-column770_839868-d2 > .kt-inside-inner-col > .aligncenter{width:100%;}.kadence-column770_839868-d2 > .kt-inside-inner-col:before{opacity:0.3;}.kadence-column770_839868-d2{position:relative;}@media all and (max-width: 1024px){.kadence-column770_839868-d2 > .kt-inside-inner-col{flex-direction:column;justify-content:center;}}@media all and (max-width: 767px){.kadence-column770_839868-d2 > .kt-inside-inner-col{flex-direction:column;justify-content:center;}}<\/style>\n<div class=\"wp-block-kadence-column kadence-column770_839868-d2\"><div class=\"kt-inside-inner-col\"><\/div><\/div>\n\n\n<style>.kadence-column770_4a180d-14 > .kt-inside-inner-col,.kadence-column770_4a180d-14 > .kt-inside-inner-col:before{border-top-left-radius:0px;border-top-right-radius:0px;border-bottom-right-radius:0px;border-bottom-left-radius:0px;}.kadence-column770_4a180d-14 > .kt-inside-inner-col{column-gap:var(--global-kb-gap-sm, 1rem);}.kadence-column770_4a180d-14 > .kt-inside-inner-col{flex-direction:column;}.kadence-column770_4a180d-14 > .kt-inside-inner-col > .aligncenter{width:100%;}.kadence-column770_4a180d-14 > .kt-inside-inner-col:before{opacity:0.3;}.kadence-column770_4a180d-14{position:relative;}@media all and (max-width: 1024px){.kadence-column770_4a180d-14 > .kt-inside-inner-col{flex-direction:column;justify-content:center;}}@media all and (max-width: 767px){.kadence-column770_4a180d-14 > .kt-inside-inner-col{flex-direction:column;justify-content:center;}}<\/style>\n<div class=\"wp-block-kadence-column kadence-column770_4a180d-14\"><div class=\"kt-inside-inner-col\">\n<figure class=\"wp-block-gallery has-nested-images columns-default is-cropped wp-block-gallery-1 is-layout-flex wp-block-gallery-is-layout-flex\">\n<figure class=\"wp-block-image size-large\"><img loading=\"lazy\" decoding=\"async\" width=\"1024\" height=\"683\" data-id=\"1102\" src=\"https:\/\/www.tamtu.com.pl\/wp-content\/uploads\/2025\/07\/pexels-dawid-zawila-2151273316-31683922-1024x683.jpg\" alt=\"\" class=\"wp-image-1102\" srcset=\"https:\/\/www.tamtu.com.pl\/wp-content\/uploads\/2025\/07\/pexels-dawid-zawila-2151273316-31683922-1024x683.jpg 1024w, https:\/\/www.tamtu.com.pl\/wp-content\/uploads\/2025\/07\/pexels-dawid-zawila-2151273316-31683922-300x200.jpg 300w, https:\/\/www.tamtu.com.pl\/wp-content\/uploads\/2025\/07\/pexels-dawid-zawila-2151273316-31683922-768x512.jpg 768w, https:\/\/www.tamtu.com.pl\/wp-content\/uploads\/2025\/07\/pexels-dawid-zawila-2151273316-31683922-1536x1024.jpg 1536w, https:\/\/www.tamtu.com.pl\/wp-content\/uploads\/2025\/07\/pexels-dawid-zawila-2151273316-31683922-2048x1365.jpg 2048w\" sizes=\"auto, (max-width: 1024px) 100vw, 1024px\" \/><\/figure>\n\n\n\n<figure class=\"wp-block-image size-large\"><img loading=\"lazy\" decoding=\"async\" width=\"8192\" height=\"5461\" data-id=\"1104\" src=\"https:\/\/www.tamtu.com.pl\/wp-content\/uploads\/2025\/07\/pexels-julia-volk-5273641.jpg\" alt=\"\" class=\"wp-image-1104\" srcset=\"https:\/\/www.tamtu.com.pl\/wp-content\/uploads\/2025\/07\/pexels-julia-volk-5273641.jpg 8192w, https:\/\/www.tamtu.com.pl\/wp-content\/uploads\/2025\/07\/pexels-julia-volk-5273641-300x200.jpg 300w, https:\/\/www.tamtu.com.pl\/wp-content\/uploads\/2025\/07\/pexels-julia-volk-5273641-768x512.jpg 768w\" sizes=\"auto, (max-width: 8192px) 100vw, 8192px\" \/><\/figure>\n<\/figure>\n<\/div><\/div>\n\n<\/div><\/div>\n\n<style>.kb-row-layout-id770_a8c124-37 > .kt-row-column-wrap{align-content:center;}:where(.kb-row-layout-id770_a8c124-37 > .kt-row-column-wrap) > .wp-block-kadence-column{justify-content:center;}.kb-row-layout-id770_a8c124-37 > .kt-row-column-wrap{column-gap:var(--global-kb-gap-lg, 4rem);row-gap:var(--global-kb-gap-md, 2rem);max-width:var( --global-content-width, 1290px );padding-left:var(--global-content-edge-padding);padding-right:var(--global-content-edge-padding);padding-top:var(--global-kb-spacing-xxl, 5rem);padding-bottom:var(--global-kb-spacing-xxl, 5rem);grid-template-columns:repeat(2, minmax(0, 1fr));}.kb-row-layout-id770_a8c124-37 > .kt-row-layout-overlay{opacity:0.30;}@media all and (max-width: 1024px){.kb-row-layout-id770_a8c124-37 > .kt-row-column-wrap{column-gap:var(--global-kb-gap-none, 0rem );row-gap:var(--global-kb-gap-none, 0rem );grid-template-columns:minmax(0, 1fr);}}@media all and (max-width: 767px){.kb-row-layout-id770_a8c124-37 > .kt-row-column-wrap{grid-template-columns:minmax(0, 1fr);}}<\/style><div class=\"kb-row-layout-wrap kb-row-layout-id770_a8c124-37 alignfull has-theme-palette9-background-color kt-row-has-bg wp-block-kadence-rowlayout\"><div class=\"kt-row-column-wrap kt-has-2-columns kt-row-layout-equal kt-tab-layout-row kt-mobile-layout-row kt-row-valign-middle kb-theme-content-width\">\n<style>.kadence-column770_c707ff-8c > .kt-inside-inner-col{display:flex;}.kadence-column770_c707ff-8c > .kt-inside-inner-col{padding-top:0px;padding-bottom:0px;}.kadence-column770_c707ff-8c > .kt-inside-inner-col,.kadence-column770_c707ff-8c > .kt-inside-inner-col:before{border-top-left-radius:0px;border-top-right-radius:0px;border-bottom-right-radius:0px;border-bottom-left-radius:0px;}.kadence-column770_c707ff-8c > .kt-inside-inner-col{column-gap:var(--global-kb-gap-sm, 1rem);}.kadence-column770_c707ff-8c > .kt-inside-inner-col{flex-direction:column;justify-content:flex-start;}.kadence-column770_c707ff-8c > .kt-inside-inner-col > .aligncenter{width:100%;}.kt-row-column-wrap > .kadence-column770_c707ff-8c{align-self:flex-start;}.kt-inner-column-height-full:not(.kt-has-1-columns) > .wp-block-kadence-column.kadence-column770_c707ff-8c{align-self:auto;}.kt-inner-column-height-full:not(.kt-has-1-columns) > .wp-block-kadence-column.kadence-column770_c707ff-8c > .kt-inside-inner-col{flex-direction:column;justify-content:flex-start;}.kadence-column770_c707ff-8c > .kt-inside-inner-col:before{opacity:0.3;}.kadence-column770_c707ff-8c{text-align:left;}.kadence-column770_c707ff-8c{position:relative;}@media all and (max-width: 1024px){.kadence-column770_c707ff-8c > .kt-inside-inner-col{padding-top:var(--global-kb-spacing-lg, 3rem);padding-bottom:var(--global-kb-spacing-md, 2rem);flex-direction:column;justify-content:flex-start;}}@media all and (max-width: 1024px){.kt-row-column-wrap > .kadence-column770_c707ff-8c{align-self:flex-start;}}@media all and (max-width: 1024px){.kt-inner-column-height-full:not(.kt-has-1-columns) > .wp-block-kadence-column.kadence-column770_c707ff-8c{align-self:auto;}}@media all and (max-width: 1024px){.kt-inner-column-height-full:not(.kt-has-1-columns) > .wp-block-kadence-column.kadence-column770_c707ff-8c > .kt-inside-inner-col{flex-direction:column;justify-content:flex-start;}}@media all and (max-width: 767px){.kt-row-column-wrap > .kadence-column770_c707ff-8c{align-self:flex-start;}.kt-inner-column-height-full:not(.kt-has-1-columns) > .wp-block-kadence-column.kadence-column770_c707ff-8c{align-self:auto;}.kt-inner-column-height-full:not(.kt-has-1-columns) > .wp-block-kadence-column.kadence-column770_c707ff-8c > .kt-inside-inner-col{flex-direction:column;justify-content:flex-start;}.kadence-column770_c707ff-8c > .kt-inside-inner-col{flex-direction:column;justify-content:flex-start;}}@media only screen and (min-width: 1025px) {n .kadence-column770_c707ff-8c {n   align-items:flex-end;n }n}<\/style>\n<div class=\"wp-block-kadence-column kadence-column770_c707ff-8c kb-section-dir-vertical inner-column-1\"><div class=\"kt-inside-inner-col\"><style>.wp-block-kadence-advancedheading.kt-adv-heading770_9c0843-c7, .wp-block-kadence-advancedheading.kt-adv-heading770_9c0843-c7[data-kb-block=\"kb-adv-heading770_9c0843-c7\"]{max-width:586px;font-size:var(--global-kb-font-size-lg, 2rem);line-height:1.2;font-style:normal;}.wp-block-kadence-advancedheading.kt-adv-heading770_9c0843-c7 mark.kt-highlight, .wp-block-kadence-advancedheading.kt-adv-heading770_9c0843-c7[data-kb-block=\"kb-adv-heading770_9c0843-c7\"] mark.kt-highlight{font-style:normal;color:#f76a0c;-webkit-box-decoration-break:clone;box-decoration-break:clone;padding-top:0px;padding-right:0px;padding-bottom:0px;padding-left:0px;}.wp-block-kadence-advancedheading.kt-adv-heading770_9c0843-c7 img.kb-inline-image, .wp-block-kadence-advancedheading.kt-adv-heading770_9c0843-c7[data-kb-block=\"kb-adv-heading770_9c0843-c7\"] img.kb-inline-image{width:150px;vertical-align:baseline;}<\/style>\n<h2 class=\"kt-adv-heading770_9c0843-c7 wp-block-kadence-advancedheading has-theme-palette-3-color has-text-color\" data-kb-block=\"kb-adv-heading770_9c0843-c7\"><\/h2>\n\n\n<style>.wp-block-kadence-advancedheading.kt-adv-heading770_f6cd29-4e, .wp-block-kadence-advancedheading.kt-adv-heading770_f6cd29-4e[data-kb-block=\"kb-adv-heading770_f6cd29-4e\"]{max-width:586px;margin-bottom:var(--global-kb-spacing-sm, 1.5rem);font-style:normal;}.wp-block-kadence-advancedheading.kt-adv-heading770_f6cd29-4e mark.kt-highlight, .wp-block-kadence-advancedheading.kt-adv-heading770_f6cd29-4e[data-kb-block=\"kb-adv-heading770_f6cd29-4e\"] mark.kt-highlight{font-style:normal;color:#f76a0c;-webkit-box-decoration-break:clone;box-decoration-break:clone;padding-top:0px;padding-right:0px;padding-bottom:0px;padding-left:0px;}.wp-block-kadence-advancedheading.kt-adv-heading770_f6cd29-4e img.kb-inline-image, .wp-block-kadence-advancedheading.kt-adv-heading770_f6cd29-4e[data-kb-block=\"kb-adv-heading770_f6cd29-4e\"] img.kb-inline-image{width:150px;vertical-align:baseline;}<\/style>\n<p class=\"kt-adv-heading770_f6cd29-4e wp-block-kadence-advancedheading has-theme-palette-3-color has-text-color\" data-kb-block=\"kb-adv-heading770_f6cd29-4e\">Czy wiedzieli\u015bcie, \u017ce w XVII wieku w Gda\u0144sku funkcjonowa\u0142a \u201ekomunikacja miejska\u201d oparta na \u0142odziach? A \u017ce to tutaj powsta\u0142a pierwsza na \u015bwiecie konstytucja miejska z elementami demokracji? Albo, \u017ce Gda\u0144sk jest w\u0142a\u015bciwie w ca\u0142o\u015bci odbudowany? Zagrajcie w TamTu i odkryjcie inne sekrety Gda\u0144ska, kt\u00f3rych nie znajdziecie w szkolnym podr\u0119czniku!<br><\/p>\n\n\n<style>.wp-block-kadence-advancedbtn.kb-btns770_f411c5-89{gap:var(--global-kb-gap-xs, 0.5rem );justify-content:flex-start;align-items:center;}.kt-btns770_f411c5-89 .kt-button{font-weight:normal;font-style:normal;}<\/style>\n<div class=\"wp-block-kadence-advancedbtn kb-buttons-wrap kb-btns770_f411c5-89\"><style>ul.menu .wp-block-kadence-advancedbtn .kb-btn770_feffc6-3c.kb-button{width:initial;}.wp-block-kadence-advancedbtn .kb-btn770_feffc6-3c.kb-button{border-top-left-radius:0px;border-top-right-radius:0px;border-bottom-right-radius:0px;border-bottom-left-radius:0px;border-top-color:var(--global-palette2, #2B6CB0);border-top-style:solid;border-right-color:var(--global-palette2, #2B6CB0);border-right-style:solid;border-bottom-color:var(--global-palette2, #2B6CB0);border-bottom-style:solid;border-left-color:var(--global-palette2, #2B6CB0);border-left-style:solid;}.wp-block-kadence-advancedbtn .kb-btn770_feffc6-3c.kb-button:hover, .wp-block-kadence-advancedbtn .kb-btn770_feffc6-3c.kb-button:focus{color:var(--global-palette9, #ffffff);background:var(--global-palette1, #3182CE);border-top-color:#444444;border-top-style:solid;border-right-color:#444444;border-right-style:solid;border-bottom-color:#444444;border-bottom-style:solid;border-left-color:#444444;border-left-style:solid;}@media all and (max-width: 1024px){.wp-block-kadence-advancedbtn .kb-btn770_feffc6-3c.kb-button{border-top-color:var(--global-palette2, #2B6CB0);border-top-style:solid;border-right-color:var(--global-palette2, #2B6CB0);border-right-style:solid;border-bottom-color:var(--global-palette2, #2B6CB0);border-bottom-style:solid;border-left-color:var(--global-palette2, #2B6CB0);border-left-style:solid;}}@media all and (max-width: 1024px){.wp-block-kadence-advancedbtn .kb-btn770_feffc6-3c.kb-button:hover, .wp-block-kadence-advancedbtn .kb-btn770_feffc6-3c.kb-button:focus{border-top-color:#444444;border-top-style:solid;border-right-color:#444444;border-right-style:solid;border-bottom-color:#444444;border-bottom-style:solid;border-left-color:#444444;border-left-style:solid;}}@media all and (max-width: 767px){.wp-block-kadence-advancedbtn .kb-btn770_feffc6-3c.kb-button{border-top-color:var(--global-palette2, #2B6CB0);border-top-style:solid;border-right-color:var(--global-palette2, #2B6CB0);border-right-style:solid;border-bottom-color:var(--global-palette2, #2B6CB0);border-bottom-style:solid;border-left-color:var(--global-palette2, #2B6CB0);border-left-style:solid;}.wp-block-kadence-advancedbtn .kb-btn770_feffc6-3c.kb-button:hover, .wp-block-kadence-advancedbtn .kb-btn770_feffc6-3c.kb-button:focus{border-top-color:#444444;border-top-style:solid;border-right-color:#444444;border-right-style:solid;border-bottom-color:#444444;border-bottom-style:solid;border-left-color:#444444;border-left-style:solid;}}<\/style><a class=\"kb-button kt-button button kb-btn770_feffc6-3c kt-btn-size-standard kt-btn-width-type-auto kb-btn-global-inherit  kt-btn-has-text-true kt-btn-has-svg-false  wp-block-button__link wp-block-kadence-singlebtn\" href=\"https:\/\/www.tamtu.com.pl\/index.php\/kontakt\/\"><span class=\"kt-btn-inner-text\">Zam\u00f3w u nas gr\u0119!<\/span><\/a><\/div>\n<\/div><\/div>\n\n\n<style>.kadence-column770_88328a-95 > .kt-inside-inner-col,.kadence-column770_88328a-95 > .kt-inside-inner-col:before{border-top-left-radius:0px;border-top-right-radius:0px;border-bottom-right-radius:0px;border-bottom-left-radius:0px;}.kadence-column770_88328a-95 > .kt-inside-inner-col{column-gap:0px;}.kadence-column770_88328a-95 > .kt-inside-inner-col{flex-direction:column;}.kadence-column770_88328a-95 > .kt-inside-inner-col > .aligncenter{width:100%;}.kadence-column770_88328a-95 > .kt-inside-inner-col:before{opacity:0.3;}.kadence-column770_88328a-95{text-align:left;}.kadence-column770_88328a-95{position:relative;}@media all and (max-width: 1024px){.kadence-column770_88328a-95 > .kt-inside-inner-col{padding-right:0px;flex-direction:column;justify-content:center;}}@media all and (max-width: 767px){.kadence-column770_88328a-95 > .kt-inside-inner-col{flex-direction:column;justify-content:center;}}<\/style>\n<div class=\"wp-block-kadence-column kadence-column770_88328a-95 kb-section-dir-vertical inner-column-2\"><div class=\"kt-inside-inner-col\"><style>.kb-image770_38835d-48:not(.kb-image-is-ratio-size) .kb-img, .kb-image770_38835d-48.kb-image-is-ratio-size{padding-top:0px;padding-bottom:0px;}.kb-image770_38835d-48 .kb-image-has-overlay:after{opacity:0.3;}@media all and (max-width: 1024px){.kb-image770_38835d-48:not(.kb-image-is-ratio-size) .kb-img, .kb-image770_38835d-48.kb-image-is-ratio-size{padding-top:var(--global-kb-spacing-md, 2rem);padding-bottom:0px;}}<\/style>\n<figure class=\"wp-block-kadence-image kb-image770_38835d-48 size-large kb-image-is-ratio-size\"><div class=\"kb-is-ratio-image kb-image-ratio-land43\"><img loading=\"lazy\" decoding=\"async\" width=\"768\" height=\"1024\" src=\"https:\/\/www.tamtu.com.pl\/wp-content\/uploads\/2025\/07\/pexels-zvolskiy-2199188-768x1024.jpg\" alt=\"\" class=\"kb-img wp-image-1103\" srcset=\"https:\/\/www.tamtu.com.pl\/wp-content\/uploads\/2025\/07\/pexels-zvolskiy-2199188-768x1024.jpg 768w, https:\/\/www.tamtu.com.pl\/wp-content\/uploads\/2025\/07\/pexels-zvolskiy-2199188-225x300.jpg 225w, https:\/\/www.tamtu.com.pl\/wp-content\/uploads\/2025\/07\/pexels-zvolskiy-2199188-1152x1536.jpg 1152w, https:\/\/www.tamtu.com.pl\/wp-content\/uploads\/2025\/07\/pexels-zvolskiy-2199188-1536x2048.jpg 1536w, https:\/\/www.tamtu.com.pl\/wp-content\/uploads\/2025\/07\/pexels-zvolskiy-2199188-scaled.jpg 1920w\" sizes=\"auto, (max-width: 768px) 100vw, 768px\" \/><\/div><\/figure>\n<\/div><\/div>\n\n<\/div><\/div>","protected":false},"excerpt":{"rendered":"<p>Gda\u0144sk Gda\u0144sk to miasto wolno\u015bci, bursztynu i wielkich odkry\u0107. Czy wiedzieli\u015bcie, \u017ce w XVII wieku w Gda\u0144sku funkcjonowa\u0142a \u201ekomunikacja miejska\u201d oparta na \u0142odziach? A \u017ce to tutaj powsta\u0142a pierwsza na \u015bwiecie konstytucja miejska z elementami demokracji? Albo, \u017ce Gda\u0144sk jest w\u0142a\u015bciwie w ca\u0142o\u015bci odbudowany? Zagrajcie w TamTu i odkryjcie inne sekrety Gda\u0144ska, kt\u00f3rych nie znajdziecie&#8230;<\/p>\n","protected":false},"author":1,"featured_media":0,"parent":864,"menu_order":0,"comment_status":"closed","ping_status":"closed","template":"","meta":{"_eb_attr":"","_kb_optimizer_status":0,"_kadence_starter_templates_imported_post":false,"_kad_post_transparent":"","_kad_post_title":"hide","_kad_post_layout":"","_kad_post_sidebar_id":"","_kad_post_content_style":"","_kad_post_vertical_padding":"","_kad_post_feature":"","_kad_post_feature_position":"","_kad_post_header":false,"_kad_post_footer":false,"_kad_post_classname":"","footnotes":""},"class_list":["post-770","page","type-page","status-publish","hentry"],"_links":{"self":[{"href":"https:\/\/www.tamtu.com.pl\/index.php\/wp-json\/wp\/v2\/pages\/770","targetHints":{"allow":["GET"]}}],"collection":[{"href":"https:\/\/www.tamtu.com.pl\/index.php\/wp-json\/wp\/v2\/pages"}],"about":[{"href":"https:\/\/www.tamtu.com.pl\/index.php\/wp-json\/wp\/v2\/types\/page"}],"author":[{"embeddable":true,"href":"https:\/\/www.tamtu.com.pl\/index.php\/wp-json\/wp\/v2\/users\/1"}],"replies":[{"embeddable":true,"href":"https:\/\/www.tamtu.com.pl\/index.php\/wp-json\/wp\/v2\/comments?post=770"}],"version-history":[{"count":6,"href":"https:\/\/www.tamtu.com.pl\/index.php\/wp-json\/wp\/v2\/pages\/770\/revisions"}],"predecessor-version":[{"id":1134,"href":"https:\/\/www.tamtu.com.pl\/index.php\/wp-json\/wp\/v2\/pages\/770\/revisions\/1134"}],"up":[{"embeddable":true,"href":"https:\/\/www.tamtu.com.pl\/index.php\/wp-json\/wp\/v2\/pages\/864"}],"wp:attachment":[{"href":"https:\/\/www.tamtu.com.pl\/index.php\/wp-json\/wp\/v2\/media?parent=770"}],"curies":[{"name":"wp","href":"https:\/\/api.w.org\/{rel}","templated":true}]}}