{"id":773,"date":"2025-06-23T12:39:52","date_gmt":"2025-06-23T12:39:52","guid":{"rendered":"https:\/\/www.tamtu.com.pl\/?page_id=773"},"modified":"2025-11-12T15:38:06","modified_gmt":"2025-11-12T15:38:06","slug":"modlin","status":"publish","type":"page","link":"https:\/\/www.tamtu.com.pl\/index.php\/gdzie-gramy\/modlin\/","title":{"rendered":"Modlin"},"content":{"rendered":"<style>.kb-row-layout-id773_6bd8e0-0d > .kt-row-column-wrap{align-content:start;}:where(.kb-row-layout-id773_6bd8e0-0d > .kt-row-column-wrap) > .wp-block-kadence-column{justify-content:start;}.kb-row-layout-id773_6bd8e0-0d > .kt-row-column-wrap{column-gap:var(--global-kb-gap-md, 2rem);row-gap:var(--global-kb-gap-md, 2rem);max-width:600px;margin-left:auto;margin-right:auto;padding-top:var(--global-kb-spacing-xxl, 5rem);padding-right:var(--global-kb-spacing-xs, 1rem);padding-bottom:var(--global-kb-spacing-lg, 3rem);padding-left:var(--global-kb-spacing-xs, 1rem);grid-template-columns:minmax(0, 1fr);}.kb-row-layout-id773_6bd8e0-0d > .kt-row-layout-overlay{opacity:0.30;}@media all and (max-width: 1024px){.kb-row-layout-id773_6bd8e0-0d > .kt-row-column-wrap{grid-template-columns:minmax(0, 1fr);}}@media all and (max-width: 767px){.kb-row-layout-id773_6bd8e0-0d > .kt-row-column-wrap{grid-template-columns:minmax(0, 1fr);}}<\/style><div class=\"kb-row-layout-wrap kb-row-layout-id773_6bd8e0-0d alignfull has-theme-palette7-background-color kt-row-has-bg wp-block-kadence-rowlayout\"><div class=\"kt-row-column-wrap kt-has-1-columns kt-row-layout-equal kt-tab-layout-inherit kt-mobile-layout-row kt-row-valign-top\">\n<style>.kadence-column773_b41425-c3 > .kt-inside-inner-col,.kadence-column773_b41425-c3 > .kt-inside-inner-col:before{border-top-left-radius:0px;border-top-right-radius:0px;border-bottom-right-radius:0px;border-bottom-left-radius:0px;}.kadence-column773_b41425-c3 > .kt-inside-inner-col{column-gap:var(--global-kb-gap-sm, 1rem);}.kadence-column773_b41425-c3 > .kt-inside-inner-col{flex-direction:column;}.kadence-column773_b41425-c3 > .kt-inside-inner-col > .aligncenter{width:100%;}.kadence-column773_b41425-c3 > .kt-inside-inner-col:before{opacity:0.3;}.kadence-column773_b41425-c3{position:relative;}.kadence-column773_b41425-c3, .kt-inside-inner-col > .kadence-column773_b41425-c3:not(.specificity){margin-top:0px;margin-right:0px;margin-bottom:0px;margin-left:0px;}@media all and (max-width: 1024px){.kadence-column773_b41425-c3 > .kt-inside-inner-col{flex-direction:column;justify-content:center;}}@media all and (max-width: 767px){.kadence-column773_b41425-c3 > .kt-inside-inner-col{flex-direction:column;justify-content:center;}}<\/style>\n<div class=\"wp-block-kadence-column kadence-column773_b41425-c3 inner-column-1\"><div class=\"kt-inside-inner-col\"><style>.wp-block-kadence-advancedheading.kt-adv-heading773_bf1559-b8, .wp-block-kadence-advancedheading.kt-adv-heading773_bf1559-b8[data-kb-block=\"kb-adv-heading773_bf1559-b8\"]{margin-bottom:var(--global-kb-spacing-lg, 3rem);text-align:center;font-size:var(--global-kb-font-size-lg, 2rem);font-weight:normal;font-style:normal;}.wp-block-kadence-advancedheading.kt-adv-heading773_bf1559-b8 mark.kt-highlight, .wp-block-kadence-advancedheading.kt-adv-heading773_bf1559-b8[data-kb-block=\"kb-adv-heading773_bf1559-b8\"] mark.kt-highlight{font-weight:normal;font-style:normal;color:#f76a0c;-webkit-box-decoration-break:clone;box-decoration-break:clone;padding-top:0px;padding-right:0px;padding-bottom:0px;padding-left:0px;}.wp-block-kadence-advancedheading.kt-adv-heading773_bf1559-b8 img.kb-inline-image, .wp-block-kadence-advancedheading.kt-adv-heading773_bf1559-b8[data-kb-block=\"kb-adv-heading773_bf1559-b8\"] img.kb-inline-image{width:150px;vertical-align:baseline;}<\/style>\n<h2 class=\"kt-adv-heading773_bf1559-b8 wp-block-kadence-advancedheading has-theme-palette-3-color has-text-color\" data-kb-block=\"kb-adv-heading773_bf1559-b8\">Modlin<\/h2>\n\n\n<style>.wp-block-kadence-advancedheading.kt-adv-heading773_b72ae7-8c, .wp-block-kadence-advancedheading.kt-adv-heading773_b72ae7-8c[data-kb-block=\"kb-adv-heading773_b72ae7-8c\"]{text-align:center;font-weight:normal;font-style:normal;}.wp-block-kadence-advancedheading.kt-adv-heading773_b72ae7-8c mark.kt-highlight, .wp-block-kadence-advancedheading.kt-adv-heading773_b72ae7-8c[data-kb-block=\"kb-adv-heading773_b72ae7-8c\"] mark.kt-highlight{font-weight:normal;font-style:normal;color:#f76a0c;-webkit-box-decoration-break:clone;box-decoration-break:clone;padding-top:0px;padding-right:0px;padding-bottom:0px;padding-left:0px;}.wp-block-kadence-advancedheading.kt-adv-heading773_b72ae7-8c img.kb-inline-image, .wp-block-kadence-advancedheading.kt-adv-heading773_b72ae7-8c[data-kb-block=\"kb-adv-heading773_b72ae7-8c\"] img.kb-inline-image{width:150px;vertical-align:baseline;}<\/style>\n<p class=\"kt-adv-heading773_b72ae7-8c wp-block-kadence-advancedheading has-theme-palette-3-color has-text-color\" data-kb-block=\"kb-adv-heading773_b72ae7-8c\">Modlin \u2013 tutaj historia m\u00f3wi g\u0142osem armat i mur\u00f3w!<\/p>\n<\/div><\/div>\n\n<\/div><\/div>\n\n<style>.kb-row-layout-id773_1b5a54-7a > .kt-row-column-wrap{align-content:start;}:where(.kb-row-layout-id773_1b5a54-7a > .kt-row-column-wrap) > .wp-block-kadence-column{justify-content:start;}.kb-row-layout-id773_1b5a54-7a > .kt-row-column-wrap{column-gap:var(--global-kb-gap-md, 2rem);row-gap:var(--global-kb-gap-md, 2rem);max-width:var( --global-content-width, 1290px );padding-left:var(--global-content-edge-padding);padding-right:var(--global-content-edge-padding);padding-top:var(--global-kb-spacing-xxl, 5rem);padding-bottom:var(--global-kb-spacing-xxl, 5rem);grid-template-columns:minmax(0, 1fr);}.kb-row-layout-id773_1b5a54-7a > .kt-row-layout-overlay{opacity:0.30;}@media all and (max-width: 1024px){.kb-row-layout-id773_1b5a54-7a > .kt-row-column-wrap{grid-template-columns:minmax(0, 1fr);}}@media all and (max-width: 767px){.kb-row-layout-id773_1b5a54-7a > .kt-row-column-wrap{grid-template-columns:minmax(0, 1fr);}}<\/style><div class=\"kb-row-layout-wrap kb-row-layout-id773_1b5a54-7a alignfull has-theme-palette9-background-color kt-row-has-bg wp-block-kadence-rowlayout\"><div class=\"kt-row-column-wrap kt-has-2-columns kt-row-layout-row kt-tab-layout-inherit kt-mobile-layout-row kt-row-valign-top kb-theme-content-width\">\n<style>.kadence-column773_375074-df > .kt-inside-inner-col{padding-top:0px;padding-bottom:0px;}.kadence-column773_375074-df > .kt-inside-inner-col,.kadence-column773_375074-df > .kt-inside-inner-col:before{border-top-left-radius:0px;border-top-right-radius:0px;border-bottom-right-radius:0px;border-bottom-left-radius:0px;}.kadence-column773_375074-df > .kt-inside-inner-col{column-gap:var(--global-kb-gap-sm, 1rem);}.kadence-column773_375074-df > .kt-inside-inner-col{flex-direction:column;}.kadence-column773_375074-df > .kt-inside-inner-col > .aligncenter{width:100%;}.kadence-column773_375074-df > .kt-inside-inner-col:before{opacity:0.3;}.kadence-column773_375074-df{position:relative;}@media all and (max-width: 1024px){.kadence-column773_375074-df > .kt-inside-inner-col{flex-direction:column;justify-content:center;}}@media all and (max-width: 767px){.kadence-column773_375074-df > .kt-inside-inner-col{flex-direction:column;justify-content:center;}}<\/style>\n<div class=\"wp-block-kadence-column kadence-column773_375074-df\"><div class=\"kt-inside-inner-col\"><\/div><\/div>\n\n\n<style>.kadence-column773_257550-ed > .kt-inside-inner-col,.kadence-column773_257550-ed > .kt-inside-inner-col:before{border-top-left-radius:0px;border-top-right-radius:0px;border-bottom-right-radius:0px;border-bottom-left-radius:0px;}.kadence-column773_257550-ed > .kt-inside-inner-col{column-gap:var(--global-kb-gap-sm, 1rem);}.kadence-column773_257550-ed > .kt-inside-inner-col{flex-direction:column;}.kadence-column773_257550-ed > .kt-inside-inner-col > .aligncenter{width:100%;}.kadence-column773_257550-ed > .kt-inside-inner-col:before{opacity:0.3;}.kadence-column773_257550-ed{position:relative;}@media all and (max-width: 1024px){.kadence-column773_257550-ed > .kt-inside-inner-col{flex-direction:column;justify-content:center;}}@media all and (max-width: 767px){.kadence-column773_257550-ed > .kt-inside-inner-col{flex-direction:column;justify-content:center;}}<\/style>\n<div class=\"wp-block-kadence-column kadence-column773_257550-ed\"><div class=\"kt-inside-inner-col\"><style>.wp-block-kadence-advancedgallery .kb-gallery-type-masonry.kb-gallery-id-773_048678-21{margin:-10px;}.kb-gallery-type-masonry.kb-gallery-id-773_048678-21 .kadence-blocks-gallery-item{padding:10px;}.kb-gallery-id-773_048678-21 .kadence-blocks-gallery-item .kb-gal-image-radius, .kb-gallery-id-773_048678-21 .kb-slide-item .kb-gal-image-radius img{border-radius:0px 0px 0px 0px;;}<\/style><div class=\"kb-gallery-wrap-id-773_048678-21 alignnone wp-block-kadence-advancedgallery\"><ul class=\"kb-gallery-ul kb-gallery-non-static kb-gallery-type-masonry kb-masonry-init kb-gallery-id-773_048678-21 kb-gallery-caption-style-bottom-hover kb-gallery-filter-none\" data-image-filter=\"none\" data-item-selector=\".kadence-blocks-gallery-item\" data-lightbox-caption=\"true\" data-columns-xxl=\"3\" data-columns-xl=\"3\" data-columns-md=\"3\" data-columns-sm=\"2\" data-columns-xs=\"1\" data-columns-ss=\"1\"><li class=\"kadence-blocks-gallery-item\" tabindex=\"0\"><div class=\"kadence-blocks-gallery-item-inner\"><figure class=\"kb-gallery-figure kadence-blocks-gallery-item-hide-caption\"><div class=\"kb-gal-image-radius\" style=\"max-width:1024px;\"><div class=\"kb-gallery-image-contain kadence-blocks-gallery-intrinsic\" style=\"padding-bottom:75%;\"><img loading=\"lazy\" decoding=\"async\" src=\"https:\/\/www.tamtu.com.pl\/wp-content\/uploads\/2025\/11\/IMG_0374-1024x768.jpg\" width=\"1024\" height=\"768\" alt=\"\" data-full-image=\"https:\/\/www.tamtu.com.pl\/wp-content\/uploads\/2025\/11\/IMG_0374.jpg\" data-light-image=\"https:\/\/www.tamtu.com.pl\/wp-content\/uploads\/2025\/11\/IMG_0374.jpg\" data-id=\"1328\" class=\"wp-image-1328\" srcset=\"https:\/\/www.tamtu.com.pl\/wp-content\/uploads\/2025\/11\/IMG_0374-1024x768.jpg 1024w, https:\/\/www.tamtu.com.pl\/wp-content\/uploads\/2025\/11\/IMG_0374-300x225.jpg 300w, https:\/\/www.tamtu.com.pl\/wp-content\/uploads\/2025\/11\/IMG_0374-768x576.jpg 768w, https:\/\/www.tamtu.com.pl\/wp-content\/uploads\/2025\/11\/IMG_0374-1536x1152.jpg 1536w, https:\/\/www.tamtu.com.pl\/wp-content\/uploads\/2025\/11\/IMG_0374.jpg 2048w\" sizes=\"auto, (max-width: 1024px) 100vw, 1024px\" \/><\/div><\/div><\/figure><\/div><\/li><li class=\"kadence-blocks-gallery-item\" tabindex=\"0\"><div class=\"kadence-blocks-gallery-item-inner\"><figure class=\"kb-gallery-figure kadence-blocks-gallery-item-hide-caption\"><div class=\"kb-gal-image-radius\" style=\"max-width:1024px;\"><div class=\"kb-gallery-image-contain kadence-blocks-gallery-intrinsic\" style=\"padding-bottom:75%;\"><img loading=\"lazy\" decoding=\"async\" src=\"https:\/\/www.tamtu.com.pl\/wp-content\/uploads\/2025\/11\/IMG_0375-1024x768.jpg\" width=\"1024\" height=\"768\" alt=\"\" data-full-image=\"https:\/\/www.tamtu.com.pl\/wp-content\/uploads\/2025\/11\/IMG_0375.jpg\" data-light-image=\"https:\/\/www.tamtu.com.pl\/wp-content\/uploads\/2025\/11\/IMG_0375.jpg\" data-id=\"1327\" class=\"wp-image-1327\" srcset=\"https:\/\/www.tamtu.com.pl\/wp-content\/uploads\/2025\/11\/IMG_0375-1024x768.jpg 1024w, https:\/\/www.tamtu.com.pl\/wp-content\/uploads\/2025\/11\/IMG_0375-300x225.jpg 300w, https:\/\/www.tamtu.com.pl\/wp-content\/uploads\/2025\/11\/IMG_0375-768x576.jpg 768w, https:\/\/www.tamtu.com.pl\/wp-content\/uploads\/2025\/11\/IMG_0375-1536x1152.jpg 1536w, https:\/\/www.tamtu.com.pl\/wp-content\/uploads\/2025\/11\/IMG_0375.jpg 2048w\" sizes=\"auto, (max-width: 1024px) 100vw, 1024px\" \/><\/div><\/div><\/figure><\/div><\/li><li class=\"kadence-blocks-gallery-item\" tabindex=\"0\"><div class=\"kadence-blocks-gallery-item-inner\"><figure class=\"kb-gallery-figure kadence-blocks-gallery-item-hide-caption\"><div class=\"kb-gal-image-radius\" style=\"max-width:1024px;\"><div class=\"kb-gallery-image-contain kadence-blocks-gallery-intrinsic\" style=\"padding-bottom:75%;\"><img loading=\"lazy\" decoding=\"async\" src=\"https:\/\/www.tamtu.com.pl\/wp-content\/uploads\/2025\/11\/IMG_0376-1024x768.jpg\" width=\"1024\" height=\"768\" alt=\"\" data-full-image=\"https:\/\/www.tamtu.com.pl\/wp-content\/uploads\/2025\/11\/IMG_0376.jpg\" data-light-image=\"https:\/\/www.tamtu.com.pl\/wp-content\/uploads\/2025\/11\/IMG_0376.jpg\" data-id=\"1326\" class=\"wp-image-1326\" srcset=\"https:\/\/www.tamtu.com.pl\/wp-content\/uploads\/2025\/11\/IMG_0376-1024x768.jpg 1024w, https:\/\/www.tamtu.com.pl\/wp-content\/uploads\/2025\/11\/IMG_0376-300x225.jpg 300w, https:\/\/www.tamtu.com.pl\/wp-content\/uploads\/2025\/11\/IMG_0376-768x576.jpg 768w, https:\/\/www.tamtu.com.pl\/wp-content\/uploads\/2025\/11\/IMG_0376-1536x1152.jpg 1536w, https:\/\/www.tamtu.com.pl\/wp-content\/uploads\/2025\/11\/IMG_0376.jpg 2048w\" sizes=\"auto, (max-width: 1024px) 100vw, 1024px\" \/><\/div><\/div><\/figure><\/div><\/li><\/ul><\/div><\/div><\/div>\n\n<\/div><\/div>\n\n<style>.kb-row-layout-id773_059483-ef > .kt-row-column-wrap{align-content:center;}:where(.kb-row-layout-id773_059483-ef > .kt-row-column-wrap) > .wp-block-kadence-column{justify-content:center;}.kb-row-layout-id773_059483-ef > .kt-row-column-wrap{column-gap:var(--global-kb-gap-lg, 4rem);row-gap:var(--global-kb-gap-md, 2rem);max-width:var( --global-content-width, 1290px );padding-left:var(--global-content-edge-padding);padding-right:var(--global-content-edge-padding);padding-top:var(--global-kb-spacing-xxl, 5rem);padding-bottom:var(--global-kb-spacing-xxl, 5rem);grid-template-columns:repeat(2, minmax(0, 1fr));}.kb-row-layout-id773_059483-ef > .kt-row-layout-overlay{opacity:0.30;}@media all and (max-width: 1024px){.kb-row-layout-id773_059483-ef > .kt-row-column-wrap{column-gap:var(--global-kb-gap-none, 0rem );row-gap:var(--global-kb-gap-none, 0rem );grid-template-columns:minmax(0, 1fr);}}@media all and (max-width: 767px){.kb-row-layout-id773_059483-ef > .kt-row-column-wrap{grid-template-columns:minmax(0, 1fr);}}<\/style><div class=\"kb-row-layout-wrap kb-row-layout-id773_059483-ef alignfull has-theme-palette9-background-color kt-row-has-bg wp-block-kadence-rowlayout\"><div class=\"kt-row-column-wrap kt-has-2-columns kt-row-layout-equal kt-tab-layout-row kt-mobile-layout-row kt-row-valign-middle kb-theme-content-width\">\n<style>.kadence-column773_699bb1-5d > .kt-inside-inner-col{display:flex;}.kadence-column773_699bb1-5d > .kt-inside-inner-col{padding-top:0px;padding-bottom:0px;}.kadence-column773_699bb1-5d > .kt-inside-inner-col,.kadence-column773_699bb1-5d > .kt-inside-inner-col:before{border-top-left-radius:0px;border-top-right-radius:0px;border-bottom-right-radius:0px;border-bottom-left-radius:0px;}.kadence-column773_699bb1-5d > .kt-inside-inner-col{column-gap:var(--global-kb-gap-sm, 1rem);}.kadence-column773_699bb1-5d > .kt-inside-inner-col{flex-direction:column;justify-content:flex-start;}.kadence-column773_699bb1-5d > .kt-inside-inner-col > .aligncenter{width:100%;}.kt-row-column-wrap > .kadence-column773_699bb1-5d{align-self:flex-start;}.kt-inner-column-height-full:not(.kt-has-1-columns) > .wp-block-kadence-column.kadence-column773_699bb1-5d{align-self:auto;}.kt-inner-column-height-full:not(.kt-has-1-columns) > .wp-block-kadence-column.kadence-column773_699bb1-5d > .kt-inside-inner-col{flex-direction:column;justify-content:flex-start;}.kadence-column773_699bb1-5d > .kt-inside-inner-col:before{opacity:0.3;}.kadence-column773_699bb1-5d{text-align:left;}.kadence-column773_699bb1-5d{position:relative;}@media all and (max-width: 1024px){.kadence-column773_699bb1-5d > .kt-inside-inner-col{padding-top:var(--global-kb-spacing-lg, 3rem);padding-bottom:var(--global-kb-spacing-md, 2rem);flex-direction:column;justify-content:flex-start;}}@media all and (max-width: 1024px){.kt-row-column-wrap > .kadence-column773_699bb1-5d{align-self:flex-start;}}@media all and (max-width: 1024px){.kt-inner-column-height-full:not(.kt-has-1-columns) > .wp-block-kadence-column.kadence-column773_699bb1-5d{align-self:auto;}}@media all and (max-width: 1024px){.kt-inner-column-height-full:not(.kt-has-1-columns) > .wp-block-kadence-column.kadence-column773_699bb1-5d > .kt-inside-inner-col{flex-direction:column;justify-content:flex-start;}}@media all and (max-width: 767px){.kt-row-column-wrap > .kadence-column773_699bb1-5d{align-self:flex-start;}.kt-inner-column-height-full:not(.kt-has-1-columns) > .wp-block-kadence-column.kadence-column773_699bb1-5d{align-self:auto;}.kt-inner-column-height-full:not(.kt-has-1-columns) > .wp-block-kadence-column.kadence-column773_699bb1-5d > .kt-inside-inner-col{flex-direction:column;justify-content:flex-start;}.kadence-column773_699bb1-5d > .kt-inside-inner-col{flex-direction:column;justify-content:flex-start;}}@media only screen and (min-width: 1025px) {n .kadence-column773_699bb1-5d {n   align-items:flex-end;n }n}<\/style>\n<div class=\"wp-block-kadence-column kadence-column773_699bb1-5d kb-section-dir-vertical inner-column-1\"><div class=\"kt-inside-inner-col\"><style>.wp-block-kadence-advancedheading.kt-adv-heading773_6aa6cc-d7, .wp-block-kadence-advancedheading.kt-adv-heading773_6aa6cc-d7[data-kb-block=\"kb-adv-heading773_6aa6cc-d7\"]{max-width:586px;font-size:var(--global-kb-font-size-lg, 2rem);line-height:1.2;font-style:normal;}.wp-block-kadence-advancedheading.kt-adv-heading773_6aa6cc-d7 mark.kt-highlight, .wp-block-kadence-advancedheading.kt-adv-heading773_6aa6cc-d7[data-kb-block=\"kb-adv-heading773_6aa6cc-d7\"] mark.kt-highlight{font-style:normal;color:#f76a0c;-webkit-box-decoration-break:clone;box-decoration-break:clone;padding-top:0px;padding-right:0px;padding-bottom:0px;padding-left:0px;}.wp-block-kadence-advancedheading.kt-adv-heading773_6aa6cc-d7 img.kb-inline-image, .wp-block-kadence-advancedheading.kt-adv-heading773_6aa6cc-d7[data-kb-block=\"kb-adv-heading773_6aa6cc-d7\"] img.kb-inline-image{width:150px;vertical-align:baseline;}<\/style>\n<h2 class=\"kt-adv-heading773_6aa6cc-d7 wp-block-kadence-advancedheading has-theme-palette-3-color has-text-color\" data-kb-block=\"kb-adv-heading773_6aa6cc-d7\"><\/h2>\n\n\n<style>.wp-block-kadence-advancedheading.kt-adv-heading773_eec3c3-a3, .wp-block-kadence-advancedheading.kt-adv-heading773_eec3c3-a3[data-kb-block=\"kb-adv-heading773_eec3c3-a3\"]{max-width:586px;margin-bottom:var(--global-kb-spacing-sm, 1.5rem);font-style:normal;}.wp-block-kadence-advancedheading.kt-adv-heading773_eec3c3-a3 mark.kt-highlight, .wp-block-kadence-advancedheading.kt-adv-heading773_eec3c3-a3[data-kb-block=\"kb-adv-heading773_eec3c3-a3\"] mark.kt-highlight{font-style:normal;color:#f76a0c;-webkit-box-decoration-break:clone;box-decoration-break:clone;padding-top:0px;padding-right:0px;padding-bottom:0px;padding-left:0px;}.wp-block-kadence-advancedheading.kt-adv-heading773_eec3c3-a3 img.kb-inline-image, .wp-block-kadence-advancedheading.kt-adv-heading773_eec3c3-a3[data-kb-block=\"kb-adv-heading773_eec3c3-a3\"] img.kb-inline-image{width:150px;vertical-align:baseline;}<\/style>\n<p class=\"kt-adv-heading773_eec3c3-a3 wp-block-kadence-advancedheading has-theme-palette-3-color has-text-color\" data-kb-block=\"kb-adv-heading773_eec3c3-a3\">Twierdza Modlin to jedna z najwi\u0119kszych i najlepiej zachowanych twierdz w Europie. W grze TamTu przemierzysz tunele, odkryjesz bunkry i poznasz tajemnice francuskich i rosyjskich garnizon\u00f3w. A mo\u017ce uda Ci si\u0119 odnale\u017a\u0107 zaginione wej\u015bcie do podziemi i odkry\u0107 tajemnic\u0119 garnizonowego nied\u017awiedzia?<br><\/p>\n\n\n<style>.wp-block-kadence-advancedbtn.kb-btns773_2854ff-c8{gap:var(--global-kb-gap-xs, 0.5rem );justify-content:flex-start;align-items:center;}.kt-btns773_2854ff-c8 .kt-button{font-weight:normal;font-style:normal;}<\/style>\n<div class=\"wp-block-kadence-advancedbtn kb-buttons-wrap kb-btns773_2854ff-c8\"><style>ul.menu .wp-block-kadence-advancedbtn .kb-btn773_430ba7-8d.kb-button{width:initial;}.wp-block-kadence-advancedbtn .kb-btn773_430ba7-8d.kb-button{border-top-left-radius:0px;border-top-right-radius:0px;border-bottom-right-radius:0px;border-bottom-left-radius:0px;border-top-color:var(--global-palette2, #2B6CB0);border-top-style:solid;border-right-color:var(--global-palette2, #2B6CB0);border-right-style:solid;border-bottom-color:var(--global-palette2, #2B6CB0);border-bottom-style:solid;border-left-color:var(--global-palette2, #2B6CB0);border-left-style:solid;}.wp-block-kadence-advancedbtn .kb-btn773_430ba7-8d.kb-button:hover, .wp-block-kadence-advancedbtn .kb-btn773_430ba7-8d.kb-button:focus{color:var(--global-palette9, #ffffff);background:var(--global-palette1, #3182CE);border-top-color:#444444;border-top-style:solid;border-right-color:#444444;border-right-style:solid;border-bottom-color:#444444;border-bottom-style:solid;border-left-color:#444444;border-left-style:solid;}@media all and (max-width: 1024px){.wp-block-kadence-advancedbtn .kb-btn773_430ba7-8d.kb-button{border-top-color:var(--global-palette2, #2B6CB0);border-top-style:solid;border-right-color:var(--global-palette2, #2B6CB0);border-right-style:solid;border-bottom-color:var(--global-palette2, #2B6CB0);border-bottom-style:solid;border-left-color:var(--global-palette2, #2B6CB0);border-left-style:solid;}}@media all and (max-width: 1024px){.wp-block-kadence-advancedbtn .kb-btn773_430ba7-8d.kb-button:hover, .wp-block-kadence-advancedbtn .kb-btn773_430ba7-8d.kb-button:focus{border-top-color:#444444;border-top-style:solid;border-right-color:#444444;border-right-style:solid;border-bottom-color:#444444;border-bottom-style:solid;border-left-color:#444444;border-left-style:solid;}}@media all and (max-width: 767px){.wp-block-kadence-advancedbtn .kb-btn773_430ba7-8d.kb-button{border-top-color:var(--global-palette2, #2B6CB0);border-top-style:solid;border-right-color:var(--global-palette2, #2B6CB0);border-right-style:solid;border-bottom-color:var(--global-palette2, #2B6CB0);border-bottom-style:solid;border-left-color:var(--global-palette2, #2B6CB0);border-left-style:solid;}.wp-block-kadence-advancedbtn .kb-btn773_430ba7-8d.kb-button:hover, .wp-block-kadence-advancedbtn .kb-btn773_430ba7-8d.kb-button:focus{border-top-color:#444444;border-top-style:solid;border-right-color:#444444;border-right-style:solid;border-bottom-color:#444444;border-bottom-style:solid;border-left-color:#444444;border-left-style:solid;}}<\/style><a class=\"kb-button kt-button button kb-btn773_430ba7-8d kt-btn-size-standard kt-btn-width-type-auto kb-btn-global-inherit  kt-btn-has-text-true kt-btn-has-svg-false  wp-block-button__link wp-block-kadence-singlebtn\" href=\"https:\/\/www.tamtu.com.pl\/index.php\/kontakt\/\"><span class=\"kt-btn-inner-text\">Zam\u00f3w u nas gr\u0119!<\/span><\/a><\/div>\n<\/div><\/div>\n\n\n<style>.kadence-column773_83257f-f3 > .kt-inside-inner-col,.kadence-column773_83257f-f3 > .kt-inside-inner-col:before{border-top-left-radius:0px;border-top-right-radius:0px;border-bottom-right-radius:0px;border-bottom-left-radius:0px;}.kadence-column773_83257f-f3 > .kt-inside-inner-col{column-gap:0px;}.kadence-column773_83257f-f3 > .kt-inside-inner-col{flex-direction:column;}.kadence-column773_83257f-f3 > .kt-inside-inner-col > .aligncenter{width:100%;}.kadence-column773_83257f-f3 > .kt-inside-inner-col:before{opacity:0.3;}.kadence-column773_83257f-f3{text-align:left;}.kadence-column773_83257f-f3{position:relative;}@media all and (max-width: 1024px){.kadence-column773_83257f-f3 > .kt-inside-inner-col{padding-right:0px;flex-direction:column;justify-content:center;}}@media all and (max-width: 767px){.kadence-column773_83257f-f3 > .kt-inside-inner-col{flex-direction:column;justify-content:center;}}<\/style>\n<div class=\"wp-block-kadence-column kadence-column773_83257f-f3 kb-section-dir-vertical inner-column-2\"><div class=\"kt-inside-inner-col\"><style>.kb-image773_950f0d-b9:not(.kb-image-is-ratio-size) .kb-img, .kb-image773_950f0d-b9.kb-image-is-ratio-size{padding-top:0px;padding-bottom:0px;}.kb-image773_950f0d-b9 .kb-image-has-overlay:after{opacity:0.3;}@media all and (max-width: 1024px){.kb-image773_950f0d-b9:not(.kb-image-is-ratio-size) .kb-img, .kb-image773_950f0d-b9.kb-image-is-ratio-size{padding-top:var(--global-kb-spacing-md, 2rem);padding-bottom:0px;}}<\/style>\n<figure class=\"wp-block-kadence-image kb-image773_950f0d-b9 size-large kb-image-is-ratio-size\"><div class=\"kb-is-ratio-image kb-image-ratio-land43\"><img loading=\"lazy\" decoding=\"async\" width=\"1024\" height=\"768\" src=\"https:\/\/www.tamtu.com.pl\/wp-content\/uploads\/2025\/11\/IMG_0377-1-1024x768.jpg\" alt=\"\" class=\"kb-img wp-image-1329\" srcset=\"https:\/\/www.tamtu.com.pl\/wp-content\/uploads\/2025\/11\/IMG_0377-1-1024x768.jpg 1024w, https:\/\/www.tamtu.com.pl\/wp-content\/uploads\/2025\/11\/IMG_0377-1-300x225.jpg 300w, https:\/\/www.tamtu.com.pl\/wp-content\/uploads\/2025\/11\/IMG_0377-1-768x576.jpg 768w, https:\/\/www.tamtu.com.pl\/wp-content\/uploads\/2025\/11\/IMG_0377-1-1536x1152.jpg 1536w, https:\/\/www.tamtu.com.pl\/wp-content\/uploads\/2025\/11\/IMG_0377-1.jpg 2048w\" sizes=\"auto, (max-width: 1024px) 100vw, 1024px\" \/><\/div><\/figure>\n<\/div><\/div>\n\n<\/div><\/div>","protected":false},"excerpt":{"rendered":"<p>Modlin Modlin \u2013 tutaj historia m\u00f3wi g\u0142osem armat i mur\u00f3w! Twierdza Modlin to jedna z najwi\u0119kszych i najlepiej zachowanych twierdz w Europie. W grze TamTu przemierzysz tunele, odkryjesz bunkry i poznasz tajemnice francuskich i rosyjskich garnizon\u00f3w. A mo\u017ce uda Ci si\u0119 odnale\u017a\u0107 zaginione wej\u015bcie do podziemi i odkry\u0107 tajemnic\u0119 garnizonowego nied\u017awiedzia?<\/p>\n","protected":false},"author":1,"featured_media":0,"parent":864,"menu_order":0,"comment_status":"closed","ping_status":"closed","template":"","meta":{"_eb_attr":"","_kb_optimizer_status":0,"_kadence_starter_templates_imported_post":false,"_kad_post_transparent":"","_kad_post_title":"hide","_kad_post_layout":"","_kad_post_sidebar_id":"","_kad_post_content_style":"","_kad_post_vertical_padding":"","_kad_post_feature":"","_kad_post_feature_position":"","_kad_post_header":false,"_kad_post_footer":false,"_kad_post_classname":"","footnotes":""},"class_list":["post-773","page","type-page","status-publish","hentry"],"_links":{"self":[{"href":"https:\/\/www.tamtu.com.pl\/index.php\/wp-json\/wp\/v2\/pages\/773","targetHints":{"allow":["GET"]}}],"collection":[{"href":"https:\/\/www.tamtu.com.pl\/index.php\/wp-json\/wp\/v2\/pages"}],"about":[{"href":"https:\/\/www.tamtu.com.pl\/index.php\/wp-json\/wp\/v2\/types\/page"}],"author":[{"embeddable":true,"href":"https:\/\/www.tamtu.com.pl\/index.php\/wp-json\/wp\/v2\/users\/1"}],"replies":[{"embeddable":true,"href":"https:\/\/www.tamtu.com.pl\/index.php\/wp-json\/wp\/v2\/comments?post=773"}],"version-history":[{"count":4,"href":"https:\/\/www.tamtu.com.pl\/index.php\/wp-json\/wp\/v2\/pages\/773\/revisions"}],"predecessor-version":[{"id":1330,"href":"https:\/\/www.tamtu.com.pl\/index.php\/wp-json\/wp\/v2\/pages\/773\/revisions\/1330"}],"up":[{"embeddable":true,"href":"https:\/\/www.tamtu.com.pl\/index.php\/wp-json\/wp\/v2\/pages\/864"}],"wp:attachment":[{"href":"https:\/\/www.tamtu.com.pl\/index.php\/wp-json\/wp\/v2\/media?parent=773"}],"curies":[{"name":"wp","href":"https:\/\/api.w.org\/{rel}","templated":true}]}}