{"id":775,"date":"2025-06-23T12:39:52","date_gmt":"2025-06-23T12:39:52","guid":{"rendered":"https:\/\/www.tamtu.com.pl\/?page_id=775"},"modified":"2025-12-29T18:50:35","modified_gmt":"2025-12-29T18:50:35","slug":"lubniewice","status":"publish","type":"page","link":"https:\/\/www.tamtu.com.pl\/index.php\/gdzie-gramy\/lubniewice\/","title":{"rendered":"Lubniewice"},"content":{"rendered":"<style>.kb-row-layout-id775_671587-34 > .kt-row-column-wrap{align-content:start;}:where(.kb-row-layout-id775_671587-34 > .kt-row-column-wrap) > .wp-block-kadence-column{justify-content:start;}.kb-row-layout-id775_671587-34 > .kt-row-column-wrap{column-gap:var(--global-kb-gap-md, 2rem);row-gap:var(--global-kb-gap-md, 2rem);max-width:600px;margin-left:auto;margin-right:auto;padding-top:var(--global-kb-spacing-xxl, 5rem);padding-right:var(--global-kb-spacing-xs, 1rem);padding-bottom:var(--global-kb-spacing-lg, 3rem);padding-left:var(--global-kb-spacing-xs, 1rem);grid-template-columns:minmax(0, 1fr);}.kb-row-layout-id775_671587-34{background-image:url('https:\/\/www.tamtu.com.pl\/wp-content\/uploads\/2025\/12\/zamek-lubniewice.jpg');background-size:cover;background-position:52% 43%;background-attachment:scroll;background-repeat:no-repeat;}.kb-row-layout-id775_671587-34 > .kt-row-layout-overlay{opacity:0.26;background-color:var(--global-palette3, #1A202C);}@media all and (max-width: 1024px){.kb-row-layout-id775_671587-34 > .kt-row-column-wrap{grid-template-columns:minmax(0, 1fr);}}@media all and (max-width: 767px){.kb-row-layout-id775_671587-34 > .kt-row-column-wrap{grid-template-columns:minmax(0, 1fr);}}<\/style><div class=\"kb-row-layout-wrap kb-row-layout-id775_671587-34 alignfull has-theme-palette7-background-color kt-row-has-bg wp-block-kadence-rowlayout\"><div class=\"kt-row-layout-overlay kt-row-overlay-normal\"><\/div><div class=\"kt-row-column-wrap kt-has-1-columns kt-row-layout-equal kt-tab-layout-inherit kt-mobile-layout-row kt-row-valign-top\">\n<style>.kadence-column775_92cad4-1f > .kt-inside-inner-col,.kadence-column775_92cad4-1f > .kt-inside-inner-col:before{border-top-left-radius:0px;border-top-right-radius:0px;border-bottom-right-radius:0px;border-bottom-left-radius:0px;}.kadence-column775_92cad4-1f > .kt-inside-inner-col{column-gap:var(--global-kb-gap-sm, 1rem);}.kadence-column775_92cad4-1f > .kt-inside-inner-col{flex-direction:column;}.kadence-column775_92cad4-1f > .kt-inside-inner-col > .aligncenter{width:100%;}.kadence-column775_92cad4-1f > .kt-inside-inner-col:before{opacity:0.3;}.kadence-column775_92cad4-1f{position:relative;}.kadence-column775_92cad4-1f, .kt-inside-inner-col > .kadence-column775_92cad4-1f:not(.specificity){margin-top:0px;margin-right:0px;margin-bottom:0px;margin-left:0px;}@media all and (max-width: 1024px){.kadence-column775_92cad4-1f > .kt-inside-inner-col{flex-direction:column;justify-content:center;}}@media all and (max-width: 767px){.kadence-column775_92cad4-1f > .kt-inside-inner-col{flex-direction:column;justify-content:center;}}<\/style>\n<div class=\"wp-block-kadence-column kadence-column775_92cad4-1f inner-column-1\"><div class=\"kt-inside-inner-col\"><style>.wp-block-kadence-advancedheading.kt-adv-heading775_362456-70, .wp-block-kadence-advancedheading.kt-adv-heading775_362456-70[data-kb-block=\"kb-adv-heading775_362456-70\"]{margin-bottom:var(--global-kb-spacing-lg, 3rem);text-align:center;font-size:var(--global-kb-font-size-lg, 2rem);font-weight:normal;font-style:normal;}.wp-block-kadence-advancedheading.kt-adv-heading775_362456-70 mark.kt-highlight, .wp-block-kadence-advancedheading.kt-adv-heading775_362456-70[data-kb-block=\"kb-adv-heading775_362456-70\"] mark.kt-highlight{font-weight:normal;font-style:normal;color:#f76a0c;-webkit-box-decoration-break:clone;box-decoration-break:clone;padding-top:0px;padding-right:0px;padding-bottom:0px;padding-left:0px;}.wp-block-kadence-advancedheading.kt-adv-heading775_362456-70 img.kb-inline-image, .wp-block-kadence-advancedheading.kt-adv-heading775_362456-70[data-kb-block=\"kb-adv-heading775_362456-70\"] img.kb-inline-image{width:150px;vertical-align:baseline;}<\/style>\n<h2 class=\"kt-adv-heading775_362456-70 wp-block-kadence-advancedheading has-theme-palette-3-color has-text-color\" data-kb-block=\"kb-adv-heading775_362456-70\"><mark style=\"background-color:rgba(0, 0, 0, 0)\" class=\"has-inline-color has-theme-palette-8-color\">Lubniewice<\/mark><\/h2>\n\n\n<style>.wp-block-kadence-advancedheading.kt-adv-heading775_a4f2ee-78, .wp-block-kadence-advancedheading.kt-adv-heading775_a4f2ee-78[data-kb-block=\"kb-adv-heading775_a4f2ee-78\"]{text-align:center;font-weight:normal;font-style:normal;}.wp-block-kadence-advancedheading.kt-adv-heading775_a4f2ee-78 mark.kt-highlight, .wp-block-kadence-advancedheading.kt-adv-heading775_a4f2ee-78[data-kb-block=\"kb-adv-heading775_a4f2ee-78\"] mark.kt-highlight{font-weight:normal;font-style:normal;color:#f76a0c;-webkit-box-decoration-break:clone;box-decoration-break:clone;padding-top:0px;padding-right:0px;padding-bottom:0px;padding-left:0px;}.wp-block-kadence-advancedheading.kt-adv-heading775_a4f2ee-78 img.kb-inline-image, .wp-block-kadence-advancedheading.kt-adv-heading775_a4f2ee-78[data-kb-block=\"kb-adv-heading775_a4f2ee-78\"] img.kb-inline-image{width:150px;vertical-align:baseline;}<\/style>\n<p class=\"kt-adv-heading775_a4f2ee-78 wp-block-kadence-advancedheading has-theme-palette-3-color has-text-color\" data-kb-block=\"kb-adv-heading775_a4f2ee-78\"><mark style=\"background-color:rgba(0, 0, 0, 0)\" class=\"has-inline-color has-theme-palette-8-color\">Lubniewice \u2013 ma\u0142e miasteczko o wielkim uroku!<\/mark><\/p>\n<\/div><\/div>\n\n<\/div><\/div>\n\n<style>.kb-row-layout-id775_a9a234-2c > .kt-row-column-wrap{align-content:center;}:where(.kb-row-layout-id775_a9a234-2c > .kt-row-column-wrap) > .wp-block-kadence-column{justify-content:center;}.kb-row-layout-id775_a9a234-2c > .kt-row-column-wrap{column-gap:var(--global-kb-gap-lg, 4rem);row-gap:var(--global-kb-gap-md, 2rem);max-width:var( --global-content-width, 1290px );padding-left:var(--global-content-edge-padding);padding-right:var(--global-content-edge-padding);padding-top:var(--global-kb-spacing-xxl, 5rem);padding-bottom:var(--global-kb-spacing-xxl, 5rem);grid-template-columns:repeat(2, minmax(0, 1fr));}.kb-row-layout-id775_a9a234-2c > .kt-row-layout-overlay{opacity:0.30;}@media all and (max-width: 1024px){.kb-row-layout-id775_a9a234-2c > .kt-row-column-wrap{column-gap:var(--global-kb-gap-none, 0rem );row-gap:var(--global-kb-gap-none, 0rem );grid-template-columns:minmax(0, 1fr);}}@media all and (max-width: 767px){.kb-row-layout-id775_a9a234-2c > .kt-row-column-wrap{grid-template-columns:minmax(0, 1fr);}}<\/style><div class=\"kb-row-layout-wrap kb-row-layout-id775_a9a234-2c alignfull has-theme-palette9-background-color kt-row-has-bg wp-block-kadence-rowlayout\"><div class=\"kt-row-column-wrap kt-has-2-columns kt-row-layout-equal kt-tab-layout-row kt-mobile-layout-row kt-row-valign-middle kb-theme-content-width\">\n<style>.kadence-column775_56bf7e-db > .kt-inside-inner-col{display:flex;}.kadence-column775_56bf7e-db > .kt-inside-inner-col{padding-top:0px;padding-bottom:0px;}.kadence-column775_56bf7e-db > .kt-inside-inner-col,.kadence-column775_56bf7e-db > .kt-inside-inner-col:before{border-top-left-radius:0px;border-top-right-radius:0px;border-bottom-right-radius:0px;border-bottom-left-radius:0px;}.kadence-column775_56bf7e-db > .kt-inside-inner-col{column-gap:var(--global-kb-gap-sm, 1rem);}.kadence-column775_56bf7e-db > .kt-inside-inner-col{flex-direction:column;justify-content:flex-start;}.kadence-column775_56bf7e-db > .kt-inside-inner-col > .aligncenter{width:100%;}.kt-row-column-wrap > .kadence-column775_56bf7e-db{align-self:flex-start;}.kt-inner-column-height-full:not(.kt-has-1-columns) > .wp-block-kadence-column.kadence-column775_56bf7e-db{align-self:auto;}.kt-inner-column-height-full:not(.kt-has-1-columns) > .wp-block-kadence-column.kadence-column775_56bf7e-db > .kt-inside-inner-col{flex-direction:column;justify-content:flex-start;}.kadence-column775_56bf7e-db > .kt-inside-inner-col:before{opacity:0.3;}.kadence-column775_56bf7e-db{text-align:left;}.kadence-column775_56bf7e-db{position:relative;}@media all and (max-width: 1024px){.kadence-column775_56bf7e-db > .kt-inside-inner-col{padding-top:var(--global-kb-spacing-lg, 3rem);padding-bottom:var(--global-kb-spacing-md, 2rem);flex-direction:column;justify-content:flex-start;}}@media all and (max-width: 1024px){.kt-row-column-wrap > .kadence-column775_56bf7e-db{align-self:flex-start;}}@media all and (max-width: 1024px){.kt-inner-column-height-full:not(.kt-has-1-columns) > .wp-block-kadence-column.kadence-column775_56bf7e-db{align-self:auto;}}@media all and (max-width: 1024px){.kt-inner-column-height-full:not(.kt-has-1-columns) > .wp-block-kadence-column.kadence-column775_56bf7e-db > .kt-inside-inner-col{flex-direction:column;justify-content:flex-start;}}@media all and (max-width: 767px){.kt-row-column-wrap > .kadence-column775_56bf7e-db{align-self:flex-start;}.kt-inner-column-height-full:not(.kt-has-1-columns) > .wp-block-kadence-column.kadence-column775_56bf7e-db{align-self:auto;}.kt-inner-column-height-full:not(.kt-has-1-columns) > .wp-block-kadence-column.kadence-column775_56bf7e-db > .kt-inside-inner-col{flex-direction:column;justify-content:flex-start;}.kadence-column775_56bf7e-db > .kt-inside-inner-col{flex-direction:column;justify-content:flex-start;}}@media only screen and (min-width: 1025px) {n .kadence-column775_56bf7e-db {n   align-items:flex-end;n }n}<\/style>\n<div class=\"wp-block-kadence-column kadence-column775_56bf7e-db kb-section-dir-vertical inner-column-1\"><div class=\"kt-inside-inner-col\">\n<figure class=\"wp-block-image size-large\"><img loading=\"lazy\" decoding=\"async\" width=\"1024\" height=\"756\" src=\"https:\/\/www.tamtu.com.pl\/wp-content\/uploads\/2025\/12\/Lubniewice_oraz_jezioro_Krajnik_widziane_od_poludniowego_zachodu_aerial_2023-2-1024x756.jpg\" alt=\"\" class=\"wp-image-1575\" srcset=\"https:\/\/www.tamtu.com.pl\/wp-content\/uploads\/2025\/12\/Lubniewice_oraz_jezioro_Krajnik_widziane_od_poludniowego_zachodu_aerial_2023-2-1024x756.jpg 1024w, https:\/\/www.tamtu.com.pl\/wp-content\/uploads\/2025\/12\/Lubniewice_oraz_jezioro_Krajnik_widziane_od_poludniowego_zachodu_aerial_2023-2-300x221.jpg 300w, https:\/\/www.tamtu.com.pl\/wp-content\/uploads\/2025\/12\/Lubniewice_oraz_jezioro_Krajnik_widziane_od_poludniowego_zachodu_aerial_2023-2-768x567.jpg 768w, https:\/\/www.tamtu.com.pl\/wp-content\/uploads\/2025\/12\/Lubniewice_oraz_jezioro_Krajnik_widziane_od_poludniowego_zachodu_aerial_2023-2-1536x1134.jpg 1536w, https:\/\/www.tamtu.com.pl\/wp-content\/uploads\/2025\/12\/Lubniewice_oraz_jezioro_Krajnik_widziane_od_poludniowego_zachodu_aerial_2023-2-2048x1512.jpg 2048w\" sizes=\"auto, (max-width: 1024px) 100vw, 1024px\" \/><\/figure>\n\n\n<style>.wp-block-kadence-advancedheading.kt-adv-heading775_4c7554-3d, .wp-block-kadence-advancedheading.kt-adv-heading775_4c7554-3d[data-kb-block=\"kb-adv-heading775_4c7554-3d\"]{max-width:586px;font-size:var(--global-kb-font-size-lg, 2rem);line-height:1.2;font-style:normal;}.wp-block-kadence-advancedheading.kt-adv-heading775_4c7554-3d mark.kt-highlight, .wp-block-kadence-advancedheading.kt-adv-heading775_4c7554-3d[data-kb-block=\"kb-adv-heading775_4c7554-3d\"] mark.kt-highlight{font-style:normal;color:#f76a0c;-webkit-box-decoration-break:clone;box-decoration-break:clone;padding-top:0px;padding-right:0px;padding-bottom:0px;padding-left:0px;}.wp-block-kadence-advancedheading.kt-adv-heading775_4c7554-3d img.kb-inline-image, .wp-block-kadence-advancedheading.kt-adv-heading775_4c7554-3d[data-kb-block=\"kb-adv-heading775_4c7554-3d\"] img.kb-inline-image{width:150px;vertical-align:baseline;}<\/style>\n<h2 class=\"kt-adv-heading775_4c7554-3d wp-block-kadence-advancedheading has-theme-palette-3-color has-text-color\" data-kb-block=\"kb-adv-heading775_4c7554-3d\"><\/h2>\n\n\n<style>.wp-block-kadence-advancedheading.kt-adv-heading775_2c2424-bb, .wp-block-kadence-advancedheading.kt-adv-heading775_2c2424-bb[data-kb-block=\"kb-adv-heading775_2c2424-bb\"]{max-width:586px;margin-bottom:var(--global-kb-spacing-sm, 1.5rem);font-style:normal;}.wp-block-kadence-advancedheading.kt-adv-heading775_2c2424-bb mark.kt-highlight, .wp-block-kadence-advancedheading.kt-adv-heading775_2c2424-bb[data-kb-block=\"kb-adv-heading775_2c2424-bb\"] mark.kt-highlight{font-style:normal;color:#f76a0c;-webkit-box-decoration-break:clone;box-decoration-break:clone;padding-top:0px;padding-right:0px;padding-bottom:0px;padding-left:0px;}.wp-block-kadence-advancedheading.kt-adv-heading775_2c2424-bb img.kb-inline-image, .wp-block-kadence-advancedheading.kt-adv-heading775_2c2424-bb[data-kb-block=\"kb-adv-heading775_2c2424-bb\"] img.kb-inline-image{width:150px;vertical-align:baseline;}<\/style>\n<p class=\"kt-adv-heading775_2c2424-bb wp-block-kadence-advancedheading has-theme-palette-3-color has-text-color\" data-kb-block=\"kb-adv-heading775_2c2424-bb\">Ukryte mi\u0119dzy jeziorami Lubi\u0105\u017c i Lubniewsko, zachwyca romantyczn\u0105 histori\u0105 i\u2026 domem Johna \u2013 specjalist\u0105 od zwi\u0105zk\u00f3w, kt\u00f3ry tutaj mia\u0142 swoj\u0105 szko\u0142\u0119 mi\u0142o\u015bci. W grze TamTu odkryjesz bajkowe alejki, ukryte pomniki i tajemnice mi\u0142o\u015bci w sercu lubuskiej natury.<br><\/p>\n\n\n<style>.wp-block-kadence-advancedbtn.kb-btns775_b50b82-d3{gap:var(--global-kb-gap-xs, 0.5rem );justify-content:flex-start;align-items:center;}.kt-btns775_b50b82-d3 .kt-button{font-weight:normal;font-style:normal;}<\/style>\n<div class=\"wp-block-kadence-advancedbtn kb-buttons-wrap kb-btns775_b50b82-d3\"><style>ul.menu .wp-block-kadence-advancedbtn .kb-btn775_2a31c8-63.kb-button{width:initial;}.wp-block-kadence-advancedbtn .kb-btn775_2a31c8-63.kb-button{border-top-left-radius:0px;border-top-right-radius:0px;border-bottom-right-radius:0px;border-bottom-left-radius:0px;border-top-color:var(--global-palette2, #2B6CB0);border-top-style:solid;border-right-color:var(--global-palette2, #2B6CB0);border-right-style:solid;border-bottom-color:var(--global-palette2, #2B6CB0);border-bottom-style:solid;border-left-color:var(--global-palette2, #2B6CB0);border-left-style:solid;}.wp-block-kadence-advancedbtn .kb-btn775_2a31c8-63.kb-button:hover, .wp-block-kadence-advancedbtn .kb-btn775_2a31c8-63.kb-button:focus{color:var(--global-palette9, #ffffff);background:var(--global-palette1, #3182CE);border-top-color:#444444;border-top-style:solid;border-right-color:#444444;border-right-style:solid;border-bottom-color:#444444;border-bottom-style:solid;border-left-color:#444444;border-left-style:solid;}@media all and (max-width: 1024px){.wp-block-kadence-advancedbtn .kb-btn775_2a31c8-63.kb-button{border-top-color:var(--global-palette2, #2B6CB0);border-top-style:solid;border-right-color:var(--global-palette2, #2B6CB0);border-right-style:solid;border-bottom-color:var(--global-palette2, #2B6CB0);border-bottom-style:solid;border-left-color:var(--global-palette2, #2B6CB0);border-left-style:solid;}}@media all and (max-width: 1024px){.wp-block-kadence-advancedbtn .kb-btn775_2a31c8-63.kb-button:hover, .wp-block-kadence-advancedbtn .kb-btn775_2a31c8-63.kb-button:focus{border-top-color:#444444;border-top-style:solid;border-right-color:#444444;border-right-style:solid;border-bottom-color:#444444;border-bottom-style:solid;border-left-color:#444444;border-left-style:solid;}}@media all and (max-width: 767px){.wp-block-kadence-advancedbtn .kb-btn775_2a31c8-63.kb-button{border-top-color:var(--global-palette2, #2B6CB0);border-top-style:solid;border-right-color:var(--global-palette2, #2B6CB0);border-right-style:solid;border-bottom-color:var(--global-palette2, #2B6CB0);border-bottom-style:solid;border-left-color:var(--global-palette2, #2B6CB0);border-left-style:solid;}.wp-block-kadence-advancedbtn .kb-btn775_2a31c8-63.kb-button:hover, .wp-block-kadence-advancedbtn .kb-btn775_2a31c8-63.kb-button:focus{border-top-color:#444444;border-top-style:solid;border-right-color:#444444;border-right-style:solid;border-bottom-color:#444444;border-bottom-style:solid;border-left-color:#444444;border-left-style:solid;}}<\/style><a class=\"kb-button kt-button button kb-btn775_2a31c8-63 kt-btn-size-standard kt-btn-width-type-auto kb-btn-global-inherit  kt-btn-has-text-true kt-btn-has-svg-false  wp-block-button__link wp-block-kadence-singlebtn\" href=\"https:\/\/www.tamtu.com.pl\/index.php\/kontakt\/\"><span class=\"kt-btn-inner-text\">Porozmawiaj z nami!<\/span><\/a><\/div>\n<\/div><\/div>\n\n\n<style>.kadence-column775_cb2c2c-ee > .kt-inside-inner-col,.kadence-column775_cb2c2c-ee > .kt-inside-inner-col:before{border-top-left-radius:0px;border-top-right-radius:0px;border-bottom-right-radius:0px;border-bottom-left-radius:0px;}.kadence-column775_cb2c2c-ee > .kt-inside-inner-col{column-gap:0px;}.kadence-column775_cb2c2c-ee > .kt-inside-inner-col{flex-direction:column;}.kadence-column775_cb2c2c-ee > .kt-inside-inner-col > .aligncenter{width:100%;}.kadence-column775_cb2c2c-ee > .kt-inside-inner-col:before{opacity:0.3;}.kadence-column775_cb2c2c-ee{text-align:left;}.kadence-column775_cb2c2c-ee{position:relative;}@media all and (max-width: 1024px){.kadence-column775_cb2c2c-ee > .kt-inside-inner-col{padding-right:0px;flex-direction:column;justify-content:center;}}@media all and (max-width: 767px){.kadence-column775_cb2c2c-ee > .kt-inside-inner-col{flex-direction:column;justify-content:center;}}<\/style>\n<div class=\"wp-block-kadence-column kadence-column775_cb2c2c-ee kb-section-dir-vertical inner-column-2\"><div class=\"kt-inside-inner-col\"><style>.kb-image775_ff9c77-e7:not(.kb-image-is-ratio-size) .kb-img, .kb-image775_ff9c77-e7.kb-image-is-ratio-size{padding-top:0px;padding-bottom:0px;}.kb-image775_ff9c77-e7 .kb-image-has-overlay:after{opacity:0.3;}@media all and (max-width: 1024px){.kb-image775_ff9c77-e7:not(.kb-image-is-ratio-size) .kb-img, .kb-image775_ff9c77-e7.kb-image-is-ratio-size{padding-top:var(--global-kb-spacing-md, 2rem);padding-bottom:0px;}}<\/style>\n<figure class=\"wp-block-kadence-image kb-image775_ff9c77-e7 size-large kb-image-is-ratio-size\"><div class=\"kb-is-ratio-image kb-image-ratio-land43\"><img loading=\"lazy\" decoding=\"async\" width=\"1024\" height=\"1024\" src=\"https:\/\/www.tamtu.com.pl\/wp-content\/uploads\/2025\/12\/gmina-lubniewice-slider1-1-1024x1024.jpg\" alt=\"\" class=\"kb-img wp-image-1573\" srcset=\"https:\/\/www.tamtu.com.pl\/wp-content\/uploads\/2025\/12\/gmina-lubniewice-slider1-1-1024x1024.jpg 1024w, https:\/\/www.tamtu.com.pl\/wp-content\/uploads\/2025\/12\/gmina-lubniewice-slider1-1-300x300.jpg 300w, https:\/\/www.tamtu.com.pl\/wp-content\/uploads\/2025\/12\/gmina-lubniewice-slider1-1-150x150.jpg 150w, https:\/\/www.tamtu.com.pl\/wp-content\/uploads\/2025\/12\/gmina-lubniewice-slider1-1-768x768.jpg 768w, https:\/\/www.tamtu.com.pl\/wp-content\/uploads\/2025\/12\/gmina-lubniewice-slider1-1.jpg 1500w\" sizes=\"auto, (max-width: 1024px) 100vw, 1024px\" \/><\/div><\/figure>\n<\/div><\/div>\n\n<\/div><\/div>","protected":false},"excerpt":{"rendered":"<p>Lubniewice Lubniewice \u2013 ma\u0142e miasteczko o wielkim uroku! Ukryte mi\u0119dzy jeziorami Lubi\u0105\u017c i Lubniewsko, zachwyca romantyczn\u0105 histori\u0105 i\u2026 domem Johna \u2013 specjalist\u0105 od zwi\u0105zk\u00f3w, kt\u00f3ry tutaj mia\u0142 swoj\u0105 szko\u0142\u0119 mi\u0142o\u015bci. W grze TamTu odkryjesz bajkowe alejki, ukryte pomniki i tajemnice mi\u0142o\u015bci w sercu lubuskiej natury.<\/p>\n","protected":false},"author":1,"featured_media":0,"parent":864,"menu_order":0,"comment_status":"closed","ping_status":"closed","template":"","meta":{"_eb_attr":"","_kb_optimizer_status":0,"_kadence_starter_templates_imported_post":false,"_kad_post_transparent":"","_kad_post_title":"hide","_kad_post_layout":"","_kad_post_sidebar_id":"","_kad_post_content_style":"","_kad_post_vertical_padding":"","_kad_post_feature":"","_kad_post_feature_position":"","_kad_post_header":false,"_kad_post_footer":false,"_kad_post_classname":"","footnotes":""},"class_list":["post-775","page","type-page","status-publish","hentry"],"_links":{"self":[{"href":"https:\/\/www.tamtu.com.pl\/index.php\/wp-json\/wp\/v2\/pages\/775","targetHints":{"allow":["GET"]}}],"collection":[{"href":"https:\/\/www.tamtu.com.pl\/index.php\/wp-json\/wp\/v2\/pages"}],"about":[{"href":"https:\/\/www.tamtu.com.pl\/index.php\/wp-json\/wp\/v2\/types\/page"}],"author":[{"embeddable":true,"href":"https:\/\/www.tamtu.com.pl\/index.php\/wp-json\/wp\/v2\/users\/1"}],"replies":[{"embeddable":true,"href":"https:\/\/www.tamtu.com.pl\/index.php\/wp-json\/wp\/v2\/comments?post=775"}],"version-history":[{"count":4,"href":"https:\/\/www.tamtu.com.pl\/index.php\/wp-json\/wp\/v2\/pages\/775\/revisions"}],"predecessor-version":[{"id":1576,"href":"https:\/\/www.tamtu.com.pl\/index.php\/wp-json\/wp\/v2\/pages\/775\/revisions\/1576"}],"up":[{"embeddable":true,"href":"https:\/\/www.tamtu.com.pl\/index.php\/wp-json\/wp\/v2\/pages\/864"}],"wp:attachment":[{"href":"https:\/\/www.tamtu.com.pl\/index.php\/wp-json\/wp\/v2\/media?parent=775"}],"curies":[{"name":"wp","href":"https:\/\/api.w.org\/{rel}","templated":true}]}}