{"id":776,"date":"2025-06-23T12:39:52","date_gmt":"2025-06-23T12:39:52","guid":{"rendered":"https:\/\/www.tamtu.com.pl\/?page_id=776"},"modified":"2025-07-06T14:09:49","modified_gmt":"2025-07-06T14:09:49","slug":"znin","status":"publish","type":"page","link":"https:\/\/www.tamtu.com.pl\/index.php\/gdzie-gramy\/znin\/","title":{"rendered":"\u017bnin"},"content":{"rendered":"<style>.kb-row-layout-id776_462756-f1 > .kt-row-column-wrap{align-content:start;}:where(.kb-row-layout-id776_462756-f1 > .kt-row-column-wrap) > .wp-block-kadence-column{justify-content:start;}.kb-row-layout-id776_462756-f1 > .kt-row-column-wrap{column-gap:var(--global-kb-gap-md, 2rem);row-gap:var(--global-kb-gap-md, 2rem);max-width:600px;margin-left:auto;margin-right:auto;padding-top:var(--global-kb-spacing-xxl, 5rem);padding-right:var(--global-kb-spacing-xs, 1rem);padding-bottom:var(--global-kb-spacing-lg, 3rem);padding-left:var(--global-kb-spacing-xs, 1rem);grid-template-columns:minmax(0, 1fr);}.kb-row-layout-id776_462756-f1 > .kt-row-layout-overlay{opacity:0.30;}@media all and (max-width: 1024px){.kb-row-layout-id776_462756-f1 > .kt-row-column-wrap{grid-template-columns:minmax(0, 1fr);}}@media all and (max-width: 767px){.kb-row-layout-id776_462756-f1 > .kt-row-column-wrap{grid-template-columns:minmax(0, 1fr);}}<\/style><div class=\"kb-row-layout-wrap kb-row-layout-id776_462756-f1 alignfull has-theme-palette7-background-color kt-row-has-bg wp-block-kadence-rowlayout\"><div class=\"kt-row-column-wrap kt-has-1-columns kt-row-layout-equal kt-tab-layout-inherit kt-mobile-layout-row kt-row-valign-top\">\n<style>.kadence-column776_c8a9ca-f6 > .kt-inside-inner-col,.kadence-column776_c8a9ca-f6 > .kt-inside-inner-col:before{border-top-left-radius:0px;border-top-right-radius:0px;border-bottom-right-radius:0px;border-bottom-left-radius:0px;}.kadence-column776_c8a9ca-f6 > .kt-inside-inner-col{column-gap:var(--global-kb-gap-sm, 1rem);}.kadence-column776_c8a9ca-f6 > .kt-inside-inner-col{flex-direction:column;}.kadence-column776_c8a9ca-f6 > .kt-inside-inner-col > .aligncenter{width:100%;}.kadence-column776_c8a9ca-f6 > .kt-inside-inner-col:before{opacity:0.3;}.kadence-column776_c8a9ca-f6{position:relative;}.kadence-column776_c8a9ca-f6, .kt-inside-inner-col > .kadence-column776_c8a9ca-f6:not(.specificity){margin-top:0px;margin-right:0px;margin-bottom:0px;margin-left:0px;}@media all and (max-width: 1024px){.kadence-column776_c8a9ca-f6 > .kt-inside-inner-col{flex-direction:column;justify-content:center;}}@media all and (max-width: 767px){.kadence-column776_c8a9ca-f6 > .kt-inside-inner-col{flex-direction:column;justify-content:center;}}<\/style>\n<div class=\"wp-block-kadence-column kadence-column776_c8a9ca-f6 inner-column-1\"><div class=\"kt-inside-inner-col\"><style>.wp-block-kadence-advancedheading.kt-adv-heading776_46d309-8d, .wp-block-kadence-advancedheading.kt-adv-heading776_46d309-8d[data-kb-block=\"kb-adv-heading776_46d309-8d\"]{margin-bottom:var(--global-kb-spacing-lg, 3rem);text-align:center;font-size:var(--global-kb-font-size-lg, 2rem);font-weight:normal;font-style:normal;}.wp-block-kadence-advancedheading.kt-adv-heading776_46d309-8d mark.kt-highlight, .wp-block-kadence-advancedheading.kt-adv-heading776_46d309-8d[data-kb-block=\"kb-adv-heading776_46d309-8d\"] mark.kt-highlight{font-weight:normal;font-style:normal;color:#f76a0c;-webkit-box-decoration-break:clone;box-decoration-break:clone;padding-top:0px;padding-right:0px;padding-bottom:0px;padding-left:0px;}.wp-block-kadence-advancedheading.kt-adv-heading776_46d309-8d img.kb-inline-image, .wp-block-kadence-advancedheading.kt-adv-heading776_46d309-8d[data-kb-block=\"kb-adv-heading776_46d309-8d\"] img.kb-inline-image{width:150px;vertical-align:baseline;}<\/style>\n<h2 class=\"kt-adv-heading776_46d309-8d wp-block-kadence-advancedheading has-theme-palette-3-color has-text-color\" data-kb-block=\"kb-adv-heading776_46d309-8d\">\u017bnin<\/h2>\n\n\n<style>.wp-block-kadence-advancedheading.kt-adv-heading776_353cf4-35, .wp-block-kadence-advancedheading.kt-adv-heading776_353cf4-35[data-kb-block=\"kb-adv-heading776_353cf4-35\"]{text-align:center;font-weight:normal;font-style:normal;}.wp-block-kadence-advancedheading.kt-adv-heading776_353cf4-35 mark.kt-highlight, .wp-block-kadence-advancedheading.kt-adv-heading776_353cf4-35[data-kb-block=\"kb-adv-heading776_353cf4-35\"] mark.kt-highlight{font-weight:normal;font-style:normal;color:#f76a0c;-webkit-box-decoration-break:clone;box-decoration-break:clone;padding-top:0px;padding-right:0px;padding-bottom:0px;padding-left:0px;}.wp-block-kadence-advancedheading.kt-adv-heading776_353cf4-35 img.kb-inline-image, .wp-block-kadence-advancedheading.kt-adv-heading776_353cf4-35[data-kb-block=\"kb-adv-heading776_353cf4-35\"] img.kb-inline-image{width:150px;vertical-align:baseline;}<\/style>\n<p class=\"kt-adv-heading776_353cf4-35 wp-block-kadence-advancedheading has-theme-palette-3-color has-text-color\" data-kb-block=\"kb-adv-heading776_353cf4-35\">\u017bnin to miasto, kt\u00f3re naprawd\u0119 potrafi zaskoczy\u0107! Z jednej strony zachwyca industrialnym pi\u0119knem \u2013 dzi\u0119ki rewitalizacji Cukrowni przez Grup\u0119 ARCHE, z drugiej \u2013 kusi niezwyk\u0142\u0105 histori\u0105.<\/p>\n<\/div><\/div>\n\n<\/div><\/div>\n\n<style>.kb-row-layout-id776_c33395-35 > .kt-row-column-wrap{align-content:start;}:where(.kb-row-layout-id776_c33395-35 > .kt-row-column-wrap) > .wp-block-kadence-column{justify-content:start;}.kb-row-layout-id776_c33395-35 > .kt-row-column-wrap{column-gap:var(--global-kb-gap-md, 2rem);row-gap:var(--global-kb-gap-md, 2rem);max-width:var( --global-content-width, 1290px );padding-left:var(--global-content-edge-padding);padding-right:var(--global-content-edge-padding);padding-top:var(--global-kb-spacing-xxl, 5rem);padding-bottom:var(--global-kb-spacing-xxl, 5rem);grid-template-columns:minmax(0, 1fr);}.kb-row-layout-id776_c33395-35 > .kt-row-layout-overlay{opacity:0.30;}@media all and (max-width: 1024px){.kb-row-layout-id776_c33395-35 > .kt-row-column-wrap{grid-template-columns:minmax(0, 1fr);}}@media all and (max-width: 767px){.kb-row-layout-id776_c33395-35 > .kt-row-column-wrap{grid-template-columns:minmax(0, 1fr);}}<\/style><div class=\"kb-row-layout-wrap kb-row-layout-id776_c33395-35 alignfull has-theme-palette9-background-color kt-row-has-bg wp-block-kadence-rowlayout\"><div class=\"kt-row-column-wrap kt-has-2-columns kt-row-layout-row kt-tab-layout-inherit kt-mobile-layout-row kt-row-valign-top kb-theme-content-width\">\n<style>.kadence-column776_3bf781-db > .kt-inside-inner-col{padding-top:0px;padding-bottom:0px;}.kadence-column776_3bf781-db > .kt-inside-inner-col,.kadence-column776_3bf781-db > .kt-inside-inner-col:before{border-top-left-radius:0px;border-top-right-radius:0px;border-bottom-right-radius:0px;border-bottom-left-radius:0px;}.kadence-column776_3bf781-db > .kt-inside-inner-col{column-gap:var(--global-kb-gap-sm, 1rem);}.kadence-column776_3bf781-db > .kt-inside-inner-col{flex-direction:column;}.kadence-column776_3bf781-db > .kt-inside-inner-col > .aligncenter{width:100%;}.kadence-column776_3bf781-db > .kt-inside-inner-col:before{opacity:0.3;}.kadence-column776_3bf781-db{position:relative;}@media all and (max-width: 1024px){.kadence-column776_3bf781-db > .kt-inside-inner-col{flex-direction:column;justify-content:center;}}@media all and (max-width: 767px){.kadence-column776_3bf781-db > .kt-inside-inner-col{flex-direction:column;justify-content:center;}}<\/style>\n<div class=\"wp-block-kadence-column kadence-column776_3bf781-db\"><div class=\"kt-inside-inner-col\">\n<figure class=\"wp-block-gallery has-nested-images columns-default is-cropped wp-block-gallery-1 is-layout-flex wp-block-gallery-is-layout-flex\">\n<figure class=\"wp-block-image size-large\"><img loading=\"lazy\" decoding=\"async\" width=\"1024\" height=\"768\" data-id=\"1121\" src=\"https:\/\/www.tamtu.com.pl\/wp-content\/uploads\/2025\/07\/image_20-1-1024x768.jpg\" alt=\"\" class=\"wp-image-1121\" srcset=\"https:\/\/www.tamtu.com.pl\/wp-content\/uploads\/2025\/07\/image_20-1-1024x768.jpg 1024w, https:\/\/www.tamtu.com.pl\/wp-content\/uploads\/2025\/07\/image_20-1-300x225.jpg 300w, https:\/\/www.tamtu.com.pl\/wp-content\/uploads\/2025\/07\/image_20-1-768x576.jpg 768w, https:\/\/www.tamtu.com.pl\/wp-content\/uploads\/2025\/07\/image_20-1-1536x1152.jpg 1536w, https:\/\/www.tamtu.com.pl\/wp-content\/uploads\/2025\/07\/image_20-1.jpg 1920w\" sizes=\"auto, (max-width: 1024px) 100vw, 1024px\" \/><\/figure>\n\n\n\n<figure class=\"wp-block-image size-large\"><img loading=\"lazy\" decoding=\"async\" width=\"768\" height=\"1024\" data-id=\"1122\" src=\"https:\/\/www.tamtu.com.pl\/wp-content\/uploads\/2025\/07\/image_67-768x1024.jpg\" alt=\"\" class=\"wp-image-1122\" srcset=\"https:\/\/www.tamtu.com.pl\/wp-content\/uploads\/2025\/07\/image_67-768x1024.jpg 768w, https:\/\/www.tamtu.com.pl\/wp-content\/uploads\/2025\/07\/image_67-225x300.jpg 225w, https:\/\/www.tamtu.com.pl\/wp-content\/uploads\/2025\/07\/image_67-1152x1536.jpg 1152w, https:\/\/www.tamtu.com.pl\/wp-content\/uploads\/2025\/07\/image_67-1536x2048.jpg 1536w, https:\/\/www.tamtu.com.pl\/wp-content\/uploads\/2025\/07\/image_67.jpg 1920w\" sizes=\"auto, (max-width: 768px) 100vw, 768px\" \/><\/figure>\n\n\n\n<figure class=\"wp-block-image size-large\"><img loading=\"lazy\" decoding=\"async\" width=\"1024\" height=\"768\" data-id=\"1123\" src=\"https:\/\/www.tamtu.com.pl\/wp-content\/uploads\/2025\/07\/image_58-1024x768.jpg\" alt=\"\" class=\"wp-image-1123\" srcset=\"https:\/\/www.tamtu.com.pl\/wp-content\/uploads\/2025\/07\/image_58-1024x768.jpg 1024w, https:\/\/www.tamtu.com.pl\/wp-content\/uploads\/2025\/07\/image_58-300x225.jpg 300w, https:\/\/www.tamtu.com.pl\/wp-content\/uploads\/2025\/07\/image_58-768x576.jpg 768w, https:\/\/www.tamtu.com.pl\/wp-content\/uploads\/2025\/07\/image_58-1536x1152.jpg 1536w, https:\/\/www.tamtu.com.pl\/wp-content\/uploads\/2025\/07\/image_58.jpg 1920w\" sizes=\"auto, (max-width: 1024px) 100vw, 1024px\" \/><\/figure>\n<\/figure>\n<\/div><\/div>\n\n\n<style>.kadence-column776_8b7d80-81 > .kt-inside-inner-col,.kadence-column776_8b7d80-81 > .kt-inside-inner-col:before{border-top-left-radius:0px;border-top-right-radius:0px;border-bottom-right-radius:0px;border-bottom-left-radius:0px;}.kadence-column776_8b7d80-81 > .kt-inside-inner-col{column-gap:var(--global-kb-gap-sm, 1rem);}.kadence-column776_8b7d80-81 > .kt-inside-inner-col{flex-direction:column;}.kadence-column776_8b7d80-81 > .kt-inside-inner-col > .aligncenter{width:100%;}.kadence-column776_8b7d80-81 > .kt-inside-inner-col:before{opacity:0.3;}.kadence-column776_8b7d80-81{position:relative;}@media all and (max-width: 1024px){.kadence-column776_8b7d80-81 > .kt-inside-inner-col{flex-direction:column;justify-content:center;}}@media all and (max-width: 767px){.kadence-column776_8b7d80-81 > .kt-inside-inner-col{flex-direction:column;justify-content:center;}}<\/style>\n<div class=\"wp-block-kadence-column kadence-column776_8b7d80-81\"><div class=\"kt-inside-inner-col\"><\/div><\/div>\n\n<\/div><\/div>\n\n<style>.kb-row-layout-id776_cdea3b-29 > .kt-row-column-wrap{align-content:center;}:where(.kb-row-layout-id776_cdea3b-29 > .kt-row-column-wrap) > .wp-block-kadence-column{justify-content:center;}.kb-row-layout-id776_cdea3b-29 > .kt-row-column-wrap{column-gap:var(--global-kb-gap-lg, 4rem);row-gap:var(--global-kb-gap-md, 2rem);max-width:var( --global-content-width, 1290px );padding-left:var(--global-content-edge-padding);padding-right:var(--global-content-edge-padding);padding-top:var(--global-kb-spacing-xxl, 5rem);padding-bottom:var(--global-kb-spacing-xxl, 5rem);grid-template-columns:repeat(2, minmax(0, 1fr));}.kb-row-layout-id776_cdea3b-29 > .kt-row-layout-overlay{opacity:0.30;}@media all and (max-width: 1024px){.kb-row-layout-id776_cdea3b-29 > .kt-row-column-wrap{column-gap:var(--global-kb-gap-none, 0rem );row-gap:var(--global-kb-gap-none, 0rem );grid-template-columns:minmax(0, 1fr);}}@media all and (max-width: 767px){.kb-row-layout-id776_cdea3b-29 > .kt-row-column-wrap{grid-template-columns:minmax(0, 1fr);}}<\/style><div class=\"kb-row-layout-wrap kb-row-layout-id776_cdea3b-29 alignfull has-theme-palette9-background-color kt-row-has-bg wp-block-kadence-rowlayout\"><div class=\"kt-row-column-wrap kt-has-2-columns kt-row-layout-equal kt-tab-layout-row kt-mobile-layout-row kt-row-valign-middle kb-theme-content-width\">\n<style>.kadence-column776_393a39-7e > .kt-inside-inner-col{display:flex;}.kadence-column776_393a39-7e > .kt-inside-inner-col{padding-top:0px;padding-bottom:0px;}.kadence-column776_393a39-7e > .kt-inside-inner-col,.kadence-column776_393a39-7e > .kt-inside-inner-col:before{border-top-left-radius:0px;border-top-right-radius:0px;border-bottom-right-radius:0px;border-bottom-left-radius:0px;}.kadence-column776_393a39-7e > .kt-inside-inner-col{column-gap:var(--global-kb-gap-sm, 1rem);}.kadence-column776_393a39-7e > .kt-inside-inner-col{flex-direction:column;justify-content:flex-start;}.kadence-column776_393a39-7e > .kt-inside-inner-col > .aligncenter{width:100%;}.kt-row-column-wrap > .kadence-column776_393a39-7e{align-self:flex-start;}.kt-inner-column-height-full:not(.kt-has-1-columns) > .wp-block-kadence-column.kadence-column776_393a39-7e{align-self:auto;}.kt-inner-column-height-full:not(.kt-has-1-columns) > .wp-block-kadence-column.kadence-column776_393a39-7e > .kt-inside-inner-col{flex-direction:column;justify-content:flex-start;}.kadence-column776_393a39-7e > .kt-inside-inner-col:before{opacity:0.3;}.kadence-column776_393a39-7e{text-align:left;}.kadence-column776_393a39-7e{position:relative;}@media all and (max-width: 1024px){.kadence-column776_393a39-7e > .kt-inside-inner-col{padding-top:var(--global-kb-spacing-lg, 3rem);padding-bottom:var(--global-kb-spacing-md, 2rem);flex-direction:column;justify-content:flex-start;}}@media all and (max-width: 1024px){.kt-row-column-wrap > .kadence-column776_393a39-7e{align-self:flex-start;}}@media all and (max-width: 1024px){.kt-inner-column-height-full:not(.kt-has-1-columns) > .wp-block-kadence-column.kadence-column776_393a39-7e{align-self:auto;}}@media all and (max-width: 1024px){.kt-inner-column-height-full:not(.kt-has-1-columns) > .wp-block-kadence-column.kadence-column776_393a39-7e > .kt-inside-inner-col{flex-direction:column;justify-content:flex-start;}}@media all and (max-width: 767px){.kt-row-column-wrap > .kadence-column776_393a39-7e{align-self:flex-start;}.kt-inner-column-height-full:not(.kt-has-1-columns) > .wp-block-kadence-column.kadence-column776_393a39-7e{align-self:auto;}.kt-inner-column-height-full:not(.kt-has-1-columns) > .wp-block-kadence-column.kadence-column776_393a39-7e > .kt-inside-inner-col{flex-direction:column;justify-content:flex-start;}.kadence-column776_393a39-7e > .kt-inside-inner-col{flex-direction:column;justify-content:flex-start;}}@media only screen and (min-width: 1025px) {n .kadence-column776_393a39-7e {n   align-items:flex-end;n }n}<\/style>\n<div class=\"wp-block-kadence-column kadence-column776_393a39-7e kb-section-dir-vertical inner-column-1\"><div class=\"kt-inside-inner-col\"><style>.wp-block-kadence-advancedheading.kt-adv-heading776_562357-5d, .wp-block-kadence-advancedheading.kt-adv-heading776_562357-5d[data-kb-block=\"kb-adv-heading776_562357-5d\"]{max-width:586px;font-size:var(--global-kb-font-size-lg, 2rem);line-height:1.2;font-style:normal;}.wp-block-kadence-advancedheading.kt-adv-heading776_562357-5d mark.kt-highlight, .wp-block-kadence-advancedheading.kt-adv-heading776_562357-5d[data-kb-block=\"kb-adv-heading776_562357-5d\"] mark.kt-highlight{font-style:normal;color:#f76a0c;-webkit-box-decoration-break:clone;box-decoration-break:clone;padding-top:0px;padding-right:0px;padding-bottom:0px;padding-left:0px;}.wp-block-kadence-advancedheading.kt-adv-heading776_562357-5d img.kb-inline-image, .wp-block-kadence-advancedheading.kt-adv-heading776_562357-5d[data-kb-block=\"kb-adv-heading776_562357-5d\"] img.kb-inline-image{width:150px;vertical-align:baseline;}<\/style>\n<h2 class=\"kt-adv-heading776_562357-5d wp-block-kadence-advancedheading has-theme-palette-3-color has-text-color\" data-kb-block=\"kb-adv-heading776_562357-5d\">Add a compelling title for your section to engage your audience.<\/h2>\n\n\n<style>.wp-block-kadence-advancedheading.kt-adv-heading776_51167d-bc, .wp-block-kadence-advancedheading.kt-adv-heading776_51167d-bc[data-kb-block=\"kb-adv-heading776_51167d-bc\"]{max-width:586px;margin-bottom:var(--global-kb-spacing-sm, 1.5rem);font-style:normal;}.wp-block-kadence-advancedheading.kt-adv-heading776_51167d-bc mark.kt-highlight, .wp-block-kadence-advancedheading.kt-adv-heading776_51167d-bc[data-kb-block=\"kb-adv-heading776_51167d-bc\"] mark.kt-highlight{font-style:normal;color:#f76a0c;-webkit-box-decoration-break:clone;box-decoration-break:clone;padding-top:0px;padding-right:0px;padding-bottom:0px;padding-left:0px;}.wp-block-kadence-advancedheading.kt-adv-heading776_51167d-bc img.kb-inline-image, .wp-block-kadence-advancedheading.kt-adv-heading776_51167d-bc[data-kb-block=\"kb-adv-heading776_51167d-bc\"] img.kb-inline-image{width:150px;vertical-align:baseline;}<\/style>\n<p class=\"kt-adv-heading776_51167d-bc wp-block-kadence-advancedheading has-theme-palette-3-color has-text-color\" data-kb-block=\"kb-adv-heading776_51167d-bc\">To w\u0142a\u015bnie tutaj odbywa\u0142y si\u0119 mi\u0119dzynarodowe mistrzostwa w sportach motorowodnych. Ma\u0142o kto wie, \u017ce w drukarni braci Krzyckich ju\u017c w latach 30. XX wieku powsta\u0142 trend dbania o dobrostan pracownik\u00f3w \u2013 Alfred Krzycki kupi\u0142 swoim pracownikom rowery i organizowa\u0142 wsp\u00f3lne wycieczki! Co jeszcze skrywa \u017bnin? Zagrajcie w TamTu i przekonajcie si\u0119 sami!<br><\/p>\n\n\n<style>.wp-block-kadence-advancedbtn.kb-btns776_c67a4b-09{gap:var(--global-kb-gap-xs, 0.5rem );justify-content:flex-start;align-items:center;}.kt-btns776_c67a4b-09 .kt-button{font-weight:normal;font-style:normal;}<\/style>\n<div class=\"wp-block-kadence-advancedbtn kb-buttons-wrap kb-btns776_c67a4b-09\"><style>ul.menu .wp-block-kadence-advancedbtn .kb-btn776_93b95e-a1.kb-button{width:initial;}.wp-block-kadence-advancedbtn .kb-btn776_93b95e-a1.kb-button{border-top-left-radius:0px;border-top-right-radius:0px;border-bottom-right-radius:0px;border-bottom-left-radius:0px;border-top-color:var(--global-palette2, #2B6CB0);border-top-style:solid;border-right-color:var(--global-palette2, #2B6CB0);border-right-style:solid;border-bottom-color:var(--global-palette2, #2B6CB0);border-bottom-style:solid;border-left-color:var(--global-palette2, #2B6CB0);border-left-style:solid;}.wp-block-kadence-advancedbtn .kb-btn776_93b95e-a1.kb-button:hover, .wp-block-kadence-advancedbtn .kb-btn776_93b95e-a1.kb-button:focus{color:var(--global-palette9, #ffffff);background:var(--global-palette1, #3182CE);border-top-color:#444444;border-top-style:solid;border-right-color:#444444;border-right-style:solid;border-bottom-color:#444444;border-bottom-style:solid;border-left-color:#444444;border-left-style:solid;}@media all and (max-width: 1024px){.wp-block-kadence-advancedbtn .kb-btn776_93b95e-a1.kb-button{border-top-color:var(--global-palette2, #2B6CB0);border-top-style:solid;border-right-color:var(--global-palette2, #2B6CB0);border-right-style:solid;border-bottom-color:var(--global-palette2, #2B6CB0);border-bottom-style:solid;border-left-color:var(--global-palette2, #2B6CB0);border-left-style:solid;}}@media all and (max-width: 1024px){.wp-block-kadence-advancedbtn .kb-btn776_93b95e-a1.kb-button:hover, .wp-block-kadence-advancedbtn .kb-btn776_93b95e-a1.kb-button:focus{border-top-color:#444444;border-top-style:solid;border-right-color:#444444;border-right-style:solid;border-bottom-color:#444444;border-bottom-style:solid;border-left-color:#444444;border-left-style:solid;}}@media all and (max-width: 767px){.wp-block-kadence-advancedbtn .kb-btn776_93b95e-a1.kb-button{border-top-color:var(--global-palette2, #2B6CB0);border-top-style:solid;border-right-color:var(--global-palette2, #2B6CB0);border-right-style:solid;border-bottom-color:var(--global-palette2, #2B6CB0);border-bottom-style:solid;border-left-color:var(--global-palette2, #2B6CB0);border-left-style:solid;}.wp-block-kadence-advancedbtn .kb-btn776_93b95e-a1.kb-button:hover, .wp-block-kadence-advancedbtn .kb-btn776_93b95e-a1.kb-button:focus{border-top-color:#444444;border-top-style:solid;border-right-color:#444444;border-right-style:solid;border-bottom-color:#444444;border-bottom-style:solid;border-left-color:#444444;border-left-style:solid;}}<\/style><a class=\"kb-button kt-button button kb-btn776_93b95e-a1 kt-btn-size-standard kt-btn-width-type-auto kb-btn-global-inherit  kt-btn-has-text-true kt-btn-has-svg-false  wp-block-button__link wp-block-kadence-singlebtn\" href=\"https:\/\/www.tamtu.com.pl\/index.php\/kontakt\/\"><span class=\"kt-btn-inner-text\">Zam\u00f3w u nas gr\u0119!<\/span><\/a><\/div>\n<\/div><\/div>\n\n\n<style>.kadence-column776_f2939d-80 > .kt-inside-inner-col,.kadence-column776_f2939d-80 > .kt-inside-inner-col:before{border-top-left-radius:0px;border-top-right-radius:0px;border-bottom-right-radius:0px;border-bottom-left-radius:0px;}.kadence-column776_f2939d-80 > .kt-inside-inner-col{column-gap:0px;}.kadence-column776_f2939d-80 > .kt-inside-inner-col{flex-direction:column;}.kadence-column776_f2939d-80 > .kt-inside-inner-col > .aligncenter{width:100%;}.kadence-column776_f2939d-80 > .kt-inside-inner-col:before{opacity:0.3;}.kadence-column776_f2939d-80{text-align:left;}.kadence-column776_f2939d-80{position:relative;}@media all and (max-width: 1024px){.kadence-column776_f2939d-80 > .kt-inside-inner-col{padding-right:0px;flex-direction:column;justify-content:center;}}@media all and (max-width: 767px){.kadence-column776_f2939d-80 > .kt-inside-inner-col{flex-direction:column;justify-content:center;}}<\/style>\n<div class=\"wp-block-kadence-column kadence-column776_f2939d-80 kb-section-dir-vertical inner-column-2\"><div class=\"kt-inside-inner-col\"><style>.kb-image776_131f31-49:not(.kb-image-is-ratio-size) .kb-img, .kb-image776_131f31-49.kb-image-is-ratio-size{padding-top:0px;padding-bottom:0px;}.kb-image776_131f31-49 .kb-image-has-overlay:after{opacity:0.3;}@media all and (max-width: 1024px){.kb-image776_131f31-49:not(.kb-image-is-ratio-size) .kb-img, .kb-image776_131f31-49.kb-image-is-ratio-size{padding-top:var(--global-kb-spacing-md, 2rem);padding-bottom:0px;}}<\/style>\n<figure class=\"wp-block-kadence-image kb-image776_131f31-49 size-large kb-image-is-ratio-size\"><div class=\"kb-is-ratio-image kb-image-ratio-land43\"><img loading=\"lazy\" decoding=\"async\" width=\"1024\" height=\"768\" src=\"https:\/\/www.tamtu.com.pl\/wp-content\/uploads\/2025\/07\/image_47-1024x768.jpg\" alt=\"\" class=\"kb-img wp-image-1124\" srcset=\"https:\/\/www.tamtu.com.pl\/wp-content\/uploads\/2025\/07\/image_47-1024x768.jpg 1024w, https:\/\/www.tamtu.com.pl\/wp-content\/uploads\/2025\/07\/image_47-300x225.jpg 300w, https:\/\/www.tamtu.com.pl\/wp-content\/uploads\/2025\/07\/image_47-768x576.jpg 768w, https:\/\/www.tamtu.com.pl\/wp-content\/uploads\/2025\/07\/image_47-1536x1152.jpg 1536w, https:\/\/www.tamtu.com.pl\/wp-content\/uploads\/2025\/07\/image_47.jpg 1920w\" sizes=\"auto, (max-width: 1024px) 100vw, 1024px\" \/><\/div><\/figure>\n<\/div><\/div>\n\n<\/div><\/div>\n\n\n<p><\/p>\n","protected":false},"excerpt":{"rendered":"<p>\u017bnin \u017bnin to miasto, kt\u00f3re naprawd\u0119 potrafi zaskoczy\u0107! Z jednej strony zachwyca industrialnym pi\u0119knem \u2013 dzi\u0119ki rewitalizacji Cukrowni przez Grup\u0119 ARCHE, z drugiej \u2013 kusi niezwyk\u0142\u0105 histori\u0105. Add a compelling title for your section to engage your audience. To w\u0142a\u015bnie tutaj odbywa\u0142y si\u0119 mi\u0119dzynarodowe mistrzostwa w sportach motorowodnych. Ma\u0142o kto wie, \u017ce w drukarni braci&#8230;<\/p>\n","protected":false},"author":1,"featured_media":0,"parent":864,"menu_order":0,"comment_status":"closed","ping_status":"closed","template":"","meta":{"_eb_attr":"","_kb_optimizer_status":0,"_kadence_starter_templates_imported_post":false,"_kad_post_transparent":"","_kad_post_title":"hide","_kad_post_layout":"","_kad_post_sidebar_id":"","_kad_post_content_style":"","_kad_post_vertical_padding":"","_kad_post_feature":"","_kad_post_feature_position":"","_kad_post_header":false,"_kad_post_footer":false,"_kad_post_classname":"","footnotes":""},"class_list":["post-776","page","type-page","status-publish","hentry"],"_links":{"self":[{"href":"https:\/\/www.tamtu.com.pl\/index.php\/wp-json\/wp\/v2\/pages\/776","targetHints":{"allow":["GET"]}}],"collection":[{"href":"https:\/\/www.tamtu.com.pl\/index.php\/wp-json\/wp\/v2\/pages"}],"about":[{"href":"https:\/\/www.tamtu.com.pl\/index.php\/wp-json\/wp\/v2\/types\/page"}],"author":[{"embeddable":true,"href":"https:\/\/www.tamtu.com.pl\/index.php\/wp-json\/wp\/v2\/users\/1"}],"replies":[{"embeddable":true,"href":"https:\/\/www.tamtu.com.pl\/index.php\/wp-json\/wp\/v2\/comments?post=776"}],"version-history":[{"count":3,"href":"https:\/\/www.tamtu.com.pl\/index.php\/wp-json\/wp\/v2\/pages\/776\/revisions"}],"predecessor-version":[{"id":1126,"href":"https:\/\/www.tamtu.com.pl\/index.php\/wp-json\/wp\/v2\/pages\/776\/revisions\/1126"}],"up":[{"embeddable":true,"href":"https:\/\/www.tamtu.com.pl\/index.php\/wp-json\/wp\/v2\/pages\/864"}],"wp:attachment":[{"href":"https:\/\/www.tamtu.com.pl\/index.php\/wp-json\/wp\/v2\/media?parent=776"}],"curies":[{"name":"wp","href":"https:\/\/api.w.org\/{rel}","templated":true}]}}