{"id":777,"date":"2025-06-23T12:39:52","date_gmt":"2025-06-23T12:39:52","guid":{"rendered":"https:\/\/www.tamtu.com.pl\/?page_id=777"},"modified":"2025-12-14T15:59:43","modified_gmt":"2025-12-14T15:59:43","slug":"warszawa","status":"publish","type":"page","link":"https:\/\/www.tamtu.com.pl\/index.php\/gdzie-gramy\/warszawa\/","title":{"rendered":"Warszawa"},"content":{"rendered":"<style>.kb-row-layout-id777_eda772-2b > .kt-row-column-wrap{align-content:start;}:where(.kb-row-layout-id777_eda772-2b > .kt-row-column-wrap) > .wp-block-kadence-column{justify-content:start;}.kb-row-layout-id777_eda772-2b > .kt-row-column-wrap{column-gap:var(--global-kb-gap-md, 2rem);row-gap:var(--global-kb-gap-md, 2rem);max-width:600px;margin-left:auto;margin-right:auto;padding-top:var(--global-kb-spacing-xxl, 5rem);padding-right:var(--global-kb-spacing-xs, 1rem);padding-bottom:var(--global-kb-spacing-lg, 3rem);padding-left:var(--global-kb-spacing-xs, 1rem);grid-template-columns:minmax(0, 1fr);}.kb-row-layout-id777_eda772-2b{background-image:url('https:\/\/www.tamtu.com.pl\/wp-content\/uploads\/2025\/12\/wawa-_.jpg');background-size:cover;background-position:center center;background-attachment:scroll;background-repeat:no-repeat;}.kb-row-layout-id777_eda772-2b > .kt-row-layout-overlay{opacity:0.15;background-color:var(--global-palette3, #1A202C);}@media all and (max-width: 1024px){.kb-row-layout-id777_eda772-2b > .kt-row-column-wrap{grid-template-columns:minmax(0, 1fr);}}@media all and (max-width: 767px){.kb-row-layout-id777_eda772-2b > .kt-row-column-wrap{grid-template-columns:minmax(0, 1fr);}}<\/style><div class=\"kb-row-layout-wrap kb-row-layout-id777_eda772-2b alignfull has-theme-palette7-background-color kt-row-has-bg wp-block-kadence-rowlayout\"><div class=\"kt-row-layout-overlay kt-row-overlay-normal\"><\/div><div class=\"kt-row-column-wrap kt-has-1-columns kt-row-layout-equal kt-tab-layout-inherit kt-mobile-layout-row kt-row-valign-top\">\n<style>.kadence-column777_13b269-c4 > .kt-inside-inner-col,.kadence-column777_13b269-c4 > .kt-inside-inner-col:before{border-top-left-radius:0px;border-top-right-radius:0px;border-bottom-right-radius:0px;border-bottom-left-radius:0px;}.kadence-column777_13b269-c4 > .kt-inside-inner-col{column-gap:var(--global-kb-gap-sm, 1rem);}.kadence-column777_13b269-c4 > .kt-inside-inner-col{flex-direction:column;}.kadence-column777_13b269-c4 > .kt-inside-inner-col > .aligncenter{width:100%;}.kadence-column777_13b269-c4 > .kt-inside-inner-col:before{opacity:0.3;}.kadence-column777_13b269-c4{position:relative;}.kadence-column777_13b269-c4, .kt-inside-inner-col > .kadence-column777_13b269-c4:not(.specificity){margin-top:0px;margin-right:0px;margin-bottom:0px;margin-left:0px;}@media all and (max-width: 1024px){.kadence-column777_13b269-c4 > .kt-inside-inner-col{flex-direction:column;justify-content:center;}}@media all and (max-width: 767px){.kadence-column777_13b269-c4 > .kt-inside-inner-col{flex-direction:column;justify-content:center;}}<\/style>\n<div class=\"wp-block-kadence-column kadence-column777_13b269-c4 inner-column-1\"><div class=\"kt-inside-inner-col\"><style>.wp-block-kadence-advancedheading.kt-adv-heading777_ca2c4e-c6, .wp-block-kadence-advancedheading.kt-adv-heading777_ca2c4e-c6[data-kb-block=\"kb-adv-heading777_ca2c4e-c6\"]{margin-bottom:var(--global-kb-spacing-lg, 3rem);text-align:center;font-size:var(--global-kb-font-size-lg, 2rem);font-weight:normal;font-style:normal;}.wp-block-kadence-advancedheading.kt-adv-heading777_ca2c4e-c6 mark.kt-highlight, .wp-block-kadence-advancedheading.kt-adv-heading777_ca2c4e-c6[data-kb-block=\"kb-adv-heading777_ca2c4e-c6\"] mark.kt-highlight{font-weight:normal;font-style:normal;color:#f76a0c;-webkit-box-decoration-break:clone;box-decoration-break:clone;padding-top:0px;padding-right:0px;padding-bottom:0px;padding-left:0px;}.wp-block-kadence-advancedheading.kt-adv-heading777_ca2c4e-c6 img.kb-inline-image, .wp-block-kadence-advancedheading.kt-adv-heading777_ca2c4e-c6[data-kb-block=\"kb-adv-heading777_ca2c4e-c6\"] img.kb-inline-image{width:150px;vertical-align:baseline;}<\/style>\n<h2 class=\"kt-adv-heading777_ca2c4e-c6 wp-block-kadence-advancedheading has-theme-palette-3-color has-text-color\" data-kb-block=\"kb-adv-heading777_ca2c4e-c6\"><mark style=\"background-color:rgba(0, 0, 0, 0)\" class=\"has-inline-color has-theme-palette-9-color\">Warszawa<\/mark><\/h2>\n\n\n<style>.wp-block-kadence-advancedheading.kt-adv-heading777_482eb9-d1, .wp-block-kadence-advancedheading.kt-adv-heading777_482eb9-d1[data-kb-block=\"kb-adv-heading777_482eb9-d1\"]{text-align:center;font-weight:normal;font-style:normal;}.wp-block-kadence-advancedheading.kt-adv-heading777_482eb9-d1 mark.kt-highlight, .wp-block-kadence-advancedheading.kt-adv-heading777_482eb9-d1[data-kb-block=\"kb-adv-heading777_482eb9-d1\"] mark.kt-highlight{font-weight:normal;font-style:normal;color:#f76a0c;-webkit-box-decoration-break:clone;box-decoration-break:clone;padding-top:0px;padding-right:0px;padding-bottom:0px;padding-left:0px;}.wp-block-kadence-advancedheading.kt-adv-heading777_482eb9-d1 img.kb-inline-image, .wp-block-kadence-advancedheading.kt-adv-heading777_482eb9-d1[data-kb-block=\"kb-adv-heading777_482eb9-d1\"] img.kb-inline-image{width:150px;vertical-align:baseline;}<\/style>\n<p class=\"kt-adv-heading777_482eb9-d1 wp-block-kadence-advancedheading has-theme-palette-3-color has-text-color\" data-kb-block=\"kb-adv-heading777_482eb9-d1\"><mark style=\"background-color:rgba(0, 0, 0, 0)\" class=\"has-inline-color has-theme-palette-8-color\">Warszawa \u2013 stolica pe\u0142na kontrast\u00f3w i ukrytych historii.<\/mark><\/p>\n<\/div><\/div>\n\n<\/div><\/div>\n\n<style>.kb-row-layout-id777_b8fc83-3a > .kt-row-column-wrap{align-content:start;}:where(.kb-row-layout-id777_b8fc83-3a > .kt-row-column-wrap) > .wp-block-kadence-column{justify-content:start;}.kb-row-layout-id777_b8fc83-3a > .kt-row-column-wrap{column-gap:var(--global-kb-gap-md, 2rem);row-gap:var(--global-kb-gap-md, 2rem);max-width:var( --global-content-width, 1290px );padding-left:var(--global-content-edge-padding);padding-right:var(--global-content-edge-padding);padding-top:var(--global-kb-spacing-xxl, 5rem);padding-bottom:var(--global-kb-spacing-xxl, 5rem);grid-template-columns:minmax(0, 1fr);}.kb-row-layout-id777_b8fc83-3a > .kt-row-layout-overlay{opacity:0.30;}@media all and (max-width: 1024px){.kb-row-layout-id777_b8fc83-3a > .kt-row-column-wrap{grid-template-columns:minmax(0, 1fr);}}@media all and (max-width: 767px){.kb-row-layout-id777_b8fc83-3a > .kt-row-column-wrap{grid-template-columns:minmax(0, 1fr);}}<\/style><div class=\"kb-row-layout-wrap kb-row-layout-id777_b8fc83-3a alignfull has-theme-palette9-background-color kt-row-has-bg wp-block-kadence-rowlayout\"><div class=\"kt-row-column-wrap kt-has-2-columns kt-row-layout-row kt-tab-layout-inherit kt-mobile-layout-row kt-row-valign-top kb-theme-content-width\">\n<style>.kadence-column777_1331cc-8a > .kt-inside-inner-col{padding-top:0px;padding-bottom:0px;}.kadence-column777_1331cc-8a > .kt-inside-inner-col,.kadence-column777_1331cc-8a > .kt-inside-inner-col:before{border-top-left-radius:0px;border-top-right-radius:0px;border-bottom-right-radius:0px;border-bottom-left-radius:0px;}.kadence-column777_1331cc-8a > .kt-inside-inner-col{column-gap:var(--global-kb-gap-sm, 1rem);}.kadence-column777_1331cc-8a > .kt-inside-inner-col{flex-direction:column;}.kadence-column777_1331cc-8a > .kt-inside-inner-col > .aligncenter{width:100%;}.kadence-column777_1331cc-8a > .kt-inside-inner-col:before{opacity:0.3;}.kadence-column777_1331cc-8a{position:relative;}@media all and (max-width: 1024px){.kadence-column777_1331cc-8a > .kt-inside-inner-col{flex-direction:column;justify-content:center;}}@media all and (max-width: 767px){.kadence-column777_1331cc-8a > .kt-inside-inner-col{flex-direction:column;justify-content:center;}}<\/style>\n<div class=\"wp-block-kadence-column kadence-column777_1331cc-8a\"><div class=\"kt-inside-inner-col\"><\/div><\/div>\n\n\n<style>.kadence-column777_797cf4-6f > .kt-inside-inner-col,.kadence-column777_797cf4-6f > .kt-inside-inner-col:before{border-top-left-radius:0px;border-top-right-radius:0px;border-bottom-right-radius:0px;border-bottom-left-radius:0px;}.kadence-column777_797cf4-6f > .kt-inside-inner-col{column-gap:var(--global-kb-gap-sm, 1rem);}.kadence-column777_797cf4-6f > .kt-inside-inner-col{flex-direction:column;}.kadence-column777_797cf4-6f > .kt-inside-inner-col > .aligncenter{width:100%;}.kadence-column777_797cf4-6f > .kt-inside-inner-col:before{opacity:0.3;}.kadence-column777_797cf4-6f{position:relative;}@media all and (max-width: 1024px){.kadence-column777_797cf4-6f > .kt-inside-inner-col{flex-direction:column;justify-content:center;}}@media all and (max-width: 767px){.kadence-column777_797cf4-6f > .kt-inside-inner-col{flex-direction:column;justify-content:center;}}<\/style>\n<div class=\"wp-block-kadence-column kadence-column777_797cf4-6f\"><div class=\"kt-inside-inner-col\"><style>.kadence-column777_9d1318-07 > .kt-inside-inner-col,.kadence-column777_9d1318-07 > .kt-inside-inner-col:before{border-top-left-radius:0px;border-top-right-radius:0px;border-bottom-right-radius:0px;border-bottom-left-radius:0px;}.kadence-column777_9d1318-07 > .kt-inside-inner-col{column-gap:var(--global-kb-gap-sm, 1rem);}.kadence-column777_9d1318-07 > .kt-inside-inner-col{flex-direction:column;}.kadence-column777_9d1318-07 > .kt-inside-inner-col > .aligncenter{width:100%;}.kadence-column777_9d1318-07 > .kt-inside-inner-col:before{opacity:0.3;}.kadence-column777_9d1318-07{position:relative;}@media all and (max-width: 1024px){.kadence-column777_9d1318-07 > .kt-inside-inner-col{flex-direction:column;justify-content:center;}}@media all and (max-width: 767px){.kadence-column777_9d1318-07 > .kt-inside-inner-col{flex-direction:column;justify-content:center;}}<\/style>\n<div class=\"wp-block-kadence-column kadence-column777_9d1318-07\"><div class=\"kt-inside-inner-col\">\n<figure class=\"wp-block-gallery has-nested-images columns-default is-cropped wp-block-gallery-1 is-layout-flex wp-block-gallery-is-layout-flex\">\n<figure class=\"wp-block-image size-full\"><img loading=\"lazy\" decoding=\"async\" width=\"1024\" height=\"768\" data-id=\"1556\" src=\"https:\/\/www.tamtu.com.pl\/wp-content\/uploads\/2025\/12\/wawa-2_.jpg\" alt=\"\" class=\"wp-image-1556\" srcset=\"https:\/\/www.tamtu.com.pl\/wp-content\/uploads\/2025\/12\/wawa-2_.jpg 1024w, https:\/\/www.tamtu.com.pl\/wp-content\/uploads\/2025\/12\/wawa-2_-300x225.jpg 300w, https:\/\/www.tamtu.com.pl\/wp-content\/uploads\/2025\/12\/wawa-2_-768x576.jpg 768w\" sizes=\"auto, (max-width: 1024px) 100vw, 1024px\" \/><\/figure>\n\n\n\n<figure class=\"wp-block-image size-large\"><img loading=\"lazy\" decoding=\"async\" width=\"1024\" height=\"683\" data-id=\"1088\" src=\"https:\/\/www.tamtu.com.pl\/wp-content\/uploads\/2025\/07\/pexels-mart-production-7316946-1024x683.jpg\" alt=\"\" class=\"wp-image-1088\" srcset=\"https:\/\/www.tamtu.com.pl\/wp-content\/uploads\/2025\/07\/pexels-mart-production-7316946-1024x683.jpg 1024w, https:\/\/www.tamtu.com.pl\/wp-content\/uploads\/2025\/07\/pexels-mart-production-7316946-300x200.jpg 300w, https:\/\/www.tamtu.com.pl\/wp-content\/uploads\/2025\/07\/pexels-mart-production-7316946-768x512.jpg 768w, https:\/\/www.tamtu.com.pl\/wp-content\/uploads\/2025\/07\/pexels-mart-production-7316946-1536x1024.jpg 1536w, https:\/\/www.tamtu.com.pl\/wp-content\/uploads\/2025\/07\/pexels-mart-production-7316946-2048x1365.jpg 2048w\" sizes=\"auto, (max-width: 1024px) 100vw, 1024px\" \/><\/figure>\n<\/figure>\n<\/div><\/div>\n<\/div><\/div>\n\n<\/div><\/div>\n\n<style>.kb-row-layout-id777_eb010f-21 > .kt-row-column-wrap{align-content:center;}:where(.kb-row-layout-id777_eb010f-21 > .kt-row-column-wrap) > .wp-block-kadence-column{justify-content:center;}.kb-row-layout-id777_eb010f-21 > .kt-row-column-wrap{column-gap:var(--global-kb-gap-lg, 4rem);row-gap:var(--global-kb-gap-md, 2rem);max-width:var( --global-content-width, 1290px );padding-left:var(--global-content-edge-padding);padding-right:var(--global-content-edge-padding);padding-top:var(--global-kb-spacing-xxl, 5rem);padding-bottom:var(--global-kb-spacing-xxl, 5rem);grid-template-columns:repeat(2, minmax(0, 1fr));}.kb-row-layout-id777_eb010f-21 > .kt-row-layout-overlay{opacity:0.30;}@media all and (max-width: 1024px){.kb-row-layout-id777_eb010f-21 > .kt-row-column-wrap{column-gap:var(--global-kb-gap-none, 0rem );row-gap:var(--global-kb-gap-none, 0rem );grid-template-columns:minmax(0, 1fr);}}@media all and (max-width: 767px){.kb-row-layout-id777_eb010f-21 > .kt-row-column-wrap{grid-template-columns:minmax(0, 1fr);}}<\/style><div class=\"kb-row-layout-wrap kb-row-layout-id777_eb010f-21 alignfull has-theme-palette9-background-color kt-row-has-bg wp-block-kadence-rowlayout\"><div class=\"kt-row-column-wrap kt-has-2-columns kt-row-layout-equal kt-tab-layout-row kt-mobile-layout-row kt-row-valign-middle kb-theme-content-width\">\n<style>.kadence-column777_977da3-d5 > .kt-inside-inner-col{display:flex;}.kadence-column777_977da3-d5 > .kt-inside-inner-col{padding-top:0px;padding-bottom:0px;}.kadence-column777_977da3-d5 > .kt-inside-inner-col,.kadence-column777_977da3-d5 > .kt-inside-inner-col:before{border-top-left-radius:0px;border-top-right-radius:0px;border-bottom-right-radius:0px;border-bottom-left-radius:0px;}.kadence-column777_977da3-d5 > .kt-inside-inner-col{column-gap:var(--global-kb-gap-sm, 1rem);}.kadence-column777_977da3-d5 > .kt-inside-inner-col{flex-direction:column;justify-content:flex-start;}.kadence-column777_977da3-d5 > .kt-inside-inner-col > .aligncenter{width:100%;}.kt-row-column-wrap > .kadence-column777_977da3-d5{align-self:flex-start;}.kt-inner-column-height-full:not(.kt-has-1-columns) > .wp-block-kadence-column.kadence-column777_977da3-d5{align-self:auto;}.kt-inner-column-height-full:not(.kt-has-1-columns) > .wp-block-kadence-column.kadence-column777_977da3-d5 > .kt-inside-inner-col{flex-direction:column;justify-content:flex-start;}.kadence-column777_977da3-d5 > .kt-inside-inner-col:before{opacity:0.3;}.kadence-column777_977da3-d5{text-align:left;}.kadence-column777_977da3-d5{position:relative;}@media all and (max-width: 1024px){.kadence-column777_977da3-d5 > .kt-inside-inner-col{padding-top:var(--global-kb-spacing-lg, 3rem);padding-bottom:var(--global-kb-spacing-md, 2rem);flex-direction:column;justify-content:flex-start;}}@media all and (max-width: 1024px){.kt-row-column-wrap > .kadence-column777_977da3-d5{align-self:flex-start;}}@media all and (max-width: 1024px){.kt-inner-column-height-full:not(.kt-has-1-columns) > .wp-block-kadence-column.kadence-column777_977da3-d5{align-self:auto;}}@media all and (max-width: 1024px){.kt-inner-column-height-full:not(.kt-has-1-columns) > .wp-block-kadence-column.kadence-column777_977da3-d5 > .kt-inside-inner-col{flex-direction:column;justify-content:flex-start;}}@media all and (max-width: 767px){.kt-row-column-wrap > .kadence-column777_977da3-d5{align-self:flex-start;}.kt-inner-column-height-full:not(.kt-has-1-columns) > .wp-block-kadence-column.kadence-column777_977da3-d5{align-self:auto;}.kt-inner-column-height-full:not(.kt-has-1-columns) > .wp-block-kadence-column.kadence-column777_977da3-d5 > .kt-inside-inner-col{flex-direction:column;justify-content:flex-start;}.kadence-column777_977da3-d5 > .kt-inside-inner-col{flex-direction:column;justify-content:flex-start;}}@media only screen and (min-width: 1025px) {n .kadence-column777_977da3-d5 {n   align-items:flex-end;n }n}<\/style>\n<div class=\"wp-block-kadence-column kadence-column777_977da3-d5 kb-section-dir-vertical inner-column-1\"><div class=\"kt-inside-inner-col\"><style>.wp-block-kadence-advancedheading.kt-adv-heading777_399adb-9b, .wp-block-kadence-advancedheading.kt-adv-heading777_399adb-9b[data-kb-block=\"kb-adv-heading777_399adb-9b\"]{max-width:586px;font-size:var(--global-kb-font-size-lg, 2rem);line-height:1.2;font-style:normal;}.wp-block-kadence-advancedheading.kt-adv-heading777_399adb-9b mark.kt-highlight, .wp-block-kadence-advancedheading.kt-adv-heading777_399adb-9b[data-kb-block=\"kb-adv-heading777_399adb-9b\"] mark.kt-highlight{font-style:normal;color:#f76a0c;-webkit-box-decoration-break:clone;box-decoration-break:clone;padding-top:0px;padding-right:0px;padding-bottom:0px;padding-left:0px;}.wp-block-kadence-advancedheading.kt-adv-heading777_399adb-9b img.kb-inline-image, .wp-block-kadence-advancedheading.kt-adv-heading777_399adb-9b[data-kb-block=\"kb-adv-heading777_399adb-9b\"] img.kb-inline-image{width:150px;vertical-align:baseline;}<\/style>\n<h2 class=\"kt-adv-heading777_399adb-9b wp-block-kadence-advancedheading has-theme-palette-3-color has-text-color\" data-kb-block=\"kb-adv-heading777_399adb-9b\"><\/h2>\n\n\n<style>.wp-block-kadence-advancedheading.kt-adv-heading777_760770-e7, .wp-block-kadence-advancedheading.kt-adv-heading777_760770-e7[data-kb-block=\"kb-adv-heading777_760770-e7\"]{max-width:586px;margin-bottom:var(--global-kb-spacing-sm, 1.5rem);font-style:normal;}.wp-block-kadence-advancedheading.kt-adv-heading777_760770-e7 mark.kt-highlight, .wp-block-kadence-advancedheading.kt-adv-heading777_760770-e7[data-kb-block=\"kb-adv-heading777_760770-e7\"] mark.kt-highlight{font-style:normal;color:#f76a0c;-webkit-box-decoration-break:clone;box-decoration-break:clone;padding-top:0px;padding-right:0px;padding-bottom:0px;padding-left:0px;}.wp-block-kadence-advancedheading.kt-adv-heading777_760770-e7 img.kb-inline-image, .wp-block-kadence-advancedheading.kt-adv-heading777_760770-e7[data-kb-block=\"kb-adv-heading777_760770-e7\"] img.kb-inline-image{width:150px;vertical-align:baseline;}<\/style>\n<p class=\"kt-adv-heading777_760770-e7 wp-block-kadence-advancedheading has-theme-palette-3-color has-text-color\" data-kb-block=\"kb-adv-heading777_760770-e7\">Podczas gry TamTu odkryjesz nie tylko Pa\u0142ac Kultury czy \u0141azienki Kr\u00f3lewskie, ale tak\u017ce miejsca zwi\u0105zane z Powstaniem Warszawskim, tajnymi drukarniami i artystycznym \u017cyciem Pragi. Czy wiesz, \u017ce pod Placem Zamkowym ukryta jest \u015bredniowieczna ulica? Czy znasz obrazy Canaletto? A mo\u017ce chcesz pozna\u0107 warszawsk\u0105 Prag\u0119 ? Graj z nami i poczuj klimat tej wielowymiarowej metropolii!<br><\/p>\n\n\n<style>.wp-block-kadence-advancedbtn.kb-btns777_e97a2f-ef{gap:var(--global-kb-gap-xs, 0.5rem );justify-content:flex-start;align-items:center;}.kt-btns777_e97a2f-ef .kt-button{font-weight:normal;font-style:normal;}<\/style>\n<div class=\"wp-block-kadence-advancedbtn kb-buttons-wrap kb-btns777_e97a2f-ef\"><style>ul.menu .wp-block-kadence-advancedbtn .kb-btn777_9ece8c-bb.kb-button{width:initial;}.wp-block-kadence-advancedbtn .kb-btn777_9ece8c-bb.kb-button{border-top-left-radius:0px;border-top-right-radius:0px;border-bottom-right-radius:0px;border-bottom-left-radius:0px;border-top-color:var(--global-palette2, #2B6CB0);border-top-style:solid;border-right-color:var(--global-palette2, #2B6CB0);border-right-style:solid;border-bottom-color:var(--global-palette2, #2B6CB0);border-bottom-style:solid;border-left-color:var(--global-palette2, #2B6CB0);border-left-style:solid;}.wp-block-kadence-advancedbtn .kb-btn777_9ece8c-bb.kb-button:hover, .wp-block-kadence-advancedbtn .kb-btn777_9ece8c-bb.kb-button:focus{color:var(--global-palette9, #ffffff);background:var(--global-palette1, #3182CE);border-top-color:#444444;border-top-style:solid;border-right-color:#444444;border-right-style:solid;border-bottom-color:#444444;border-bottom-style:solid;border-left-color:#444444;border-left-style:solid;}@media all and (max-width: 1024px){.wp-block-kadence-advancedbtn .kb-btn777_9ece8c-bb.kb-button{border-top-color:var(--global-palette2, #2B6CB0);border-top-style:solid;border-right-color:var(--global-palette2, #2B6CB0);border-right-style:solid;border-bottom-color:var(--global-palette2, #2B6CB0);border-bottom-style:solid;border-left-color:var(--global-palette2, #2B6CB0);border-left-style:solid;}}@media all and (max-width: 1024px){.wp-block-kadence-advancedbtn .kb-btn777_9ece8c-bb.kb-button:hover, .wp-block-kadence-advancedbtn .kb-btn777_9ece8c-bb.kb-button:focus{border-top-color:#444444;border-top-style:solid;border-right-color:#444444;border-right-style:solid;border-bottom-color:#444444;border-bottom-style:solid;border-left-color:#444444;border-left-style:solid;}}@media all and (max-width: 767px){.wp-block-kadence-advancedbtn .kb-btn777_9ece8c-bb.kb-button{border-top-color:var(--global-palette2, #2B6CB0);border-top-style:solid;border-right-color:var(--global-palette2, #2B6CB0);border-right-style:solid;border-bottom-color:var(--global-palette2, #2B6CB0);border-bottom-style:solid;border-left-color:var(--global-palette2, #2B6CB0);border-left-style:solid;}.wp-block-kadence-advancedbtn .kb-btn777_9ece8c-bb.kb-button:hover, .wp-block-kadence-advancedbtn .kb-btn777_9ece8c-bb.kb-button:focus{border-top-color:#444444;border-top-style:solid;border-right-color:#444444;border-right-style:solid;border-bottom-color:#444444;border-bottom-style:solid;border-left-color:#444444;border-left-style:solid;}}<\/style><a class=\"kb-button kt-button button kb-btn777_9ece8c-bb kt-btn-size-standard kt-btn-width-type-auto kb-btn-global-inherit  kt-btn-has-text-true kt-btn-has-svg-false  wp-block-button__link wp-block-kadence-singlebtn\" href=\"https:\/\/www.tamtu.com.pl\/index.php\/kontakt\/\"><span class=\"kt-btn-inner-text\">Zam\u00f3w u nas gr\u0119!<\/span><\/a><\/div>\n<\/div><\/div>\n\n\n<style>.kadence-column777_dd8163-16 > .kt-inside-inner-col,.kadence-column777_dd8163-16 > .kt-inside-inner-col:before{border-top-left-radius:0px;border-top-right-radius:0px;border-bottom-right-radius:0px;border-bottom-left-radius:0px;}.kadence-column777_dd8163-16 > .kt-inside-inner-col{column-gap:0px;}.kadence-column777_dd8163-16 > .kt-inside-inner-col{flex-direction:column;}.kadence-column777_dd8163-16 > .kt-inside-inner-col > .aligncenter{width:100%;}.kadence-column777_dd8163-16 > .kt-inside-inner-col:before{opacity:0.3;}.kadence-column777_dd8163-16{text-align:left;}.kadence-column777_dd8163-16{position:relative;}@media all and (max-width: 1024px){.kadence-column777_dd8163-16 > .kt-inside-inner-col{padding-right:0px;flex-direction:column;justify-content:center;}}@media all and (max-width: 767px){.kadence-column777_dd8163-16 > .kt-inside-inner-col{flex-direction:column;justify-content:center;}}<\/style>\n<div class=\"wp-block-kadence-column kadence-column777_dd8163-16 kb-section-dir-vertical inner-column-2\"><div class=\"kt-inside-inner-col\"><style>.kb-image777_a6a2f0-28:not(.kb-image-is-ratio-size) .kb-img, .kb-image777_a6a2f0-28.kb-image-is-ratio-size{padding-top:0px;padding-bottom:0px;}.kb-image777_a6a2f0-28 .kb-image-has-overlay:after{opacity:0.3;}.kb-image777_a6a2f0-28 img.kb-img, .kb-image777_a6a2f0-28 .kb-img img{object-position:50% 2%;}@media all and (max-width: 1024px){.kb-image777_a6a2f0-28:not(.kb-image-is-ratio-size) .kb-img, .kb-image777_a6a2f0-28.kb-image-is-ratio-size{padding-top:var(--global-kb-spacing-md, 2rem);padding-bottom:0px;}}<\/style>\n<figure class=\"wp-block-kadence-image kb-image777_a6a2f0-28 size-full kb-image-is-ratio-size\"><div class=\"kb-is-ratio-image kb-image-ratio-land43\"><img loading=\"lazy\" decoding=\"async\" width=\"1024\" height=\"768\" src=\"https:\/\/www.tamtu.com.pl\/wp-content\/uploads\/2025\/12\/wawa-3.jpg\" alt=\"\" class=\"kb-img wp-image-1557\" srcset=\"https:\/\/www.tamtu.com.pl\/wp-content\/uploads\/2025\/12\/wawa-3.jpg 1024w, https:\/\/www.tamtu.com.pl\/wp-content\/uploads\/2025\/12\/wawa-3-300x225.jpg 300w, https:\/\/www.tamtu.com.pl\/wp-content\/uploads\/2025\/12\/wawa-3-768x576.jpg 768w\" sizes=\"auto, (max-width: 1024px) 100vw, 1024px\" \/><\/div><\/figure>\n<\/div><\/div>\n\n<\/div><\/div>","protected":false},"excerpt":{"rendered":"<p>Warszawa Warszawa \u2013 stolica pe\u0142na kontrast\u00f3w i ukrytych historii. Podczas gry TamTu odkryjesz nie tylko Pa\u0142ac Kultury czy \u0141azienki Kr\u00f3lewskie, ale tak\u017ce miejsca zwi\u0105zane z Powstaniem Warszawskim, tajnymi drukarniami i artystycznym \u017cyciem Pragi. Czy wiesz, \u017ce pod Placem Zamkowym ukryta jest \u015bredniowieczna ulica? Czy znasz obrazy Canaletto? A mo\u017ce chcesz pozna\u0107 warszawsk\u0105 Prag\u0119 ? Graj&#8230;<\/p>\n","protected":false},"author":1,"featured_media":0,"parent":864,"menu_order":0,"comment_status":"closed","ping_status":"closed","template":"","meta":{"_eb_attr":"","_kb_optimizer_status":0,"_kadence_starter_templates_imported_post":false,"_kad_post_transparent":"","_kad_post_title":"hide","_kad_post_layout":"","_kad_post_sidebar_id":"","_kad_post_content_style":"","_kad_post_vertical_padding":"","_kad_post_feature":"","_kad_post_feature_position":"","_kad_post_header":false,"_kad_post_footer":false,"_kad_post_classname":"","footnotes":""},"class_list":["post-777","page","type-page","status-publish","hentry"],"_links":{"self":[{"href":"https:\/\/www.tamtu.com.pl\/index.php\/wp-json\/wp\/v2\/pages\/777","targetHints":{"allow":["GET"]}}],"collection":[{"href":"https:\/\/www.tamtu.com.pl\/index.php\/wp-json\/wp\/v2\/pages"}],"about":[{"href":"https:\/\/www.tamtu.com.pl\/index.php\/wp-json\/wp\/v2\/types\/page"}],"author":[{"embeddable":true,"href":"https:\/\/www.tamtu.com.pl\/index.php\/wp-json\/wp\/v2\/users\/1"}],"replies":[{"embeddable":true,"href":"https:\/\/www.tamtu.com.pl\/index.php\/wp-json\/wp\/v2\/comments?post=777"}],"version-history":[{"count":5,"href":"https:\/\/www.tamtu.com.pl\/index.php\/wp-json\/wp\/v2\/pages\/777\/revisions"}],"predecessor-version":[{"id":1559,"href":"https:\/\/www.tamtu.com.pl\/index.php\/wp-json\/wp\/v2\/pages\/777\/revisions\/1559"}],"up":[{"embeddable":true,"href":"https:\/\/www.tamtu.com.pl\/index.php\/wp-json\/wp\/v2\/pages\/864"}],"wp:attachment":[{"href":"https:\/\/www.tamtu.com.pl\/index.php\/wp-json\/wp\/v2\/media?parent=777"}],"curies":[{"name":"wp","href":"https:\/\/api.w.org\/{rel}","templated":true}]}}