{"id":781,"date":"2025-06-23T12:39:52","date_gmt":"2025-06-23T12:39:52","guid":{"rendered":"https:\/\/www.tamtu.com.pl\/?page_id=781"},"modified":"2025-07-06T14:02:09","modified_gmt":"2025-07-06T14:02:09","slug":"lodz","status":"publish","type":"page","link":"https:\/\/www.tamtu.com.pl\/index.php\/gdzie-gramy\/lodz\/","title":{"rendered":"\u0141\u00f3d\u017a"},"content":{"rendered":"<style>.kb-row-layout-id781_e4e3f6-87 > .kt-row-column-wrap{align-content:start;}:where(.kb-row-layout-id781_e4e3f6-87 > .kt-row-column-wrap) > .wp-block-kadence-column{justify-content:start;}.kb-row-layout-id781_e4e3f6-87 > .kt-row-column-wrap{column-gap:var(--global-kb-gap-md, 2rem);row-gap:var(--global-kb-gap-md, 2rem);max-width:600px;margin-left:auto;margin-right:auto;padding-top:var(--global-kb-spacing-xxl, 5rem);padding-right:var(--global-kb-spacing-xs, 1rem);padding-bottom:var(--global-kb-spacing-lg, 3rem);padding-left:var(--global-kb-spacing-xs, 1rem);grid-template-columns:minmax(0, 1fr);}.kb-row-layout-id781_e4e3f6-87 > .kt-row-layout-overlay{opacity:0.30;}@media all and (max-width: 1024px){.kb-row-layout-id781_e4e3f6-87 > .kt-row-column-wrap{grid-template-columns:minmax(0, 1fr);}}@media all and (max-width: 767px){.kb-row-layout-id781_e4e3f6-87 > .kt-row-column-wrap{grid-template-columns:minmax(0, 1fr);}}<\/style><div class=\"kb-row-layout-wrap kb-row-layout-id781_e4e3f6-87 alignfull has-theme-palette7-background-color kt-row-has-bg wp-block-kadence-rowlayout\"><div class=\"kt-row-column-wrap kt-has-1-columns kt-row-layout-equal kt-tab-layout-inherit kt-mobile-layout-row kt-row-valign-top\">\n<style>.kadence-column781_51b595-a5 > .kt-inside-inner-col,.kadence-column781_51b595-a5 > .kt-inside-inner-col:before{border-top-left-radius:0px;border-top-right-radius:0px;border-bottom-right-radius:0px;border-bottom-left-radius:0px;}.kadence-column781_51b595-a5 > .kt-inside-inner-col{column-gap:var(--global-kb-gap-sm, 1rem);}.kadence-column781_51b595-a5 > .kt-inside-inner-col{flex-direction:column;}.kadence-column781_51b595-a5 > .kt-inside-inner-col > .aligncenter{width:100%;}.kadence-column781_51b595-a5 > .kt-inside-inner-col:before{opacity:0.3;}.kadence-column781_51b595-a5{position:relative;}.kadence-column781_51b595-a5, .kt-inside-inner-col > .kadence-column781_51b595-a5:not(.specificity){margin-top:0px;margin-right:0px;margin-bottom:0px;margin-left:0px;}@media all and (max-width: 1024px){.kadence-column781_51b595-a5 > .kt-inside-inner-col{flex-direction:column;justify-content:center;}}@media all and (max-width: 767px){.kadence-column781_51b595-a5 > .kt-inside-inner-col{flex-direction:column;justify-content:center;}}<\/style>\n<div class=\"wp-block-kadence-column kadence-column781_51b595-a5 inner-column-1\"><div class=\"kt-inside-inner-col\"><style>.wp-block-kadence-advancedheading.kt-adv-heading781_4a9d41-df, .wp-block-kadence-advancedheading.kt-adv-heading781_4a9d41-df[data-kb-block=\"kb-adv-heading781_4a9d41-df\"]{margin-bottom:var(--global-kb-spacing-lg, 3rem);text-align:center;font-size:var(--global-kb-font-size-lg, 2rem);font-weight:normal;font-style:normal;}.wp-block-kadence-advancedheading.kt-adv-heading781_4a9d41-df mark.kt-highlight, .wp-block-kadence-advancedheading.kt-adv-heading781_4a9d41-df[data-kb-block=\"kb-adv-heading781_4a9d41-df\"] mark.kt-highlight{font-weight:normal;font-style:normal;color:#f76a0c;-webkit-box-decoration-break:clone;box-decoration-break:clone;padding-top:0px;padding-right:0px;padding-bottom:0px;padding-left:0px;}.wp-block-kadence-advancedheading.kt-adv-heading781_4a9d41-df img.kb-inline-image, .wp-block-kadence-advancedheading.kt-adv-heading781_4a9d41-df[data-kb-block=\"kb-adv-heading781_4a9d41-df\"] img.kb-inline-image{width:150px;vertical-align:baseline;}<\/style>\n<h2 class=\"kt-adv-heading781_4a9d41-df wp-block-kadence-advancedheading has-theme-palette-3-color has-text-color\" data-kb-block=\"kb-adv-heading781_4a9d41-df\">\u0141\u00f3d\u017a<\/h2>\n\n\n<style>.wp-block-kadence-advancedheading.kt-adv-heading781_a0b1bd-03, .wp-block-kadence-advancedheading.kt-adv-heading781_a0b1bd-03[data-kb-block=\"kb-adv-heading781_a0b1bd-03\"]{text-align:center;font-weight:normal;font-style:normal;}.wp-block-kadence-advancedheading.kt-adv-heading781_a0b1bd-03 mark.kt-highlight, .wp-block-kadence-advancedheading.kt-adv-heading781_a0b1bd-03[data-kb-block=\"kb-adv-heading781_a0b1bd-03\"] mark.kt-highlight{font-weight:normal;font-style:normal;color:#f76a0c;-webkit-box-decoration-break:clone;box-decoration-break:clone;padding-top:0px;padding-right:0px;padding-bottom:0px;padding-left:0px;}.wp-block-kadence-advancedheading.kt-adv-heading781_a0b1bd-03 img.kb-inline-image, .wp-block-kadence-advancedheading.kt-adv-heading781_a0b1bd-03[data-kb-block=\"kb-adv-heading781_a0b1bd-03\"] img.kb-inline-image{width:150px;vertical-align:baseline;}<\/style>\n<p class=\"kt-adv-heading781_a0b1bd-03 wp-block-kadence-advancedheading has-theme-palette-3-color has-text-color\" data-kb-block=\"kb-adv-heading781_a0b1bd-03\">\u0141\u00f3d\u017a to prawdziwe serce TamTu \u2013 tutaj czeka na Was ponad 2000 pyta\u0144! Odkryj filmowe plenery, histori\u0119 czterech kultur i industrialne dziedzictwo.<\/p>\n<\/div><\/div>\n\n<\/div><\/div>\n\n<style>.kb-row-layout-id781_c8371d-ec > .kt-row-column-wrap{align-content:start;}:where(.kb-row-layout-id781_c8371d-ec > .kt-row-column-wrap) > .wp-block-kadence-column{justify-content:start;}.kb-row-layout-id781_c8371d-ec > .kt-row-column-wrap{column-gap:var(--global-kb-gap-md, 2rem);row-gap:var(--global-kb-gap-md, 2rem);max-width:var( --global-content-width, 1290px );padding-left:var(--global-content-edge-padding);padding-right:var(--global-content-edge-padding);padding-top:var(--global-kb-spacing-xxl, 5rem);padding-bottom:var(--global-kb-spacing-xxl, 5rem);grid-template-columns:minmax(0, 1fr);}.kb-row-layout-id781_c8371d-ec > .kt-row-layout-overlay{opacity:0.30;}@media all and (max-width: 1024px){.kb-row-layout-id781_c8371d-ec > .kt-row-column-wrap{grid-template-columns:minmax(0, 1fr);}}@media all and (max-width: 767px){.kb-row-layout-id781_c8371d-ec > .kt-row-column-wrap{grid-template-columns:minmax(0, 1fr);}}<\/style><div class=\"kb-row-layout-wrap kb-row-layout-id781_c8371d-ec alignfull has-theme-palette9-background-color kt-row-has-bg wp-block-kadence-rowlayout\"><div class=\"kt-row-column-wrap kt-has-2-columns kt-row-layout-row kt-tab-layout-inherit kt-mobile-layout-row kt-row-valign-top kb-theme-content-width\">\n<style>.kadence-column781_ae7561-2d > .kt-inside-inner-col{padding-top:0px;padding-bottom:0px;}.kadence-column781_ae7561-2d > .kt-inside-inner-col,.kadence-column781_ae7561-2d > .kt-inside-inner-col:before{border-top-left-radius:0px;border-top-right-radius:0px;border-bottom-right-radius:0px;border-bottom-left-radius:0px;}.kadence-column781_ae7561-2d > .kt-inside-inner-col{column-gap:var(--global-kb-gap-sm, 1rem);}.kadence-column781_ae7561-2d > .kt-inside-inner-col{flex-direction:column;}.kadence-column781_ae7561-2d > .kt-inside-inner-col > .aligncenter{width:100%;}.kadence-column781_ae7561-2d > .kt-inside-inner-col:before{opacity:0.3;}.kadence-column781_ae7561-2d{position:relative;}@media all and (max-width: 1024px){.kadence-column781_ae7561-2d > .kt-inside-inner-col{flex-direction:column;justify-content:center;}}@media all and (max-width: 767px){.kadence-column781_ae7561-2d > .kt-inside-inner-col{flex-direction:column;justify-content:center;}}<\/style>\n<div class=\"wp-block-kadence-column kadence-column781_ae7561-2d\"><div class=\"kt-inside-inner-col\"><\/div><\/div>\n\n\n<style>.kadence-column781_bc7918-f8 > .kt-inside-inner-col,.kadence-column781_bc7918-f8 > .kt-inside-inner-col:before{border-top-left-radius:0px;border-top-right-radius:0px;border-bottom-right-radius:0px;border-bottom-left-radius:0px;}.kadence-column781_bc7918-f8 > .kt-inside-inner-col{column-gap:var(--global-kb-gap-sm, 1rem);}.kadence-column781_bc7918-f8 > .kt-inside-inner-col{flex-direction:column;}.kadence-column781_bc7918-f8 > .kt-inside-inner-col > .aligncenter{width:100%;}.kadence-column781_bc7918-f8 > .kt-inside-inner-col:before{opacity:0.3;}.kadence-column781_bc7918-f8{position:relative;}@media all and (max-width: 1024px){.kadence-column781_bc7918-f8 > .kt-inside-inner-col{flex-direction:column;justify-content:center;}}@media all and (max-width: 767px){.kadence-column781_bc7918-f8 > .kt-inside-inner-col{flex-direction:column;justify-content:center;}}<\/style>\n<div class=\"wp-block-kadence-column kadence-column781_bc7918-f8\"><div class=\"kt-inside-inner-col\">\n<figure class=\"wp-block-gallery has-nested-images columns-default is-cropped wp-block-gallery-1 is-layout-flex wp-block-gallery-is-layout-flex\">\n<figure class=\"wp-block-image size-large\"><img loading=\"lazy\" decoding=\"async\" width=\"1024\" height=\"768\" data-id=\"1059\" src=\"https:\/\/www.tamtu.com.pl\/wp-content\/uploads\/2025\/07\/image_11-1024x768.jpg\" alt=\"\" class=\"wp-image-1059\" srcset=\"https:\/\/www.tamtu.com.pl\/wp-content\/uploads\/2025\/07\/image_11-1024x768.jpg 1024w, https:\/\/www.tamtu.com.pl\/wp-content\/uploads\/2025\/07\/image_11-300x225.jpg 300w, https:\/\/www.tamtu.com.pl\/wp-content\/uploads\/2025\/07\/image_11-768x576.jpg 768w, https:\/\/www.tamtu.com.pl\/wp-content\/uploads\/2025\/07\/image_11-1536x1152.jpg 1536w, https:\/\/www.tamtu.com.pl\/wp-content\/uploads\/2025\/07\/image_11.jpg 1920w\" sizes=\"auto, (max-width: 1024px) 100vw, 1024px\" \/><\/figure>\n\n\n\n<figure class=\"wp-block-image size-large\"><img loading=\"lazy\" decoding=\"async\" width=\"1024\" height=\"768\" data-id=\"1064\" src=\"https:\/\/www.tamtu.com.pl\/wp-content\/uploads\/2025\/07\/image_42-1024x768.jpg\" alt=\"\" class=\"wp-image-1064\" srcset=\"https:\/\/www.tamtu.com.pl\/wp-content\/uploads\/2025\/07\/image_42-1024x768.jpg 1024w, https:\/\/www.tamtu.com.pl\/wp-content\/uploads\/2025\/07\/image_42-300x225.jpg 300w, https:\/\/www.tamtu.com.pl\/wp-content\/uploads\/2025\/07\/image_42-768x576.jpg 768w, https:\/\/www.tamtu.com.pl\/wp-content\/uploads\/2025\/07\/image_42-1536x1152.jpg 1536w, https:\/\/www.tamtu.com.pl\/wp-content\/uploads\/2025\/07\/image_42.jpg 1920w\" sizes=\"auto, (max-width: 1024px) 100vw, 1024px\" \/><\/figure>\n\n\n\n<figure class=\"wp-block-image size-large\"><img loading=\"lazy\" decoding=\"async\" width=\"1024\" height=\"768\" data-id=\"1060\" src=\"https:\/\/www.tamtu.com.pl\/wp-content\/uploads\/2025\/07\/image_18-1024x768.jpg\" alt=\"\" class=\"wp-image-1060\" srcset=\"https:\/\/www.tamtu.com.pl\/wp-content\/uploads\/2025\/07\/image_18-1024x768.jpg 1024w, https:\/\/www.tamtu.com.pl\/wp-content\/uploads\/2025\/07\/image_18-300x225.jpg 300w, https:\/\/www.tamtu.com.pl\/wp-content\/uploads\/2025\/07\/image_18-768x576.jpg 768w, https:\/\/www.tamtu.com.pl\/wp-content\/uploads\/2025\/07\/image_18-1536x1152.jpg 1536w, https:\/\/www.tamtu.com.pl\/wp-content\/uploads\/2025\/07\/image_18.jpg 1920w\" sizes=\"auto, (max-width: 1024px) 100vw, 1024px\" \/><\/figure>\n<\/figure>\n\n\n<style>.wp-block-kadence-advancedgallery .kb-gallery-type-masonry.kb-gallery-id-781_69c18c-6c{margin:-10px;}.kb-gallery-type-masonry.kb-gallery-id-781_69c18c-6c .kadence-blocks-gallery-item{padding:10px;}.kb-gallery-id-781_69c18c-6c .kadence-blocks-gallery-item .kb-gal-image-radius, .kb-gallery-id-781_69c18c-6c .kb-slide-item .kb-gal-image-radius img{border-radius:0px 0px 0px 0px;;}<\/style><\/div><\/div>\n\n<\/div><\/div>\n\n<style>.kb-row-layout-id781_810967-83 > .kt-row-column-wrap{align-content:center;}:where(.kb-row-layout-id781_810967-83 > .kt-row-column-wrap) > .wp-block-kadence-column{justify-content:center;}.kb-row-layout-id781_810967-83 > .kt-row-column-wrap{column-gap:var(--global-kb-gap-lg, 4rem);row-gap:var(--global-kb-gap-md, 2rem);max-width:var( --global-content-width, 1290px );padding-left:var(--global-content-edge-padding);padding-right:var(--global-content-edge-padding);padding-top:var(--global-kb-spacing-xxl, 5rem);padding-bottom:var(--global-kb-spacing-xxl, 5rem);grid-template-columns:repeat(2, minmax(0, 1fr));}.kb-row-layout-id781_810967-83 > .kt-row-layout-overlay{opacity:0.30;}@media all and (max-width: 1024px){.kb-row-layout-id781_810967-83 > .kt-row-column-wrap{column-gap:var(--global-kb-gap-none, 0rem );row-gap:var(--global-kb-gap-none, 0rem );grid-template-columns:minmax(0, 1fr);}}@media all and (max-width: 767px){.kb-row-layout-id781_810967-83 > .kt-row-column-wrap{grid-template-columns:minmax(0, 1fr);}}<\/style><div class=\"kb-row-layout-wrap kb-row-layout-id781_810967-83 alignfull has-theme-palette9-background-color kt-row-has-bg wp-block-kadence-rowlayout\"><div class=\"kt-row-column-wrap kt-has-2-columns kt-row-layout-equal kt-tab-layout-row kt-mobile-layout-row kt-row-valign-middle kb-theme-content-width\">\n<style>.kadence-column781_077929-ce > .kt-inside-inner-col{display:flex;}.kadence-column781_077929-ce > .kt-inside-inner-col{padding-top:0px;padding-bottom:0px;}.kadence-column781_077929-ce > .kt-inside-inner-col,.kadence-column781_077929-ce > .kt-inside-inner-col:before{border-top-left-radius:0px;border-top-right-radius:0px;border-bottom-right-radius:0px;border-bottom-left-radius:0px;}.kadence-column781_077929-ce > .kt-inside-inner-col{column-gap:var(--global-kb-gap-sm, 1rem);}.kadence-column781_077929-ce > .kt-inside-inner-col{flex-direction:column;justify-content:flex-start;}.kadence-column781_077929-ce > .kt-inside-inner-col > .aligncenter{width:100%;}.kt-row-column-wrap > .kadence-column781_077929-ce{align-self:flex-start;}.kt-inner-column-height-full:not(.kt-has-1-columns) > .wp-block-kadence-column.kadence-column781_077929-ce{align-self:auto;}.kt-inner-column-height-full:not(.kt-has-1-columns) > .wp-block-kadence-column.kadence-column781_077929-ce > .kt-inside-inner-col{flex-direction:column;justify-content:flex-start;}.kadence-column781_077929-ce > .kt-inside-inner-col:before{opacity:0.3;}.kadence-column781_077929-ce{text-align:left;}.kadence-column781_077929-ce{position:relative;}@media all and (max-width: 1024px){.kadence-column781_077929-ce > .kt-inside-inner-col{padding-top:var(--global-kb-spacing-lg, 3rem);padding-bottom:var(--global-kb-spacing-md, 2rem);flex-direction:column;justify-content:flex-start;}}@media all and (max-width: 1024px){.kt-row-column-wrap > .kadence-column781_077929-ce{align-self:flex-start;}}@media all and (max-width: 1024px){.kt-inner-column-height-full:not(.kt-has-1-columns) > .wp-block-kadence-column.kadence-column781_077929-ce{align-self:auto;}}@media all and (max-width: 1024px){.kt-inner-column-height-full:not(.kt-has-1-columns) > .wp-block-kadence-column.kadence-column781_077929-ce > .kt-inside-inner-col{flex-direction:column;justify-content:flex-start;}}@media all and (max-width: 767px){.kt-row-column-wrap > .kadence-column781_077929-ce{align-self:flex-start;}.kt-inner-column-height-full:not(.kt-has-1-columns) > .wp-block-kadence-column.kadence-column781_077929-ce{align-self:auto;}.kt-inner-column-height-full:not(.kt-has-1-columns) > .wp-block-kadence-column.kadence-column781_077929-ce > .kt-inside-inner-col{flex-direction:column;justify-content:flex-start;}.kadence-column781_077929-ce > .kt-inside-inner-col{flex-direction:column;justify-content:flex-start;}}@media only screen and (min-width: 1025px) {n .kadence-column781_077929-ce {n   align-items:flex-end;n }n}<\/style>\n<div class=\"wp-block-kadence-column kadence-column781_077929-ce kb-section-dir-vertical inner-column-1\"><div class=\"kt-inside-inner-col\"><style>.wp-block-kadence-advancedheading.kt-adv-heading781_1decd9-15, .wp-block-kadence-advancedheading.kt-adv-heading781_1decd9-15[data-kb-block=\"kb-adv-heading781_1decd9-15\"]{max-width:586px;font-size:var(--global-kb-font-size-lg, 2rem);line-height:1.2;font-style:normal;}.wp-block-kadence-advancedheading.kt-adv-heading781_1decd9-15 mark.kt-highlight, .wp-block-kadence-advancedheading.kt-adv-heading781_1decd9-15[data-kb-block=\"kb-adv-heading781_1decd9-15\"] mark.kt-highlight{font-style:normal;color:#f76a0c;-webkit-box-decoration-break:clone;box-decoration-break:clone;padding-top:0px;padding-right:0px;padding-bottom:0px;padding-left:0px;}.wp-block-kadence-advancedheading.kt-adv-heading781_1decd9-15 img.kb-inline-image, .wp-block-kadence-advancedheading.kt-adv-heading781_1decd9-15[data-kb-block=\"kb-adv-heading781_1decd9-15\"] img.kb-inline-image{width:150px;vertical-align:baseline;}<\/style>\n<h2 class=\"kt-adv-heading781_1decd9-15 wp-block-kadence-advancedheading has-theme-palette-3-color has-text-color\" data-kb-block=\"kb-adv-heading781_1decd9-15\"><\/h2>\n\n\n<style>.wp-block-kadence-advancedheading.kt-adv-heading781_cc6782-4d, .wp-block-kadence-advancedheading.kt-adv-heading781_cc6782-4d[data-kb-block=\"kb-adv-heading781_cc6782-4d\"]{max-width:586px;margin-bottom:var(--global-kb-spacing-sm, 1.5rem);font-style:normal;}.wp-block-kadence-advancedheading.kt-adv-heading781_cc6782-4d mark.kt-highlight, .wp-block-kadence-advancedheading.kt-adv-heading781_cc6782-4d[data-kb-block=\"kb-adv-heading781_cc6782-4d\"] mark.kt-highlight{font-style:normal;color:#f76a0c;-webkit-box-decoration-break:clone;box-decoration-break:clone;padding-top:0px;padding-right:0px;padding-bottom:0px;padding-left:0px;}.wp-block-kadence-advancedheading.kt-adv-heading781_cc6782-4d img.kb-inline-image, .wp-block-kadence-advancedheading.kt-adv-heading781_cc6782-4d[data-kb-block=\"kb-adv-heading781_cc6782-4d\"] img.kb-inline-image{width:150px;vertical-align:baseline;}<\/style>\n<p class=\"kt-adv-heading781_cc6782-4d wp-block-kadence-advancedheading has-theme-palette-3-color has-text-color\" data-kb-block=\"kb-adv-heading781_cc6782-4d\">\u00a0Centrum, Ksi\u0119\u017cy M\u0142yn, Stare Polesie \u2013 ka\u017cde z tych miejsc opowiada swoj\u0105 w\u0142asn\u0105 histori\u0119. Tu 'Ziemia Obiecana&#8217; staje si\u0119 rzeczywisto\u015bci\u0105 \u2013 gotowi na emocjonuj\u0105c\u0105 przygod\u0119 w mie\u015bcie, kt\u00f3re jest unikalne jak jednoro\u017cec, kt\u00f3rego \u0141\u00f3d\u017a trzyma w Stajni?<br><\/p>\n\n\n<style>.wp-block-kadence-advancedbtn.kb-btns781_121577-09{gap:var(--global-kb-gap-xs, 0.5rem );justify-content:flex-start;align-items:center;}.kt-btns781_121577-09 .kt-button{font-weight:normal;font-style:normal;}<\/style>\n<div class=\"wp-block-kadence-advancedbtn kb-buttons-wrap kb-btns781_121577-09\"><style>ul.menu .wp-block-kadence-advancedbtn .kb-btn781_07a423-59.kb-button{width:initial;}.wp-block-kadence-advancedbtn .kb-btn781_07a423-59.kb-button{border-top-left-radius:0px;border-top-right-radius:0px;border-bottom-right-radius:0px;border-bottom-left-radius:0px;border-top-color:var(--global-palette2, #2B6CB0);border-top-style:solid;border-right-color:var(--global-palette2, #2B6CB0);border-right-style:solid;border-bottom-color:var(--global-palette2, #2B6CB0);border-bottom-style:solid;border-left-color:var(--global-palette2, #2B6CB0);border-left-style:solid;}.wp-block-kadence-advancedbtn .kb-btn781_07a423-59.kb-button:hover, .wp-block-kadence-advancedbtn .kb-btn781_07a423-59.kb-button:focus{color:var(--global-palette9, #ffffff);background:var(--global-palette1, #3182CE);border-top-color:#444444;border-top-style:solid;border-right-color:#444444;border-right-style:solid;border-bottom-color:#444444;border-bottom-style:solid;border-left-color:#444444;border-left-style:solid;}@media all and (max-width: 1024px){.wp-block-kadence-advancedbtn .kb-btn781_07a423-59.kb-button{border-top-color:var(--global-palette2, #2B6CB0);border-top-style:solid;border-right-color:var(--global-palette2, #2B6CB0);border-right-style:solid;border-bottom-color:var(--global-palette2, #2B6CB0);border-bottom-style:solid;border-left-color:var(--global-palette2, #2B6CB0);border-left-style:solid;}}@media all and (max-width: 1024px){.wp-block-kadence-advancedbtn .kb-btn781_07a423-59.kb-button:hover, .wp-block-kadence-advancedbtn .kb-btn781_07a423-59.kb-button:focus{border-top-color:#444444;border-top-style:solid;border-right-color:#444444;border-right-style:solid;border-bottom-color:#444444;border-bottom-style:solid;border-left-color:#444444;border-left-style:solid;}}@media all and (max-width: 767px){.wp-block-kadence-advancedbtn .kb-btn781_07a423-59.kb-button{border-top-color:var(--global-palette2, #2B6CB0);border-top-style:solid;border-right-color:var(--global-palette2, #2B6CB0);border-right-style:solid;border-bottom-color:var(--global-palette2, #2B6CB0);border-bottom-style:solid;border-left-color:var(--global-palette2, #2B6CB0);border-left-style:solid;}.wp-block-kadence-advancedbtn .kb-btn781_07a423-59.kb-button:hover, .wp-block-kadence-advancedbtn .kb-btn781_07a423-59.kb-button:focus{border-top-color:#444444;border-top-style:solid;border-right-color:#444444;border-right-style:solid;border-bottom-color:#444444;border-bottom-style:solid;border-left-color:#444444;border-left-style:solid;}}<\/style><a class=\"kb-button kt-button button kb-btn781_07a423-59 kt-btn-size-standard kt-btn-width-type-auto kb-btn-global-inherit  kt-btn-has-text-true kt-btn-has-svg-false  wp-block-button__link wp-block-kadence-singlebtn\" href=\"https:\/\/www.tamtu.com.pl\/index.php\/kontakt\/\"><span class=\"kt-btn-inner-text\">skontaktuj si\u0119 z nami<\/span><\/a><\/div>\n<\/div><\/div>\n\n\n<style>.kadence-column781_c29292-b2 > .kt-inside-inner-col,.kadence-column781_c29292-b2 > .kt-inside-inner-col:before{border-top-left-radius:0px;border-top-right-radius:0px;border-bottom-right-radius:0px;border-bottom-left-radius:0px;}.kadence-column781_c29292-b2 > .kt-inside-inner-col{column-gap:0px;}.kadence-column781_c29292-b2 > .kt-inside-inner-col{flex-direction:column;}.kadence-column781_c29292-b2 > .kt-inside-inner-col > .aligncenter{width:100%;}.kadence-column781_c29292-b2 > .kt-inside-inner-col:before{opacity:0.3;}.kadence-column781_c29292-b2{text-align:left;}.kadence-column781_c29292-b2{position:relative;}@media all and (max-width: 1024px){.kadence-column781_c29292-b2 > .kt-inside-inner-col{padding-right:0px;flex-direction:column;justify-content:center;}}@media all and (max-width: 767px){.kadence-column781_c29292-b2 > .kt-inside-inner-col{flex-direction:column;justify-content:center;}}<\/style>\n<div class=\"wp-block-kadence-column kadence-column781_c29292-b2 kb-section-dir-vertical inner-column-2\"><div class=\"kt-inside-inner-col\"><style>.kb-image781_97af5a-9f:not(.kb-image-is-ratio-size) .kb-img, .kb-image781_97af5a-9f.kb-image-is-ratio-size{padding-top:0px;padding-bottom:0px;}.kb-image781_97af5a-9f .kb-image-has-overlay:after{opacity:0.3;}@media all and (max-width: 1024px){.kb-image781_97af5a-9f:not(.kb-image-is-ratio-size) .kb-img, .kb-image781_97af5a-9f.kb-image-is-ratio-size{padding-top:var(--global-kb-spacing-md, 2rem);padding-bottom:0px;}}<\/style>\n<figure class=\"wp-block-kadence-image kb-image781_97af5a-9f size-full kb-image-is-ratio-size\"><div class=\"kb-is-ratio-image kb-image-ratio-land43\"><img loading=\"lazy\" decoding=\"async\" width=\"681\" height=\"534\" src=\"https:\/\/www.tamtu.com.pl\/wp-content\/uploads\/2025\/07\/star-wars-lodz.jpg\" alt=\"\" class=\"kb-img wp-image-1063\" srcset=\"https:\/\/www.tamtu.com.pl\/wp-content\/uploads\/2025\/07\/star-wars-lodz.jpg 681w, https:\/\/www.tamtu.com.pl\/wp-content\/uploads\/2025\/07\/star-wars-lodz-300x235.jpg 300w\" sizes=\"auto, (max-width: 681px) 100vw, 681px\" \/><\/div><\/figure>\n<\/div><\/div>\n\n<\/div><\/div>","protected":false},"excerpt":{"rendered":"<p>\u0141\u00f3d\u017a \u0141\u00f3d\u017a to prawdziwe serce TamTu \u2013 tutaj czeka na Was ponad 2000 pyta\u0144! Odkryj filmowe plenery, histori\u0119 czterech kultur i industrialne dziedzictwo. \u00a0Centrum, Ksi\u0119\u017cy M\u0142yn, Stare Polesie \u2013 ka\u017cde z tych miejsc opowiada swoj\u0105 w\u0142asn\u0105 histori\u0119. Tu 'Ziemia Obiecana&#8217; staje si\u0119 rzeczywisto\u015bci\u0105 \u2013 gotowi na emocjonuj\u0105c\u0105 przygod\u0119 w mie\u015bcie, kt\u00f3re jest unikalne jak jednoro\u017cec,&#8230;<\/p>\n","protected":false},"author":1,"featured_media":0,"parent":864,"menu_order":0,"comment_status":"closed","ping_status":"closed","template":"","meta":{"_eb_attr":"","_kb_optimizer_status":0,"_kadence_starter_templates_imported_post":false,"_kad_post_transparent":"","_kad_post_title":"hide","_kad_post_layout":"","_kad_post_sidebar_id":"","_kad_post_content_style":"","_kad_post_vertical_padding":"","_kad_post_feature":"","_kad_post_feature_position":"","_kad_post_header":false,"_kad_post_footer":false,"_kad_post_classname":"","footnotes":""},"class_list":["post-781","page","type-page","status-publish","hentry"],"_links":{"self":[{"href":"https:\/\/www.tamtu.com.pl\/index.php\/wp-json\/wp\/v2\/pages\/781","targetHints":{"allow":["GET"]}}],"collection":[{"href":"https:\/\/www.tamtu.com.pl\/index.php\/wp-json\/wp\/v2\/pages"}],"about":[{"href":"https:\/\/www.tamtu.com.pl\/index.php\/wp-json\/wp\/v2\/types\/page"}],"author":[{"embeddable":true,"href":"https:\/\/www.tamtu.com.pl\/index.php\/wp-json\/wp\/v2\/users\/1"}],"replies":[{"embeddable":true,"href":"https:\/\/www.tamtu.com.pl\/index.php\/wp-json\/wp\/v2\/comments?post=781"}],"version-history":[{"count":5,"href":"https:\/\/www.tamtu.com.pl\/index.php\/wp-json\/wp\/v2\/pages\/781\/revisions"}],"predecessor-version":[{"id":1112,"href":"https:\/\/www.tamtu.com.pl\/index.php\/wp-json\/wp\/v2\/pages\/781\/revisions\/1112"}],"up":[{"embeddable":true,"href":"https:\/\/www.tamtu.com.pl\/index.php\/wp-json\/wp\/v2\/pages\/864"}],"wp:attachment":[{"href":"https:\/\/www.tamtu.com.pl\/index.php\/wp-json\/wp\/v2\/media?parent=781"}],"curies":[{"name":"wp","href":"https:\/\/api.w.org\/{rel}","templated":true}]}}