{"id":782,"date":"2025-06-23T12:39:52","date_gmt":"2025-06-23T12:39:52","guid":{"rendered":"https:\/\/www.tamtu.com.pl\/?page_id=782"},"modified":"2025-12-14T15:58:15","modified_gmt":"2025-12-14T15:58:15","slug":"starachowice","status":"publish","type":"page","link":"https:\/\/www.tamtu.com.pl\/index.php\/gdzie-gramy\/starachowice\/","title":{"rendered":"Starachowice"},"content":{"rendered":"<style>.kb-row-layout-id782_3f9920-ba > .kt-row-column-wrap{align-content:start;}:where(.kb-row-layout-id782_3f9920-ba > .kt-row-column-wrap) > .wp-block-kadence-column{justify-content:start;}.kb-row-layout-id782_3f9920-ba > .kt-row-column-wrap{column-gap:var(--global-kb-gap-md, 2rem);row-gap:var(--global-kb-gap-md, 2rem);max-width:600px;margin-left:auto;margin-right:auto;padding-top:var(--global-kb-spacing-xxl, 5rem);padding-right:var(--global-kb-spacing-xs, 1rem);padding-bottom:var(--global-kb-spacing-lg, 3rem);padding-left:var(--global-kb-spacing-xs, 1rem);grid-template-columns:minmax(0, 1fr);}.kb-row-layout-id782_3f9920-ba > .kt-row-layout-overlay{opacity:0.30;}@media all and (max-width: 1024px){.kb-row-layout-id782_3f9920-ba > .kt-row-column-wrap{grid-template-columns:minmax(0, 1fr);}}@media all and (max-width: 767px){.kb-row-layout-id782_3f9920-ba > .kt-row-column-wrap{grid-template-columns:minmax(0, 1fr);}}<\/style><div class=\"kb-row-layout-wrap kb-row-layout-id782_3f9920-ba alignfull has-theme-palette7-background-color kt-row-has-bg wp-block-kadence-rowlayout\"><div class=\"kt-row-column-wrap kt-has-1-columns kt-row-layout-equal kt-tab-layout-inherit kt-mobile-layout-row kt-row-valign-top\">\n<style>.kadence-column782_e790a5-53 > .kt-inside-inner-col,.kadence-column782_e790a5-53 > .kt-inside-inner-col:before{border-top-left-radius:0px;border-top-right-radius:0px;border-bottom-right-radius:0px;border-bottom-left-radius:0px;}.kadence-column782_e790a5-53 > .kt-inside-inner-col{column-gap:var(--global-kb-gap-sm, 1rem);}.kadence-column782_e790a5-53 > .kt-inside-inner-col{flex-direction:column;}.kadence-column782_e790a5-53 > .kt-inside-inner-col > .aligncenter{width:100%;}.kadence-column782_e790a5-53 > .kt-inside-inner-col:before{opacity:0.3;}.kadence-column782_e790a5-53{position:relative;}.kadence-column782_e790a5-53, .kt-inside-inner-col > .kadence-column782_e790a5-53:not(.specificity){margin-top:0px;margin-right:0px;margin-bottom:0px;margin-left:0px;}@media all and (max-width: 1024px){.kadence-column782_e790a5-53 > .kt-inside-inner-col{flex-direction:column;justify-content:center;}}@media all and (max-width: 767px){.kadence-column782_e790a5-53 > .kt-inside-inner-col{flex-direction:column;justify-content:center;}}<\/style>\n<div class=\"wp-block-kadence-column kadence-column782_e790a5-53 inner-column-1\"><div class=\"kt-inside-inner-col\"><style>.wp-block-kadence-advancedheading.kt-adv-heading782_d42b88-29, .wp-block-kadence-advancedheading.kt-adv-heading782_d42b88-29[data-kb-block=\"kb-adv-heading782_d42b88-29\"]{margin-bottom:var(--global-kb-spacing-lg, 3rem);text-align:center;font-size:var(--global-kb-font-size-lg, 2rem);font-weight:normal;font-style:normal;}.wp-block-kadence-advancedheading.kt-adv-heading782_d42b88-29 mark.kt-highlight, .wp-block-kadence-advancedheading.kt-adv-heading782_d42b88-29[data-kb-block=\"kb-adv-heading782_d42b88-29\"] mark.kt-highlight{font-weight:normal;font-style:normal;color:#f76a0c;-webkit-box-decoration-break:clone;box-decoration-break:clone;padding-top:0px;padding-right:0px;padding-bottom:0px;padding-left:0px;}.wp-block-kadence-advancedheading.kt-adv-heading782_d42b88-29 img.kb-inline-image, .wp-block-kadence-advancedheading.kt-adv-heading782_d42b88-29[data-kb-block=\"kb-adv-heading782_d42b88-29\"] img.kb-inline-image{width:150px;vertical-align:baseline;}<\/style>\n<h2 class=\"kt-adv-heading782_d42b88-29 wp-block-kadence-advancedheading has-theme-palette-3-color has-text-color\" data-kb-block=\"kb-adv-heading782_d42b88-29\">Starachowice<\/h2>\n\n\n<style>.wp-block-kadence-advancedheading.kt-adv-heading782_c8d9d3-87, .wp-block-kadence-advancedheading.kt-adv-heading782_c8d9d3-87[data-kb-block=\"kb-adv-heading782_c8d9d3-87\"]{text-align:center;font-weight:normal;font-style:normal;}.wp-block-kadence-advancedheading.kt-adv-heading782_c8d9d3-87 mark.kt-highlight, .wp-block-kadence-advancedheading.kt-adv-heading782_c8d9d3-87[data-kb-block=\"kb-adv-heading782_c8d9d3-87\"] mark.kt-highlight{font-weight:normal;font-style:normal;color:#f76a0c;-webkit-box-decoration-break:clone;box-decoration-break:clone;padding-top:0px;padding-right:0px;padding-bottom:0px;padding-left:0px;}.wp-block-kadence-advancedheading.kt-adv-heading782_c8d9d3-87 img.kb-inline-image, .wp-block-kadence-advancedheading.kt-adv-heading782_c8d9d3-87[data-kb-block=\"kb-adv-heading782_c8d9d3-87\"] img.kb-inline-image{width:150px;vertical-align:baseline;}<\/style>\n<p class=\"kt-adv-heading782_c8d9d3-87 wp-block-kadence-advancedheading has-theme-palette-3-color has-text-color\" data-kb-block=\"kb-adv-heading782_c8d9d3-87\">Starachowice to miasto, kt\u00f3re zaskakuje histori\u0105 \u2013 zar\u00f3wno t\u0105 prehistoryczn\u0105, jak i ca\u0142kiem wsp\u00f3\u0142czesn\u0105.<\/p>\n<\/div><\/div>\n\n<\/div><\/div>\n\n<style>.kb-row-layout-id782_dca1c6-06 > .kt-row-column-wrap{align-content:start;}:where(.kb-row-layout-id782_dca1c6-06 > .kt-row-column-wrap) > .wp-block-kadence-column{justify-content:start;}.kb-row-layout-id782_dca1c6-06 > .kt-row-column-wrap{column-gap:var(--global-kb-gap-md, 2rem);row-gap:var(--global-kb-gap-md, 2rem);max-width:var( --global-content-width, 1290px );padding-left:var(--global-content-edge-padding);padding-right:var(--global-content-edge-padding);padding-top:var(--global-kb-spacing-xxl, 5rem);padding-bottom:var(--global-kb-spacing-xxl, 5rem);grid-template-columns:minmax(0, 1fr);}.kb-row-layout-id782_dca1c6-06 > .kt-row-layout-overlay{opacity:0.30;}@media all and (max-width: 1024px){.kb-row-layout-id782_dca1c6-06 > .kt-row-column-wrap{grid-template-columns:minmax(0, 1fr);}}@media all and (max-width: 767px){.kb-row-layout-id782_dca1c6-06 > .kt-row-column-wrap{grid-template-columns:minmax(0, 1fr);}}<\/style><div class=\"kb-row-layout-wrap kb-row-layout-id782_dca1c6-06 alignfull has-theme-palette9-background-color kt-row-has-bg wp-block-kadence-rowlayout\"><div class=\"kt-row-column-wrap kt-has-2-columns kt-row-layout-row kt-tab-layout-inherit kt-mobile-layout-row kt-row-valign-top kb-theme-content-width\">\n<style>.kadence-column782_066191-45 > .kt-inside-inner-col,.kadence-column782_066191-45 > .kt-inside-inner-col:before{border-top-left-radius:0px;border-top-right-radius:0px;border-bottom-right-radius:0px;border-bottom-left-radius:0px;}.kadence-column782_066191-45 > .kt-inside-inner-col{column-gap:var(--global-kb-gap-sm, 1rem);}.kadence-column782_066191-45 > .kt-inside-inner-col{flex-direction:column;}.kadence-column782_066191-45 > .kt-inside-inner-col > .aligncenter{width:100%;}.kadence-column782_066191-45 > .kt-inside-inner-col:before{opacity:0.3;}.kadence-column782_066191-45{position:relative;}@media all and (max-width: 1024px){.kadence-column782_066191-45 > .kt-inside-inner-col{flex-direction:column;justify-content:center;}}@media all and (max-width: 767px){.kadence-column782_066191-45 > .kt-inside-inner-col{flex-direction:column;justify-content:center;}}<\/style>\n<div class=\"wp-block-kadence-column kadence-column782_066191-45\"><div class=\"kt-inside-inner-col\"><\/div><\/div>\n\n\n<style>.kadence-column782_7cb557-56 > .kt-inside-inner-col,.kadence-column782_7cb557-56 > .kt-inside-inner-col:before{border-top-left-radius:0px;border-top-right-radius:0px;border-bottom-right-radius:0px;border-bottom-left-radius:0px;}.kadence-column782_7cb557-56 > .kt-inside-inner-col{column-gap:var(--global-kb-gap-sm, 1rem);}.kadence-column782_7cb557-56 > .kt-inside-inner-col{flex-direction:column;}.kadence-column782_7cb557-56 > .kt-inside-inner-col > .aligncenter{width:100%;}.kadence-column782_7cb557-56 > .kt-inside-inner-col:before{opacity:0.3;}.kadence-column782_7cb557-56{position:relative;}@media all and (max-width: 1024px){.kadence-column782_7cb557-56 > .kt-inside-inner-col{flex-direction:column;justify-content:center;}}@media all and (max-width: 767px){.kadence-column782_7cb557-56 > .kt-inside-inner-col{flex-direction:column;justify-content:center;}}<\/style>\n<div class=\"wp-block-kadence-column kadence-column782_7cb557-56\"><div class=\"kt-inside-inner-col\">\n<figure class=\"wp-block-gallery has-nested-images columns-default is-cropped wp-block-gallery-1 is-layout-flex wp-block-gallery-is-layout-flex\">\n<figure class=\"wp-block-image size-large\"><img loading=\"lazy\" decoding=\"async\" width=\"1024\" height=\"768\" data-id=\"1548\" src=\"https:\/\/www.tamtu.com.pl\/wp-content\/uploads\/2025\/12\/star2.jpg\" alt=\"\" class=\"wp-image-1548\" srcset=\"https:\/\/www.tamtu.com.pl\/wp-content\/uploads\/2025\/12\/star2.jpg 1024w, https:\/\/www.tamtu.com.pl\/wp-content\/uploads\/2025\/12\/star2-300x225.jpg 300w, https:\/\/www.tamtu.com.pl\/wp-content\/uploads\/2025\/12\/star2-768x576.jpg 768w\" sizes=\"auto, (max-width: 1024px) 100vw, 1024px\" \/><\/figure>\n\n\n\n<figure class=\"wp-block-image size-full\"><img loading=\"lazy\" decoding=\"async\" width=\"1024\" height=\"768\" data-id=\"1553\" src=\"https:\/\/www.tamtu.com.pl\/wp-content\/uploads\/2025\/12\/star3-1.jpg\" alt=\"\" class=\"wp-image-1553\" srcset=\"https:\/\/www.tamtu.com.pl\/wp-content\/uploads\/2025\/12\/star3-1.jpg 1024w, https:\/\/www.tamtu.com.pl\/wp-content\/uploads\/2025\/12\/star3-1-300x225.jpg 300w, https:\/\/www.tamtu.com.pl\/wp-content\/uploads\/2025\/12\/star3-1-768x576.jpg 768w\" sizes=\"auto, (max-width: 1024px) 100vw, 1024px\" \/><\/figure>\n\n\n\n<figure class=\"wp-block-image size-large\"><img loading=\"lazy\" decoding=\"async\" width=\"1024\" height=\"768\" data-id=\"1549\" src=\"https:\/\/www.tamtu.com.pl\/wp-content\/uploads\/2025\/12\/star1.jpg\" alt=\"\" class=\"wp-image-1549\" srcset=\"https:\/\/www.tamtu.com.pl\/wp-content\/uploads\/2025\/12\/star1.jpg 1024w, https:\/\/www.tamtu.com.pl\/wp-content\/uploads\/2025\/12\/star1-300x225.jpg 300w, https:\/\/www.tamtu.com.pl\/wp-content\/uploads\/2025\/12\/star1-768x576.jpg 768w\" sizes=\"auto, (max-width: 1024px) 100vw, 1024px\" \/><\/figure>\n<\/figure>\n<\/div><\/div>\n\n<\/div><\/div>\n\n<style>.kb-row-layout-id782_218db6-31 > .kt-row-column-wrap{align-content:center;}:where(.kb-row-layout-id782_218db6-31 > .kt-row-column-wrap) > .wp-block-kadence-column{justify-content:center;}.kb-row-layout-id782_218db6-31 > .kt-row-column-wrap{column-gap:var(--global-kb-gap-lg, 4rem);row-gap:var(--global-kb-gap-md, 2rem);max-width:var( --global-content-width, 1290px );padding-left:var(--global-content-edge-padding);padding-right:var(--global-content-edge-padding);padding-top:var(--global-kb-spacing-xxl, 5rem);padding-bottom:var(--global-kb-spacing-xxl, 5rem);grid-template-columns:repeat(2, minmax(0, 1fr));}.kb-row-layout-id782_218db6-31 > .kt-row-layout-overlay{opacity:0.30;}@media all and (max-width: 1024px){.kb-row-layout-id782_218db6-31 > .kt-row-column-wrap{column-gap:var(--global-kb-gap-none, 0rem );row-gap:var(--global-kb-gap-none, 0rem );grid-template-columns:minmax(0, 1fr);}}@media all and (max-width: 767px){.kb-row-layout-id782_218db6-31 > .kt-row-column-wrap{grid-template-columns:minmax(0, 1fr);}}<\/style><div class=\"kb-row-layout-wrap kb-row-layout-id782_218db6-31 alignfull has-theme-palette9-background-color kt-row-has-bg wp-block-kadence-rowlayout\"><div class=\"kt-row-column-wrap kt-has-2-columns kt-row-layout-equal kt-tab-layout-row kt-mobile-layout-row kt-row-valign-middle kb-theme-content-width\">\n<style>.kadence-column782_1d7fae-19 > .kt-inside-inner-col{display:flex;}.kadence-column782_1d7fae-19 > .kt-inside-inner-col{padding-top:0px;padding-bottom:0px;}.kadence-column782_1d7fae-19 > .kt-inside-inner-col,.kadence-column782_1d7fae-19 > .kt-inside-inner-col:before{border-top-left-radius:0px;border-top-right-radius:0px;border-bottom-right-radius:0px;border-bottom-left-radius:0px;}.kadence-column782_1d7fae-19 > .kt-inside-inner-col{column-gap:var(--global-kb-gap-sm, 1rem);}.kadence-column782_1d7fae-19 > .kt-inside-inner-col{flex-direction:column;justify-content:flex-start;}.kadence-column782_1d7fae-19 > .kt-inside-inner-col > .aligncenter{width:100%;}.kt-row-column-wrap > .kadence-column782_1d7fae-19{align-self:flex-start;}.kt-inner-column-height-full:not(.kt-has-1-columns) > .wp-block-kadence-column.kadence-column782_1d7fae-19{align-self:auto;}.kt-inner-column-height-full:not(.kt-has-1-columns) > .wp-block-kadence-column.kadence-column782_1d7fae-19 > .kt-inside-inner-col{flex-direction:column;justify-content:flex-start;}.kadence-column782_1d7fae-19 > .kt-inside-inner-col:before{opacity:0.3;}.kadence-column782_1d7fae-19{text-align:left;}.kadence-column782_1d7fae-19{position:relative;}@media all and (max-width: 1024px){.kadence-column782_1d7fae-19 > .kt-inside-inner-col{padding-top:var(--global-kb-spacing-lg, 3rem);padding-bottom:var(--global-kb-spacing-md, 2rem);flex-direction:column;justify-content:flex-start;}}@media all and (max-width: 1024px){.kt-row-column-wrap > .kadence-column782_1d7fae-19{align-self:flex-start;}}@media all and (max-width: 1024px){.kt-inner-column-height-full:not(.kt-has-1-columns) > .wp-block-kadence-column.kadence-column782_1d7fae-19{align-self:auto;}}@media all and (max-width: 1024px){.kt-inner-column-height-full:not(.kt-has-1-columns) > .wp-block-kadence-column.kadence-column782_1d7fae-19 > .kt-inside-inner-col{flex-direction:column;justify-content:flex-start;}}@media all and (max-width: 767px){.kt-row-column-wrap > .kadence-column782_1d7fae-19{align-self:flex-start;}.kt-inner-column-height-full:not(.kt-has-1-columns) > .wp-block-kadence-column.kadence-column782_1d7fae-19{align-self:auto;}.kt-inner-column-height-full:not(.kt-has-1-columns) > .wp-block-kadence-column.kadence-column782_1d7fae-19 > .kt-inside-inner-col{flex-direction:column;justify-content:flex-start;}.kadence-column782_1d7fae-19 > .kt-inside-inner-col{flex-direction:column;justify-content:flex-start;}}@media only screen and (min-width: 1025px) {n .kadence-column782_1d7fae-19 {n   align-items:flex-end;n }n}<\/style>\n<div class=\"wp-block-kadence-column kadence-column782_1d7fae-19 kb-section-dir-vertical inner-column-1\"><div class=\"kt-inside-inner-col\"><style>.wp-block-kadence-advancedheading.kt-adv-heading782_f2770b-ad, .wp-block-kadence-advancedheading.kt-adv-heading782_f2770b-ad[data-kb-block=\"kb-adv-heading782_f2770b-ad\"]{max-width:586px;font-size:var(--global-kb-font-size-lg, 2rem);line-height:1.2;font-style:normal;}.wp-block-kadence-advancedheading.kt-adv-heading782_f2770b-ad mark.kt-highlight, .wp-block-kadence-advancedheading.kt-adv-heading782_f2770b-ad[data-kb-block=\"kb-adv-heading782_f2770b-ad\"] mark.kt-highlight{font-style:normal;color:#f76a0c;-webkit-box-decoration-break:clone;box-decoration-break:clone;padding-top:0px;padding-right:0px;padding-bottom:0px;padding-left:0px;}.wp-block-kadence-advancedheading.kt-adv-heading782_f2770b-ad img.kb-inline-image, .wp-block-kadence-advancedheading.kt-adv-heading782_f2770b-ad[data-kb-block=\"kb-adv-heading782_f2770b-ad\"] img.kb-inline-image{width:150px;vertical-align:baseline;}<\/style>\n<h2 class=\"kt-adv-heading782_f2770b-ad wp-block-kadence-advancedheading has-theme-palette-3-color has-text-color\" data-kb-block=\"kb-adv-heading782_f2770b-ad\"><\/h2>\n\n\n<style>.wp-block-kadence-advancedheading.kt-adv-heading782_0e4303-7b, .wp-block-kadence-advancedheading.kt-adv-heading782_0e4303-7b[data-kb-block=\"kb-adv-heading782_0e4303-7b\"]{max-width:586px;margin-bottom:var(--global-kb-spacing-sm, 1.5rem);font-style:normal;}.wp-block-kadence-advancedheading.kt-adv-heading782_0e4303-7b mark.kt-highlight, .wp-block-kadence-advancedheading.kt-adv-heading782_0e4303-7b[data-kb-block=\"kb-adv-heading782_0e4303-7b\"] mark.kt-highlight{font-style:normal;color:#f76a0c;-webkit-box-decoration-break:clone;box-decoration-break:clone;padding-top:0px;padding-right:0px;padding-bottom:0px;padding-left:0px;}.wp-block-kadence-advancedheading.kt-adv-heading782_0e4303-7b img.kb-inline-image, .wp-block-kadence-advancedheading.kt-adv-heading782_0e4303-7b[data-kb-block=\"kb-adv-heading782_0e4303-7b\"] img.kb-inline-image{width:150px;vertical-align:baseline;}<\/style>\n<p class=\"kt-adv-heading782_0e4303-7b wp-block-kadence-advancedheading has-theme-palette-3-color has-text-color\" data-kb-block=\"kb-adv-heading782_0e4303-7b\">W tutejszym Muzeum Przyrody i Techniki mo\u017cna zobaczy\u0107 autentyczne \u015blady dinozaur\u00f3w sprzed 200 milion\u00f3w lat. Ale to nie wszystko \u2013 to w\u0142a\u015bnie tutaj narodzi\u0142a si\u0119 legenda polskiej motoryzacji: STAR. Przez dziesi\u0119ciolecia z fabryk Starachowic wyje\u017cd\u017ca\u0142y niezawodne ci\u0119\u017car\u00f3wki, kt\u00f3re przemierza\u0142y Europ\u0119 i \u015bwiat. W grze TamTu odkryjesz nie tylko przemys\u0142owe dziedzictwo, ale te\u017c lokalne ciekawostki, o kt\u00f3rych nie przeczytasz w podr\u0119czniku. Gotowy na pe\u0142n\u0105 zwrot\u00f3w akcji przygod\u0119?<br><\/p>\n\n\n<style>.wp-block-kadence-advancedbtn.kb-btns782_999363-e7{gap:var(--global-kb-gap-xs, 0.5rem );justify-content:flex-start;align-items:center;}.kt-btns782_999363-e7 .kt-button{font-weight:normal;font-style:normal;}<\/style>\n<div class=\"wp-block-kadence-advancedbtn kb-buttons-wrap kb-btns782_999363-e7\"><style>ul.menu .wp-block-kadence-advancedbtn .kb-btn782_b19e64-39.kb-button{width:initial;}.wp-block-kadence-advancedbtn .kb-btn782_b19e64-39.kb-button{border-top-left-radius:0px;border-top-right-radius:0px;border-bottom-right-radius:0px;border-bottom-left-radius:0px;border-top-color:var(--global-palette2, #2B6CB0);border-top-style:solid;border-right-color:var(--global-palette2, #2B6CB0);border-right-style:solid;border-bottom-color:var(--global-palette2, #2B6CB0);border-bottom-style:solid;border-left-color:var(--global-palette2, #2B6CB0);border-left-style:solid;}.wp-block-kadence-advancedbtn .kb-btn782_b19e64-39.kb-button:hover, .wp-block-kadence-advancedbtn .kb-btn782_b19e64-39.kb-button:focus{color:var(--global-palette9, #ffffff);background:var(--global-palette1, #3182CE);border-top-color:#444444;border-top-style:solid;border-right-color:#444444;border-right-style:solid;border-bottom-color:#444444;border-bottom-style:solid;border-left-color:#444444;border-left-style:solid;}@media all and (max-width: 1024px){.wp-block-kadence-advancedbtn .kb-btn782_b19e64-39.kb-button{border-top-color:var(--global-palette2, #2B6CB0);border-top-style:solid;border-right-color:var(--global-palette2, #2B6CB0);border-right-style:solid;border-bottom-color:var(--global-palette2, #2B6CB0);border-bottom-style:solid;border-left-color:var(--global-palette2, #2B6CB0);border-left-style:solid;}}@media all and (max-width: 1024px){.wp-block-kadence-advancedbtn .kb-btn782_b19e64-39.kb-button:hover, .wp-block-kadence-advancedbtn .kb-btn782_b19e64-39.kb-button:focus{border-top-color:#444444;border-top-style:solid;border-right-color:#444444;border-right-style:solid;border-bottom-color:#444444;border-bottom-style:solid;border-left-color:#444444;border-left-style:solid;}}@media all and (max-width: 767px){.wp-block-kadence-advancedbtn .kb-btn782_b19e64-39.kb-button{border-top-color:var(--global-palette2, #2B6CB0);border-top-style:solid;border-right-color:var(--global-palette2, #2B6CB0);border-right-style:solid;border-bottom-color:var(--global-palette2, #2B6CB0);border-bottom-style:solid;border-left-color:var(--global-palette2, #2B6CB0);border-left-style:solid;}.wp-block-kadence-advancedbtn .kb-btn782_b19e64-39.kb-button:hover, .wp-block-kadence-advancedbtn .kb-btn782_b19e64-39.kb-button:focus{border-top-color:#444444;border-top-style:solid;border-right-color:#444444;border-right-style:solid;border-bottom-color:#444444;border-bottom-style:solid;border-left-color:#444444;border-left-style:solid;}}<\/style><a class=\"kb-button kt-button button kb-btn782_b19e64-39 kt-btn-size-standard kt-btn-width-type-auto kb-btn-global-inherit  kt-btn-has-text-true kt-btn-has-svg-false  wp-block-button__link wp-block-kadence-singlebtn\" href=\"https:\/\/www.tamtu.com.pl\/index.php\/kontakt\/\"><span class=\"kt-btn-inner-text\">Porozmawiaj z nami!<\/span><\/a><\/div>\n<\/div><\/div>\n\n\n<style>.kadence-column782_b20e66-0f > .kt-inside-inner-col,.kadence-column782_b20e66-0f > .kt-inside-inner-col:before{border-top-left-radius:0px;border-top-right-radius:0px;border-bottom-right-radius:0px;border-bottom-left-radius:0px;}.kadence-column782_b20e66-0f > .kt-inside-inner-col{column-gap:0px;}.kadence-column782_b20e66-0f > .kt-inside-inner-col{flex-direction:column;}.kadence-column782_b20e66-0f > .kt-inside-inner-col > .aligncenter{width:100%;}.kadence-column782_b20e66-0f > .kt-inside-inner-col:before{opacity:0.3;}.kadence-column782_b20e66-0f{text-align:left;}.kadence-column782_b20e66-0f{position:relative;}@media all and (max-width: 1024px){.kadence-column782_b20e66-0f > .kt-inside-inner-col{padding-right:0px;flex-direction:column;justify-content:center;}}@media all and (max-width: 767px){.kadence-column782_b20e66-0f > .kt-inside-inner-col{flex-direction:column;justify-content:center;}}<\/style>\n<div class=\"wp-block-kadence-column kadence-column782_b20e66-0f kb-section-dir-vertical inner-column-2\"><div class=\"kt-inside-inner-col\"><style>.kb-image782_7073f2-6d:not(.kb-image-is-ratio-size) .kb-img, .kb-image782_7073f2-6d.kb-image-is-ratio-size{padding-top:0px;padding-bottom:0px;}.kb-image782_7073f2-6d .kb-image-has-overlay:after{opacity:0.3;}@media all and (max-width: 1024px){.kb-image782_7073f2-6d:not(.kb-image-is-ratio-size) .kb-img, .kb-image782_7073f2-6d.kb-image-is-ratio-size{padding-top:var(--global-kb-spacing-md, 2rem);padding-bottom:0px;}}<\/style>\n<figure class=\"wp-block-kadence-image kb-image782_7073f2-6d size-full kb-image-is-ratio-size\"><div class=\"kb-is-ratio-image kb-image-ratio-land43\"><img loading=\"lazy\" decoding=\"async\" width=\"1024\" height=\"768\" src=\"https:\/\/www.tamtu.com.pl\/wp-content\/uploads\/2025\/12\/star4-1.jpg\" alt=\"\" class=\"kb-img wp-image-1554\" srcset=\"https:\/\/www.tamtu.com.pl\/wp-content\/uploads\/2025\/12\/star4-1.jpg 1024w, https:\/\/www.tamtu.com.pl\/wp-content\/uploads\/2025\/12\/star4-1-300x225.jpg 300w, https:\/\/www.tamtu.com.pl\/wp-content\/uploads\/2025\/12\/star4-1-768x576.jpg 768w\" sizes=\"auto, (max-width: 1024px) 100vw, 1024px\" \/><\/div><\/figure>\n<\/div><\/div>\n\n<\/div><\/div>","protected":false},"excerpt":{"rendered":"<p>Starachowice Starachowice to miasto, kt\u00f3re zaskakuje histori\u0105 \u2013 zar\u00f3wno t\u0105 prehistoryczn\u0105, jak i ca\u0142kiem wsp\u00f3\u0142czesn\u0105. W tutejszym Muzeum Przyrody i Techniki mo\u017cna zobaczy\u0107 autentyczne \u015blady dinozaur\u00f3w sprzed 200 milion\u00f3w lat. Ale to nie wszystko \u2013 to w\u0142a\u015bnie tutaj narodzi\u0142a si\u0119 legenda polskiej motoryzacji: STAR. Przez dziesi\u0119ciolecia z fabryk Starachowic wyje\u017cd\u017ca\u0142y niezawodne ci\u0119\u017car\u00f3wki, kt\u00f3re przemierza\u0142y Europ\u0119&#8230;<\/p>\n","protected":false},"author":1,"featured_media":0,"parent":864,"menu_order":0,"comment_status":"closed","ping_status":"closed","template":"","meta":{"_eb_attr":"","_kb_optimizer_status":0,"_kadence_starter_templates_imported_post":false,"_kad_post_transparent":"","_kad_post_title":"hide","_kad_post_layout":"","_kad_post_sidebar_id":"","_kad_post_content_style":"","_kad_post_vertical_padding":"","_kad_post_feature":"","_kad_post_feature_position":"","_kad_post_header":false,"_kad_post_footer":false,"_kad_post_classname":"","footnotes":""},"class_list":["post-782","page","type-page","status-publish","hentry"],"_links":{"self":[{"href":"https:\/\/www.tamtu.com.pl\/index.php\/wp-json\/wp\/v2\/pages\/782","targetHints":{"allow":["GET"]}}],"collection":[{"href":"https:\/\/www.tamtu.com.pl\/index.php\/wp-json\/wp\/v2\/pages"}],"about":[{"href":"https:\/\/www.tamtu.com.pl\/index.php\/wp-json\/wp\/v2\/types\/page"}],"author":[{"embeddable":true,"href":"https:\/\/www.tamtu.com.pl\/index.php\/wp-json\/wp\/v2\/users\/1"}],"replies":[{"embeddable":true,"href":"https:\/\/www.tamtu.com.pl\/index.php\/wp-json\/wp\/v2\/comments?post=782"}],"version-history":[{"count":4,"href":"https:\/\/www.tamtu.com.pl\/index.php\/wp-json\/wp\/v2\/pages\/782\/revisions"}],"predecessor-version":[{"id":1555,"href":"https:\/\/www.tamtu.com.pl\/index.php\/wp-json\/wp\/v2\/pages\/782\/revisions\/1555"}],"up":[{"embeddable":true,"href":"https:\/\/www.tamtu.com.pl\/index.php\/wp-json\/wp\/v2\/pages\/864"}],"wp:attachment":[{"href":"https:\/\/www.tamtu.com.pl\/index.php\/wp-json\/wp\/v2\/media?parent=782"}],"curies":[{"name":"wp","href":"https:\/\/api.w.org\/{rel}","templated":true}]}}