{"id":786,"date":"2025-06-23T12:39:52","date_gmt":"2025-06-23T12:39:52","guid":{"rendered":"https:\/\/www.tamtu.com.pl\/?page_id=786"},"modified":"2025-07-06T14:10:48","modified_gmt":"2025-07-06T14:10:48","slug":"krakow","status":"publish","type":"page","link":"https:\/\/www.tamtu.com.pl\/index.php\/gdzie-gramy\/krakow\/","title":{"rendered":"Krak\u00f3w"},"content":{"rendered":"<style>.kb-row-layout-id786_5a5ed5-06 > .kt-row-column-wrap{align-content:start;}:where(.kb-row-layout-id786_5a5ed5-06 > .kt-row-column-wrap) > .wp-block-kadence-column{justify-content:start;}.kb-row-layout-id786_5a5ed5-06 > .kt-row-column-wrap{column-gap:var(--global-kb-gap-md, 2rem);row-gap:var(--global-kb-gap-md, 2rem);max-width:600px;margin-left:auto;margin-right:auto;padding-top:var(--global-kb-spacing-xxl, 5rem);padding-right:var(--global-kb-spacing-xs, 1rem);padding-bottom:var(--global-kb-spacing-lg, 3rem);padding-left:var(--global-kb-spacing-xs, 1rem);grid-template-columns:minmax(0, 1fr);}.kb-row-layout-id786_5a5ed5-06{background-image:url('https:\/\/www.tamtu.com.pl\/wp-content\/uploads\/2025\/07\/pexels-yetiismyname-971512-scaled.jpg');background-size:cover;background-position:center center;background-attachment:scroll;background-repeat:no-repeat;}.kb-row-layout-id786_5a5ed5-06 > .kt-row-layout-overlay{opacity:0.30;background-color:var(--global-palette3, #1A202C);}@media all and (max-width: 1024px){.kb-row-layout-id786_5a5ed5-06 > .kt-row-column-wrap{grid-template-columns:minmax(0, 1fr);}}@media all and (max-width: 767px){.kb-row-layout-id786_5a5ed5-06 > .kt-row-column-wrap{grid-template-columns:minmax(0, 1fr);}}<\/style><div class=\"kb-row-layout-wrap kb-row-layout-id786_5a5ed5-06 alignfull has-theme-palette9-background-color kt-row-has-bg wp-block-kadence-rowlayout\"><div class=\"kt-row-layout-overlay kt-row-overlay-normal\"><\/div><div class=\"kt-row-column-wrap kt-has-1-columns kt-row-layout-equal kt-tab-layout-inherit kt-mobile-layout-row kt-row-valign-top\">\n<style>.kadence-column786_66ca64-7b > .kt-inside-inner-col,.kadence-column786_66ca64-7b > .kt-inside-inner-col:before{border-top-left-radius:0px;border-top-right-radius:0px;border-bottom-right-radius:0px;border-bottom-left-radius:0px;}.kadence-column786_66ca64-7b > .kt-inside-inner-col{column-gap:var(--global-kb-gap-sm, 1rem);}.kadence-column786_66ca64-7b > .kt-inside-inner-col{flex-direction:column;}.kadence-column786_66ca64-7b > .kt-inside-inner-col > .aligncenter{width:100%;}.kadence-column786_66ca64-7b > .kt-inside-inner-col:before{opacity:0.3;}.kadence-column786_66ca64-7b{position:relative;}.kadence-column786_66ca64-7b, .kt-inside-inner-col > .kadence-column786_66ca64-7b:not(.specificity){margin-top:0px;margin-right:0px;margin-bottom:0px;margin-left:0px;}@media all and (max-width: 1024px){.kadence-column786_66ca64-7b > .kt-inside-inner-col{flex-direction:column;justify-content:center;}}@media all and (max-width: 767px){.kadence-column786_66ca64-7b > .kt-inside-inner-col{flex-direction:column;justify-content:center;}}<\/style>\n<div class=\"wp-block-kadence-column kadence-column786_66ca64-7b inner-column-1\"><div class=\"kt-inside-inner-col\"><style>.wp-block-kadence-advancedheading.kt-adv-heading786_92cc73-c2, .wp-block-kadence-advancedheading.kt-adv-heading786_92cc73-c2[data-kb-block=\"kb-adv-heading786_92cc73-c2\"]{margin-bottom:var(--global-kb-spacing-lg, 3rem);text-align:center;font-size:var(--global-kb-font-size-lg, 2rem);font-weight:normal;font-style:normal;}.wp-block-kadence-advancedheading.kt-adv-heading786_92cc73-c2 mark.kt-highlight, .wp-block-kadence-advancedheading.kt-adv-heading786_92cc73-c2[data-kb-block=\"kb-adv-heading786_92cc73-c2\"] mark.kt-highlight{font-weight:normal;font-style:normal;color:#f76a0c;-webkit-box-decoration-break:clone;box-decoration-break:clone;padding-top:0px;padding-right:0px;padding-bottom:0px;padding-left:0px;}.wp-block-kadence-advancedheading.kt-adv-heading786_92cc73-c2 img.kb-inline-image, .wp-block-kadence-advancedheading.kt-adv-heading786_92cc73-c2[data-kb-block=\"kb-adv-heading786_92cc73-c2\"] img.kb-inline-image{width:150px;vertical-align:baseline;}<\/style>\n<h2 class=\"kt-adv-heading786_92cc73-c2 wp-block-kadence-advancedheading has-theme-palette-8-color has-text-color\" data-kb-block=\"kb-adv-heading786_92cc73-c2\">Krak\u00f3w<\/h2>\n\n\n<style>.wp-block-kadence-advancedheading.kt-adv-heading786_cf7388-e2, .wp-block-kadence-advancedheading.kt-adv-heading786_cf7388-e2[data-kb-block=\"kb-adv-heading786_cf7388-e2\"]{text-align:center;font-weight:normal;font-style:normal;}.wp-block-kadence-advancedheading.kt-adv-heading786_cf7388-e2 mark.kt-highlight, .wp-block-kadence-advancedheading.kt-adv-heading786_cf7388-e2[data-kb-block=\"kb-adv-heading786_cf7388-e2\"] mark.kt-highlight{font-weight:normal;font-style:normal;color:#f76a0c;-webkit-box-decoration-break:clone;box-decoration-break:clone;padding-top:0px;padding-right:0px;padding-bottom:0px;padding-left:0px;}.wp-block-kadence-advancedheading.kt-adv-heading786_cf7388-e2 img.kb-inline-image, .wp-block-kadence-advancedheading.kt-adv-heading786_cf7388-e2[data-kb-block=\"kb-adv-heading786_cf7388-e2\"] img.kb-inline-image{width:150px;vertical-align:baseline;}<\/style>\n<p class=\"kt-adv-heading786_cf7388-e2 wp-block-kadence-advancedheading has-theme-palette-8-color has-text-color\" data-kb-block=\"kb-adv-heading786_cf7388-e2\">Krak\u00f3w to nie tylko Wawel i Sukiennice!<\/p>\n<\/div><\/div>\n\n<\/div><\/div>\n\n<style>.kb-row-layout-id786_dce03e-68 > .kt-row-column-wrap{align-content:start;}:where(.kb-row-layout-id786_dce03e-68 > .kt-row-column-wrap) > .wp-block-kadence-column{justify-content:start;}.kb-row-layout-id786_dce03e-68 > .kt-row-column-wrap{column-gap:var(--global-kb-gap-md, 2rem);row-gap:var(--global-kb-gap-md, 2rem);max-width:var( --global-content-width, 1290px );padding-left:var(--global-content-edge-padding);padding-right:var(--global-content-edge-padding);padding-top:var(--global-kb-spacing-xxl, 5rem);padding-bottom:var(--global-kb-spacing-xxl, 5rem);grid-template-columns:minmax(0, 1fr);}.kb-row-layout-id786_dce03e-68 > .kt-row-layout-overlay{opacity:0.30;}@media all and (max-width: 1024px){.kb-row-layout-id786_dce03e-68 > .kt-row-column-wrap{grid-template-columns:minmax(0, 1fr);}}@media all and (max-width: 767px){.kb-row-layout-id786_dce03e-68 > .kt-row-column-wrap{grid-template-columns:minmax(0, 1fr);}}<\/style><div class=\"kb-row-layout-wrap kb-row-layout-id786_dce03e-68 alignfull has-theme-palette9-background-color kt-row-has-bg wp-block-kadence-rowlayout\"><div class=\"kt-row-column-wrap kt-has-2-columns kt-row-layout-row kt-tab-layout-inherit kt-mobile-layout-row kt-row-valign-top kb-theme-content-width\">\n<style>.kadence-column786_ef328a-dd > .kt-inside-inner-col{padding-top:0px;padding-bottom:0px;}.kadence-column786_ef328a-dd > .kt-inside-inner-col,.kadence-column786_ef328a-dd > .kt-inside-inner-col:before{border-top-left-radius:0px;border-top-right-radius:0px;border-bottom-right-radius:0px;border-bottom-left-radius:0px;}.kadence-column786_ef328a-dd > .kt-inside-inner-col{column-gap:var(--global-kb-gap-sm, 1rem);}.kadence-column786_ef328a-dd > .kt-inside-inner-col{flex-direction:column;}.kadence-column786_ef328a-dd > .kt-inside-inner-col > .aligncenter{width:100%;}.kadence-column786_ef328a-dd > .kt-inside-inner-col:before{opacity:0.3;}.kadence-column786_ef328a-dd{position:relative;}@media all and (max-width: 1024px){.kadence-column786_ef328a-dd > .kt-inside-inner-col{flex-direction:column;justify-content:center;}}@media all and (max-width: 767px){.kadence-column786_ef328a-dd > .kt-inside-inner-col{flex-direction:column;justify-content:center;}}<\/style>\n<div class=\"wp-block-kadence-column kadence-column786_ef328a-dd\"><div class=\"kt-inside-inner-col\"><\/div><\/div>\n\n\n<style>.kadence-column786_dcef5a-3b > .kt-inside-inner-col,.kadence-column786_dcef5a-3b > .kt-inside-inner-col:before{border-top-left-radius:0px;border-top-right-radius:0px;border-bottom-right-radius:0px;border-bottom-left-radius:0px;}.kadence-column786_dcef5a-3b > .kt-inside-inner-col{column-gap:var(--global-kb-gap-sm, 1rem);}.kadence-column786_dcef5a-3b > .kt-inside-inner-col{flex-direction:column;}.kadence-column786_dcef5a-3b > .kt-inside-inner-col > .aligncenter{width:100%;}.kadence-column786_dcef5a-3b > .kt-inside-inner-col:before{opacity:0.3;}.kadence-column786_dcef5a-3b{position:relative;}@media all and (max-width: 1024px){.kadence-column786_dcef5a-3b > .kt-inside-inner-col{flex-direction:column;justify-content:center;}}@media all and (max-width: 767px){.kadence-column786_dcef5a-3b > .kt-inside-inner-col{flex-direction:column;justify-content:center;}}<\/style>\n<div class=\"wp-block-kadence-column kadence-column786_dcef5a-3b\"><div class=\"kt-inside-inner-col\"><style>.kadence-column786_b444ad-cd > .kt-inside-inner-col,.kadence-column786_b444ad-cd > .kt-inside-inner-col:before{border-top-left-radius:0px;border-top-right-radius:0px;border-bottom-right-radius:0px;border-bottom-left-radius:0px;}.kadence-column786_b444ad-cd > .kt-inside-inner-col{column-gap:var(--global-kb-gap-sm, 1rem);}.kadence-column786_b444ad-cd > .kt-inside-inner-col{flex-direction:column;}.kadence-column786_b444ad-cd > .kt-inside-inner-col > .aligncenter{width:100%;}.kadence-column786_b444ad-cd > .kt-inside-inner-col:before{opacity:0.3;}.kadence-column786_b444ad-cd{position:relative;}@media all and (max-width: 1024px){.kadence-column786_b444ad-cd > .kt-inside-inner-col{flex-direction:column;justify-content:center;}}@media all and (max-width: 767px){.kadence-column786_b444ad-cd > .kt-inside-inner-col{flex-direction:column;justify-content:center;}}<\/style>\n<div class=\"wp-block-kadence-column kadence-column786_b444ad-cd\"><div class=\"kt-inside-inner-col\">\n<figure class=\"wp-block-gallery has-nested-images columns-default is-cropped wp-block-gallery-1 is-layout-flex wp-block-gallery-is-layout-flex\">\n<figure class=\"wp-block-image size-large\"><img loading=\"lazy\" decoding=\"async\" width=\"1024\" height=\"683\" data-id=\"1082\" src=\"https:\/\/www.tamtu.com.pl\/wp-content\/uploads\/2025\/07\/pexels-pixabay-161196-1-1024x683.jpg\" alt=\"\" class=\"wp-image-1082\" srcset=\"https:\/\/www.tamtu.com.pl\/wp-content\/uploads\/2025\/07\/pexels-pixabay-161196-1-1024x683.jpg 1024w, https:\/\/www.tamtu.com.pl\/wp-content\/uploads\/2025\/07\/pexels-pixabay-161196-1-300x200.jpg 300w, https:\/\/www.tamtu.com.pl\/wp-content\/uploads\/2025\/07\/pexels-pixabay-161196-1-768x512.jpg 768w, https:\/\/www.tamtu.com.pl\/wp-content\/uploads\/2025\/07\/pexels-pixabay-161196-1-1536x1024.jpg 1536w, https:\/\/www.tamtu.com.pl\/wp-content\/uploads\/2025\/07\/pexels-pixabay-161196-1-2048x1365.jpg 2048w\" sizes=\"auto, (max-width: 1024px) 100vw, 1024px\" \/><\/figure>\n\n\n\n<figure class=\"wp-block-image size-large\"><img loading=\"lazy\" decoding=\"async\" width=\"1024\" height=\"681\" data-id=\"1083\" src=\"https:\/\/www.tamtu.com.pl\/wp-content\/uploads\/2025\/07\/pexels-caio-46273-1-1024x681.jpg\" alt=\"\" class=\"wp-image-1083\" srcset=\"https:\/\/www.tamtu.com.pl\/wp-content\/uploads\/2025\/07\/pexels-caio-46273-1-1024x681.jpg 1024w, https:\/\/www.tamtu.com.pl\/wp-content\/uploads\/2025\/07\/pexels-caio-46273-1-300x199.jpg 300w, https:\/\/www.tamtu.com.pl\/wp-content\/uploads\/2025\/07\/pexels-caio-46273-1-768x511.jpg 768w, https:\/\/www.tamtu.com.pl\/wp-content\/uploads\/2025\/07\/pexels-caio-46273-1-1536x1021.jpg 1536w, https:\/\/www.tamtu.com.pl\/wp-content\/uploads\/2025\/07\/pexels-caio-46273-1-2048x1362.jpg 2048w\" sizes=\"auto, (max-width: 1024px) 100vw, 1024px\" \/><\/figure>\n\n\n\n<figure class=\"wp-block-image size-large\"><img loading=\"lazy\" decoding=\"async\" width=\"1024\" height=\"681\" data-id=\"1084\" src=\"https:\/\/www.tamtu.com.pl\/wp-content\/uploads\/2025\/07\/pexels-caio-230875-1-1024x681.jpg\" alt=\"\" class=\"wp-image-1084\" srcset=\"https:\/\/www.tamtu.com.pl\/wp-content\/uploads\/2025\/07\/pexels-caio-230875-1-1024x681.jpg 1024w, https:\/\/www.tamtu.com.pl\/wp-content\/uploads\/2025\/07\/pexels-caio-230875-1-300x199.jpg 300w, https:\/\/www.tamtu.com.pl\/wp-content\/uploads\/2025\/07\/pexels-caio-230875-1-768x511.jpg 768w, https:\/\/www.tamtu.com.pl\/wp-content\/uploads\/2025\/07\/pexels-caio-230875-1-1536x1021.jpg 1536w, https:\/\/www.tamtu.com.pl\/wp-content\/uploads\/2025\/07\/pexels-caio-230875-1-2048x1362.jpg 2048w\" sizes=\"auto, (max-width: 1024px) 100vw, 1024px\" \/><\/figure>\n<\/figure>\n<\/div><\/div>\n<\/div><\/div>\n\n<\/div><\/div>\n\n<style>.kb-row-layout-id786_e89a9c-0a > .kt-row-column-wrap{align-content:center;}:where(.kb-row-layout-id786_e89a9c-0a > .kt-row-column-wrap) > .wp-block-kadence-column{justify-content:center;}.kb-row-layout-id786_e89a9c-0a > .kt-row-column-wrap{column-gap:var(--global-kb-gap-lg, 4rem);row-gap:var(--global-kb-gap-md, 2rem);max-width:var( --global-content-width, 1290px );padding-left:var(--global-content-edge-padding);padding-right:var(--global-content-edge-padding);padding-top:var(--global-kb-spacing-xxl, 5rem);padding-bottom:var(--global-kb-spacing-xxl, 5rem);grid-template-columns:repeat(2, minmax(0, 1fr));}.kb-row-layout-id786_e89a9c-0a > .kt-row-layout-overlay{opacity:0.30;}@media all and (max-width: 1024px){.kb-row-layout-id786_e89a9c-0a > .kt-row-column-wrap{column-gap:var(--global-kb-gap-none, 0rem );row-gap:var(--global-kb-gap-none, 0rem );grid-template-columns:minmax(0, 1fr);}}@media all and (max-width: 767px){.kb-row-layout-id786_e89a9c-0a > .kt-row-column-wrap{grid-template-columns:minmax(0, 1fr);}}<\/style><div class=\"kb-row-layout-wrap kb-row-layout-id786_e89a9c-0a alignfull has-theme-palette9-background-color kt-row-has-bg wp-block-kadence-rowlayout\"><div class=\"kt-row-column-wrap kt-has-2-columns kt-row-layout-equal kt-tab-layout-row kt-mobile-layout-row kt-row-valign-middle kb-theme-content-width\">\n<style>.kadence-column786_8fbc01-82 > .kt-inside-inner-col{display:flex;}.kadence-column786_8fbc01-82 > .kt-inside-inner-col{padding-top:0px;padding-bottom:0px;}.kadence-column786_8fbc01-82 > .kt-inside-inner-col,.kadence-column786_8fbc01-82 > .kt-inside-inner-col:before{border-top-left-radius:0px;border-top-right-radius:0px;border-bottom-right-radius:0px;border-bottom-left-radius:0px;}.kadence-column786_8fbc01-82 > .kt-inside-inner-col{column-gap:var(--global-kb-gap-sm, 1rem);}.kadence-column786_8fbc01-82 > .kt-inside-inner-col{flex-direction:column;justify-content:flex-start;}.kadence-column786_8fbc01-82 > .kt-inside-inner-col > .aligncenter{width:100%;}.kt-row-column-wrap > .kadence-column786_8fbc01-82{align-self:flex-start;}.kt-inner-column-height-full:not(.kt-has-1-columns) > .wp-block-kadence-column.kadence-column786_8fbc01-82{align-self:auto;}.kt-inner-column-height-full:not(.kt-has-1-columns) > .wp-block-kadence-column.kadence-column786_8fbc01-82 > .kt-inside-inner-col{flex-direction:column;justify-content:flex-start;}.kadence-column786_8fbc01-82 > .kt-inside-inner-col:before{opacity:0.3;}.kadence-column786_8fbc01-82{text-align:left;}.kadence-column786_8fbc01-82{position:relative;}@media all and (max-width: 1024px){.kadence-column786_8fbc01-82 > .kt-inside-inner-col{padding-top:var(--global-kb-spacing-lg, 3rem);padding-bottom:var(--global-kb-spacing-md, 2rem);flex-direction:column;justify-content:flex-start;}}@media all and (max-width: 1024px){.kt-row-column-wrap > .kadence-column786_8fbc01-82{align-self:flex-start;}}@media all and (max-width: 1024px){.kt-inner-column-height-full:not(.kt-has-1-columns) > .wp-block-kadence-column.kadence-column786_8fbc01-82{align-self:auto;}}@media all and (max-width: 1024px){.kt-inner-column-height-full:not(.kt-has-1-columns) > .wp-block-kadence-column.kadence-column786_8fbc01-82 > .kt-inside-inner-col{flex-direction:column;justify-content:flex-start;}}@media all and (max-width: 767px){.kt-row-column-wrap > .kadence-column786_8fbc01-82{align-self:flex-start;}.kt-inner-column-height-full:not(.kt-has-1-columns) > .wp-block-kadence-column.kadence-column786_8fbc01-82{align-self:auto;}.kt-inner-column-height-full:not(.kt-has-1-columns) > .wp-block-kadence-column.kadence-column786_8fbc01-82 > .kt-inside-inner-col{flex-direction:column;justify-content:flex-start;}.kadence-column786_8fbc01-82 > .kt-inside-inner-col{flex-direction:column;justify-content:flex-start;}}@media only screen and (min-width: 1025px) {n .kadence-column786_8fbc01-82 {n   align-items:flex-end;n }n}<\/style>\n<div class=\"wp-block-kadence-column kadence-column786_8fbc01-82 kb-section-dir-vertical inner-column-1\"><div class=\"kt-inside-inner-col\"><style>.wp-block-kadence-advancedheading.kt-adv-heading786_332b38-56, .wp-block-kadence-advancedheading.kt-adv-heading786_332b38-56[data-kb-block=\"kb-adv-heading786_332b38-56\"]{max-width:586px;font-size:var(--global-kb-font-size-lg, 2rem);line-height:1.2;font-style:normal;}.wp-block-kadence-advancedheading.kt-adv-heading786_332b38-56 mark.kt-highlight, .wp-block-kadence-advancedheading.kt-adv-heading786_332b38-56[data-kb-block=\"kb-adv-heading786_332b38-56\"] mark.kt-highlight{font-style:normal;color:#f76a0c;-webkit-box-decoration-break:clone;box-decoration-break:clone;padding-top:0px;padding-right:0px;padding-bottom:0px;padding-left:0px;}.wp-block-kadence-advancedheading.kt-adv-heading786_332b38-56 img.kb-inline-image, .wp-block-kadence-advancedheading.kt-adv-heading786_332b38-56[data-kb-block=\"kb-adv-heading786_332b38-56\"] img.kb-inline-image{width:150px;vertical-align:baseline;}<\/style>\n<h2 class=\"kt-adv-heading786_332b38-56 wp-block-kadence-advancedheading has-theme-palette-3-color has-text-color\" data-kb-block=\"kb-adv-heading786_332b38-56\"><\/h2>\n\n\n<style>.wp-block-kadence-advancedheading.kt-adv-heading786_6d5e1d-50, .wp-block-kadence-advancedheading.kt-adv-heading786_6d5e1d-50[data-kb-block=\"kb-adv-heading786_6d5e1d-50\"]{max-width:586px;margin-bottom:var(--global-kb-spacing-sm, 1.5rem);font-style:normal;}.wp-block-kadence-advancedheading.kt-adv-heading786_6d5e1d-50 mark.kt-highlight, .wp-block-kadence-advancedheading.kt-adv-heading786_6d5e1d-50[data-kb-block=\"kb-adv-heading786_6d5e1d-50\"] mark.kt-highlight{font-style:normal;color:#f76a0c;-webkit-box-decoration-break:clone;box-decoration-break:clone;padding-top:0px;padding-right:0px;padding-bottom:0px;padding-left:0px;}.wp-block-kadence-advancedheading.kt-adv-heading786_6d5e1d-50 img.kb-inline-image, .wp-block-kadence-advancedheading.kt-adv-heading786_6d5e1d-50[data-kb-block=\"kb-adv-heading786_6d5e1d-50\"] img.kb-inline-image{width:150px;vertical-align:baseline;}<\/style>\n<p class=\"kt-adv-heading786_6d5e1d-50 wp-block-kadence-advancedheading has-theme-palette-3-color has-text-color\" data-kb-block=\"kb-adv-heading786_6d5e1d-50\">W grze TamTu poznasz mniej znane fakty, jak ten, \u017ce krakowskie kopce pe\u0142ni\u0105 funkcj\u0119 punkt\u00f3w geodezyjnych, a podziemia Rynku kryj\u0105 \u015bredniowieczne uliczki i warsztaty. Odkryj zakamarki Kazimierza, legendarne duchy i zapomniane historie mistrz\u00f3w cechu z\u0142otnik\u00f3w. TamTu zabierze Ci\u0119 tam, gdzie nie docieraj\u0105 wycieczki z przewodnikiem!<br><\/p>\n\n\n<style>.wp-block-kadence-advancedbtn.kb-btns786_481f4b-9a{gap:var(--global-kb-gap-xs, 0.5rem );justify-content:flex-start;align-items:center;}.kt-btns786_481f4b-9a .kt-button{font-weight:normal;font-style:normal;}<\/style>\n<div class=\"wp-block-kadence-advancedbtn kb-buttons-wrap kb-btns786_481f4b-9a\"><style>ul.menu .wp-block-kadence-advancedbtn .kb-btn786_3268ee-1c.kb-button{width:initial;}.wp-block-kadence-advancedbtn .kb-btn786_3268ee-1c.kb-button{border-top-left-radius:0px;border-top-right-radius:0px;border-bottom-right-radius:0px;border-bottom-left-radius:0px;border-top-color:var(--global-palette2, #2B6CB0);border-top-style:solid;border-right-color:var(--global-palette2, #2B6CB0);border-right-style:solid;border-bottom-color:var(--global-palette2, #2B6CB0);border-bottom-style:solid;border-left-color:var(--global-palette2, #2B6CB0);border-left-style:solid;}.wp-block-kadence-advancedbtn .kb-btn786_3268ee-1c.kb-button:hover, .wp-block-kadence-advancedbtn .kb-btn786_3268ee-1c.kb-button:focus{color:var(--global-palette9, #ffffff);background:var(--global-palette1, #3182CE);border-top-color:#444444;border-top-style:solid;border-right-color:#444444;border-right-style:solid;border-bottom-color:#444444;border-bottom-style:solid;border-left-color:#444444;border-left-style:solid;}@media all and (max-width: 1024px){.wp-block-kadence-advancedbtn .kb-btn786_3268ee-1c.kb-button{border-top-color:var(--global-palette2, #2B6CB0);border-top-style:solid;border-right-color:var(--global-palette2, #2B6CB0);border-right-style:solid;border-bottom-color:var(--global-palette2, #2B6CB0);border-bottom-style:solid;border-left-color:var(--global-palette2, #2B6CB0);border-left-style:solid;}}@media all and (max-width: 1024px){.wp-block-kadence-advancedbtn .kb-btn786_3268ee-1c.kb-button:hover, .wp-block-kadence-advancedbtn .kb-btn786_3268ee-1c.kb-button:focus{border-top-color:#444444;border-top-style:solid;border-right-color:#444444;border-right-style:solid;border-bottom-color:#444444;border-bottom-style:solid;border-left-color:#444444;border-left-style:solid;}}@media all and (max-width: 767px){.wp-block-kadence-advancedbtn .kb-btn786_3268ee-1c.kb-button{border-top-color:var(--global-palette2, #2B6CB0);border-top-style:solid;border-right-color:var(--global-palette2, #2B6CB0);border-right-style:solid;border-bottom-color:var(--global-palette2, #2B6CB0);border-bottom-style:solid;border-left-color:var(--global-palette2, #2B6CB0);border-left-style:solid;}.wp-block-kadence-advancedbtn .kb-btn786_3268ee-1c.kb-button:hover, .wp-block-kadence-advancedbtn .kb-btn786_3268ee-1c.kb-button:focus{border-top-color:#444444;border-top-style:solid;border-right-color:#444444;border-right-style:solid;border-bottom-color:#444444;border-bottom-style:solid;border-left-color:#444444;border-left-style:solid;}}<\/style><a class=\"kb-button kt-button button kb-btn786_3268ee-1c kt-btn-size-standard kt-btn-width-type-auto kb-btn-global-inherit  kt-btn-has-text-true kt-btn-has-svg-false  wp-block-button__link wp-block-kadence-singlebtn\" href=\"https:\/\/www.tamtu.com.pl\/index.php\/kontakt\/\"><span class=\"kt-btn-inner-text\">Porozmawiaj z nami!<\/span><\/a><\/div>\n<\/div><\/div>\n\n\n<style>.kadence-column786_fdf692-53 > .kt-inside-inner-col,.kadence-column786_fdf692-53 > .kt-inside-inner-col:before{border-top-left-radius:0px;border-top-right-radius:0px;border-bottom-right-radius:0px;border-bottom-left-radius:0px;}.kadence-column786_fdf692-53 > .kt-inside-inner-col{column-gap:0px;}.kadence-column786_fdf692-53 > .kt-inside-inner-col{flex-direction:column;}.kadence-column786_fdf692-53 > .kt-inside-inner-col > .aligncenter{width:100%;}.kadence-column786_fdf692-53 > .kt-inside-inner-col:before{opacity:0.3;}.kadence-column786_fdf692-53{text-align:left;}.kadence-column786_fdf692-53{position:relative;}@media all and (max-width: 1024px){.kadence-column786_fdf692-53 > .kt-inside-inner-col{padding-right:0px;flex-direction:column;justify-content:center;}}@media all and (max-width: 767px){.kadence-column786_fdf692-53 > .kt-inside-inner-col{flex-direction:column;justify-content:center;}}<\/style>\n<div class=\"wp-block-kadence-column kadence-column786_fdf692-53 kb-section-dir-vertical inner-column-2\"><div class=\"kt-inside-inner-col\"><style>.kb-image786_79c44c-55:not(.kb-image-is-ratio-size) .kb-img, .kb-image786_79c44c-55.kb-image-is-ratio-size{padding-top:0px;padding-bottom:0px;}.kb-image786_79c44c-55 .kb-image-has-overlay:after{opacity:0.3;}@media all and (max-width: 1024px){.kb-image786_79c44c-55:not(.kb-image-is-ratio-size) .kb-img, .kb-image786_79c44c-55.kb-image-is-ratio-size{padding-top:var(--global-kb-spacing-md, 2rem);padding-bottom:0px;}}<\/style>\n<figure class=\"wp-block-kadence-image kb-image786_79c44c-55 size-large kb-image-is-ratio-size\"><div class=\"kb-is-ratio-image kb-image-ratio-land43\"><img loading=\"lazy\" decoding=\"async\" width=\"1024\" height=\"685\" src=\"https:\/\/www.tamtu.com.pl\/wp-content\/uploads\/2025\/07\/pexels-yetiismyname-971604-1024x685.jpg\" alt=\"\" class=\"kb-img wp-image-1072\" srcset=\"https:\/\/www.tamtu.com.pl\/wp-content\/uploads\/2025\/07\/pexels-yetiismyname-971604-1024x685.jpg 1024w, https:\/\/www.tamtu.com.pl\/wp-content\/uploads\/2025\/07\/pexels-yetiismyname-971604-300x201.jpg 300w, https:\/\/www.tamtu.com.pl\/wp-content\/uploads\/2025\/07\/pexels-yetiismyname-971604-768x514.jpg 768w, https:\/\/www.tamtu.com.pl\/wp-content\/uploads\/2025\/07\/pexels-yetiismyname-971604-1536x1028.jpg 1536w, https:\/\/www.tamtu.com.pl\/wp-content\/uploads\/2025\/07\/pexels-yetiismyname-971604-2048x1371.jpg 2048w\" sizes=\"auto, (max-width: 1024px) 100vw, 1024px\" \/><\/div><\/figure>\n<\/div><\/div>\n\n<\/div><\/div>","protected":false},"excerpt":{"rendered":"<p>Krak\u00f3w Krak\u00f3w to nie tylko Wawel i Sukiennice! W grze TamTu poznasz mniej znane fakty, jak ten, \u017ce krakowskie kopce pe\u0142ni\u0105 funkcj\u0119 punkt\u00f3w geodezyjnych, a podziemia Rynku kryj\u0105 \u015bredniowieczne uliczki i warsztaty. Odkryj zakamarki Kazimierza, legendarne duchy i zapomniane historie mistrz\u00f3w cechu z\u0142otnik\u00f3w. TamTu zabierze Ci\u0119 tam, gdzie nie docieraj\u0105 wycieczki z przewodnikiem!<\/p>\n","protected":false},"author":1,"featured_media":0,"parent":864,"menu_order":0,"comment_status":"closed","ping_status":"closed","template":"","meta":{"_eb_attr":"","_kb_optimizer_status":0,"_kadence_starter_templates_imported_post":false,"_kad_post_transparent":"","_kad_post_title":"hide","_kad_post_layout":"","_kad_post_sidebar_id":"","_kad_post_content_style":"","_kad_post_vertical_padding":"","_kad_post_feature":"","_kad_post_feature_position":"","_kad_post_header":false,"_kad_post_footer":false,"_kad_post_classname":"","footnotes":""},"class_list":["post-786","page","type-page","status-publish","hentry"],"_links":{"self":[{"href":"https:\/\/www.tamtu.com.pl\/index.php\/wp-json\/wp\/v2\/pages\/786","targetHints":{"allow":["GET"]}}],"collection":[{"href":"https:\/\/www.tamtu.com.pl\/index.php\/wp-json\/wp\/v2\/pages"}],"about":[{"href":"https:\/\/www.tamtu.com.pl\/index.php\/wp-json\/wp\/v2\/types\/page"}],"author":[{"embeddable":true,"href":"https:\/\/www.tamtu.com.pl\/index.php\/wp-json\/wp\/v2\/users\/1"}],"replies":[{"embeddable":true,"href":"https:\/\/www.tamtu.com.pl\/index.php\/wp-json\/wp\/v2\/comments?post=786"}],"version-history":[{"count":10,"href":"https:\/\/www.tamtu.com.pl\/index.php\/wp-json\/wp\/v2\/pages\/786\/revisions"}],"predecessor-version":[{"id":1127,"href":"https:\/\/www.tamtu.com.pl\/index.php\/wp-json\/wp\/v2\/pages\/786\/revisions\/1127"}],"up":[{"embeddable":true,"href":"https:\/\/www.tamtu.com.pl\/index.php\/wp-json\/wp\/v2\/pages\/864"}],"wp:attachment":[{"href":"https:\/\/www.tamtu.com.pl\/index.php\/wp-json\/wp\/v2\/media?parent=786"}],"curies":[{"name":"wp","href":"https:\/\/api.w.org\/{rel}","templated":true}]}}