{"id":845,"date":"2025-06-23T13:14:56","date_gmt":"2025-06-23T13:14:56","guid":{"rendered":"https:\/\/www.tamtu.com.pl\/?page_id=845"},"modified":"2025-07-02T09:10:52","modified_gmt":"2025-07-02T09:10:52","slug":"polityka-prywatnosci","status":"publish","type":"page","link":"https:\/\/www.tamtu.com.pl\/index.php\/polityka-prywatnosci\/","title":{"rendered":"Polityka Prywatno\u015bci"},"content":{"rendered":"<style>.wp-block-kadence-advancedheading.kt-adv-heading845_f4b7cf-d4, .wp-block-kadence-advancedheading.kt-adv-heading845_f4b7cf-d4[data-kb-block=\"kb-adv-heading845_f4b7cf-d4\"]{font-style:normal;}.wp-block-kadence-advancedheading.kt-adv-heading845_f4b7cf-d4 mark.kt-highlight, .wp-block-kadence-advancedheading.kt-adv-heading845_f4b7cf-d4[data-kb-block=\"kb-adv-heading845_f4b7cf-d4\"] mark.kt-highlight{font-style:normal;color:#f76a0c;-webkit-box-decoration-break:clone;box-decoration-break:clone;padding-top:0px;padding-right:0px;padding-bottom:0px;padding-left:0px;}.wp-block-kadence-advancedheading.kt-adv-heading845_f4b7cf-d4 img.kb-inline-image, .wp-block-kadence-advancedheading.kt-adv-heading845_f4b7cf-d4[data-kb-block=\"kb-adv-heading845_f4b7cf-d4\"] img.kb-inline-image{width:150px;vertical-align:baseline;}<\/style>\n<h4 class=\"kt-adv-heading845_f4b7cf-d4 wp-block-kadence-advancedheading\" data-kb-block=\"kb-adv-heading845_f4b7cf-d4\">Niniejsza Polityka Prywatno\u015bci okre\u015bla zasady przetwarzania danych osobowych i wykorzystywania plik\u00f3w cookies przez serwis internetowy TamTu, prowadzony przez Acora Sp. z o.o., z siedzib\u0105 w \u0141odzi, przy ul. Tramwajowej 17B\/4, 92-440 \u0141\u00f3d\u017a<\/h4>\n\n\n\n<div data-wp-interactive=\"core\/file\" class=\"wp-block-file\"><object data-wp-bind--hidden=\"!state.hasPdfPreview\" hidden class=\"wp-block-file__embed\" data=\"https:\/\/www.tamtu.com.pl\/wp-content\/uploads\/2025\/07\/politylka-prywatnosci.pdf\" type=\"application\/pdf\" style=\"width:100%;height:600px\" aria-label=\"Osadzone z politylka prywatnos\u0301ci.\"><\/object><a id=\"wp-block-file--media-40df23d5-67d1-48fd-adee-b04148968e24\" href=\"https:\/\/www.tamtu.com.pl\/wp-content\/uploads\/2025\/07\/politylka-prywatnosci.pdf\">politylka prywatnos\u0301ci<\/a><a href=\"https:\/\/www.tamtu.com.pl\/wp-content\/uploads\/2025\/07\/politylka-prywatnosci.pdf\" class=\"wp-block-file__button wp-element-button\" download aria-describedby=\"wp-block-file--media-40df23d5-67d1-48fd-adee-b04148968e24\">Pobierz<\/a><\/div>\n","protected":false},"excerpt":{"rendered":"<p>Niniejsza Polityka Prywatno\u015bci okre\u015bla zasady przetwarzania danych osobowych i wykorzystywania plik\u00f3w cookies przez serwis internetowy TamTu, prowadzony przez Acora Sp. z o.o., z siedzib\u0105 w \u0141odzi, przy ul. Tramwajowej 17B\/4, 92-440 \u0141\u00f3d\u017a<\/p>\n","protected":false},"author":1,"featured_media":0,"parent":0,"menu_order":0,"comment_status":"closed","ping_status":"closed","template":"","meta":{"_eb_attr":"","_kb_optimizer_status":0,"_kadence_starter_templates_imported_post":false,"_kad_post_transparent":"","_kad_post_title":"hide","_kad_post_layout":"","_kad_post_sidebar_id":"","_kad_post_content_style":"","_kad_post_vertical_padding":"","_kad_post_feature":"","_kad_post_feature_position":"","_kad_post_header":false,"_kad_post_footer":false,"_kad_post_classname":"","footnotes":""},"class_list":["post-845","page","type-page","status-publish","hentry"],"_links":{"self":[{"href":"https:\/\/www.tamtu.com.pl\/index.php\/wp-json\/wp\/v2\/pages\/845","targetHints":{"allow":["GET"]}}],"collection":[{"href":"https:\/\/www.tamtu.com.pl\/index.php\/wp-json\/wp\/v2\/pages"}],"about":[{"href":"https:\/\/www.tamtu.com.pl\/index.php\/wp-json\/wp\/v2\/types\/page"}],"author":[{"embeddable":true,"href":"https:\/\/www.tamtu.com.pl\/index.php\/wp-json\/wp\/v2\/users\/1"}],"replies":[{"embeddable":true,"href":"https:\/\/www.tamtu.com.pl\/index.php\/wp-json\/wp\/v2\/comments?post=845"}],"version-history":[{"count":7,"href":"https:\/\/www.tamtu.com.pl\/index.php\/wp-json\/wp\/v2\/pages\/845\/revisions"}],"predecessor-version":[{"id":946,"href":"https:\/\/www.tamtu.com.pl\/index.php\/wp-json\/wp\/v2\/pages\/845\/revisions\/946"}],"wp:attachment":[{"href":"https:\/\/www.tamtu.com.pl\/index.php\/wp-json\/wp\/v2\/media?parent=845"}],"curies":[{"name":"wp","href":"https:\/\/api.w.org\/{rel}","templated":true}]}}